{"id":784,"date":"2023-02-28T20:36:53","date_gmt":"2023-02-28T20:36:53","guid":{"rendered":"https:\/\/juanfelipecordobaart.com\/?page_id=784"},"modified":"2026-01-30T07:05:39","modified_gmt":"2026-01-30T07:05:39","slug":"bio-cv","status":"publish","type":"page","link":"https:\/\/juanfelipecordobaart.com\/index.php\/bio-cv\/","title":{"rendered":"Bio \/ CV"},"content":{"rendered":"\t\t<div data-elementor-type=\"wp-page\" data-elementor-id=\"784\" class=\"elementor elementor-784\">\n\t\t\t\t\t\t<section class=\"elementor-section elementor-top-section elementor-element elementor-element-539188b elementor-section-boxed elementor-section-height-default elementor-section-height-default\" data-id=\"539188b\" data-element_type=\"section\" data-e-type=\"section\">\n\t\t\t\t\t\t<div class=\"elementor-container elementor-column-gap-default\">\n\t\t\t\t\t<div class=\"elementor-column elementor-col-100 elementor-top-column elementor-element elementor-element-7860d26\" data-id=\"7860d26\" data-element_type=\"column\" data-e-type=\"column\">\n\t\t\t<div class=\"elementor-widget-wrap elementor-element-populated\">\n\t\t\t\t\t\t<div class=\"elementor-element elementor-element-a9ee982 elementor-widget elementor-widget-spacer\" data-id=\"a9ee982\" data-element_type=\"widget\" data-e-type=\"widget\" data-widget_type=\"spacer.default\">\n\t\t\t\t<div class=\"elementor-widget-container\">\n\t\t\t\t\t\t\t<div class=\"elementor-spacer\">\n\t\t\t<div class=\"elementor-spacer-inner\"><\/div>\n\t\t<\/div>\n\t\t\t\t\t\t<\/div>\n\t\t\t\t<\/div>\n\t\t\t\t\t<\/div>\n\t\t<\/div>\n\t\t\t\t\t<\/div>\n\t\t<\/section>\n\t\t\t\t<section class=\"elementor-section elementor-top-section elementor-element elementor-element-87ec0e3 elementor-section-boxed elementor-section-height-default elementor-section-height-default\" data-id=\"87ec0e3\" data-element_type=\"section\" data-e-type=\"section\">\n\t\t\t\t\t\t<div class=\"elementor-container elementor-column-gap-default\">\n\t\t\t\t\t<div class=\"elementor-column elementor-col-50 elementor-top-column elementor-element elementor-element-f456500\" data-id=\"f456500\" data-element_type=\"column\" data-e-type=\"column\">\n\t\t\t<div class=\"elementor-widget-wrap elementor-element-populated\">\n\t\t\t\t\t\t<div class=\"elementor-element elementor-element-b9d060d elementor-widget elementor-widget-image\" data-id=\"b9d060d\" data-element_type=\"widget\" data-e-type=\"widget\" data-widget_type=\"image.default\">\n\t\t\t\t<div class=\"elementor-widget-container\">\n\t\t\t\t\t\t\t\t\t\t\t\t\t\t\t<img fetchpriority=\"high\" decoding=\"async\" width=\"683\" height=\"1024\" src=\"https:\/\/juanfelipecordobaart.com\/wp-content\/uploads\/2023\/03\/MG_0370-10-683x1024.jpg\" class=\"attachment-large size-large wp-image-926\" alt=\"\" srcset=\"https:\/\/juanfelipecordobaart.com\/wp-content\/uploads\/2023\/03\/MG_0370-10-683x1024.jpg 683w, https:\/\/juanfelipecordobaart.com\/wp-content\/uploads\/2023\/03\/MG_0370-10-200x300.jpg 200w, https:\/\/juanfelipecordobaart.com\/wp-content\/uploads\/2023\/03\/MG_0370-10-768x1152.jpg 768w, https:\/\/juanfelipecordobaart.com\/wp-content\/uploads\/2023\/03\/MG_0370-10-1024x1536.jpg 1024w, https:\/\/juanfelipecordobaart.com\/wp-content\/uploads\/2023\/03\/MG_0370-10-1365x2048.jpg 1365w, https:\/\/juanfelipecordobaart.com\/wp-content\/uploads\/2023\/03\/MG_0370-10-600x900.jpg 600w, https:\/\/juanfelipecordobaart.com\/wp-content\/uploads\/2023\/03\/MG_0370-10-scaled.jpg 1707w\" sizes=\"(max-width: 683px) 100vw, 683px\" \/>\t\t\t\t\t\t\t\t\t\t\t\t\t\t\t<\/div>\n\t\t\t\t<\/div>\n\t\t\t\t\t<\/div>\n\t\t<\/div>\n\t\t\t\t<div class=\"elementor-column elementor-col-50 elementor-top-column elementor-element elementor-element-ebd2f5f\" data-id=\"ebd2f5f\" data-element_type=\"column\" data-e-type=\"column\">\n\t\t\t<div class=\"elementor-widget-wrap elementor-element-populated\">\n\t\t\t\t\t\t<div class=\"elementor-element elementor-element-5475aad elementor-widget elementor-widget-text-editor\" data-id=\"5475aad\" data-element_type=\"widget\" data-e-type=\"widget\" data-widget_type=\"text-editor.default\">\n\t\t\t\t<div class=\"elementor-widget-container\">\n\t\t\t\t\t\t\t\t\t<p><span style=\"font-family: arial, helvetica, sans-serif;\">Maestro en Artes Visuales con \u00e9nfasis en expresi\u00f3n gr\u00e1fica, egresado de la Pontificia Universidad Javeriana, con m\u00e1s de cinco a\u00f1os de trayectoria profesional; se destaca en el manejo de medios an\u00e1logos como digitales. Ha desarrollado un enfoque integral que abarca desde su obra art\u00edstica, hasta la ejecuci\u00f3n de proyectos comerciales enfocados en dise\u00f1o gr\u00e1fico teniendo un gran enfoque en conceptualizaci\u00f3n gr\u00e1fica y branding, proyectos de desarrollo cultural, pedag\u00f3gicos y proyectos de integraci\u00f3n social mediante las artes visuales. Ha colaborado en la organizaci\u00f3n de exposiciones y eventos art\u00edsticos como asesor y gestor de proyectos, contribuyendo a la visibilizaci\u00f3n de artistas emergentes en diversos circuitos del arte. Adem\u00e1s, posee una s\u00f3lida experiencia en la gesti\u00f3n de proyectos art\u00edsticos.<\/span><\/p><p><span style=\"font-family: arial, helvetica, sans-serif;\">Actualmente, coordina \u201cCrow Art Studio\u201d, un espacio de creaci\u00f3n, reflexi\u00f3n y exhibici\u00f3n de arte y dise\u00f1o en el distrito art\u00edstico de San Felipe, Bogot\u00e1. Su labor como asesor en proyectos art\u00edsticos ha permitido orientar a otros artistas en el desarrollo de su obra, proporcion\u00e1ndoles herramientas y estrategias para potenciar su creatividad y alcanzar sus objetivos profesionales. Adem\u00e1s, ha participado activamente en procesos de formaci\u00f3n art\u00edstica, como el MAMBO PFA (Programa de Formaci\u00f3n Art\u00edstica del MAMBO), y de manera independiente, ha colaborado con instituciones educativas, impartiendo talleres y seminarios donde comparte sus conocimientos y experiencias con estudiantes y diversos creativos. Ha demostrado un gran compromiso con la promoci\u00f3n y difusi\u00f3n del arte como medio de transformaci\u00f3n social y cultural, contribuyendo activamente al enriquecimiento del panorama art\u00edstico en Colombia.<\/span><\/p>\t\t\t\t\t\t\t\t<\/div>\n\t\t\t\t<\/div>\n\t\t\t\t\t<\/div>\n\t\t<\/div>\n\t\t\t\t\t<\/div>\n\t\t<\/section>\n\t\t\t\t<section class=\"elementor-section elementor-top-section elementor-element elementor-element-a49eb05 elementor-section-boxed elementor-section-height-default elementor-section-height-default\" data-id=\"a49eb05\" data-element_type=\"section\" data-e-type=\"section\">\n\t\t\t\t\t\t<div class=\"elementor-container elementor-column-gap-default\">\n\t\t\t\t\t<div class=\"elementor-column elementor-col-100 elementor-top-column elementor-element elementor-element-10e1600\" data-id=\"10e1600\" data-element_type=\"column\" data-e-type=\"column\">\n\t\t\t<div class=\"elementor-widget-wrap elementor-element-populated\">\n\t\t\t\t\t\t<div class=\"elementor-element elementor-element-408a366 elementor-align-right elementor-mobile-align-center elementor-invisible elementor-widget elementor-widget-button\" data-id=\"408a366\" data-element_type=\"widget\" data-e-type=\"widget\" data-settings=\"{&quot;_animation&quot;:&quot;fadeIn&quot;}\" data-widget_type=\"button.default\">\n\t\t\t\t<div class=\"elementor-widget-container\">\n\t\t\t\t\t\t\t\t\t<div class=\"elementor-button-wrapper\">\n\t\t\t\t\t<a class=\"elementor-button elementor-button-link elementor-size-sm elementor-animation-grow\" href=\"https:\/\/juanfelipecordobaart.com\/wp-content\/uploads\/2024\/07\/Juan-Felipe-Cordoba-CV.pdf\" target=\"_blank\">\n\t\t\t\t\t\t<span class=\"elementor-button-content-wrapper\">\n\t\t\t\t\t\t\t\t\t<span class=\"elementor-button-text\">C\/V DOWNLOAD<\/span>\n\t\t\t\t\t<\/span>\n\t\t\t\t\t<\/a>\n\t\t\t\t<\/div>\n\t\t\t\t\t\t\t\t<\/div>\n\t\t\t\t<\/div>\n\t\t\t\t\t<\/div>\n\t\t<\/div>\n\t\t\t\t\t<\/div>\n\t\t<\/section>\n\t\t\t\t<\/div>\n\t\t","protected":false},"excerpt":{"rendered":"<p>Maestro en Artes Visuales con \u00e9nfasis en expresi\u00f3n gr\u00e1fica, egresado de la Pontificia Universidad Javeriana, con m\u00e1s de cinco a\u00f1os de trayectoria profesional; se destaca en el manejo de medios an\u00e1logos como digitales. Ha desarrollado un enfoque integral que abarca desde su obra art\u00edstica, hasta la ejecuci\u00f3n de proyectos comerciales enfocados en dise\u00f1o gr\u00e1fico teniendo [&hellip;]<\/p>\n","protected":false},"author":1,"featured_media":0,"parent":0,"menu_order":0,"comment_status":"closed","ping_status":"closed","template":"","meta":{"footnotes":""},"class_list":["post-784","page","type-page","status-publish","hentry"],"_links":{"self":[{"href":"https:\/\/juanfelipecordobaart.com\/index.php\/wp-json\/wp\/v2\/pages\/784","targetHints":{"allow":["GET"]}}],"collection":[{"href":"https:\/\/juanfelipecordobaart.com\/index.php\/wp-json\/wp\/v2\/pages"}],"about":[{"href":"https:\/\/juanfelipecordobaart.com\/index.php\/wp-json\/wp\/v2\/types\/page"}],"author":[{"embeddable":true,"href":"https:\/\/juanfelipecordobaart.com\/index.php\/wp-json\/wp\/v2\/users\/1"}],"replies":[{"embeddable":true,"href":"https:\/\/juanfelipecordobaart.com\/index.php\/wp-json\/wp\/v2\/comments?post=784"}],"version-history":[{"count":28,"href":"https:\/\/juanfelipecordobaart.com\/index.php\/wp-json\/wp\/v2\/pages\/784\/revisions"}],"predecessor-version":[{"id":1708,"href":"https:\/\/juanfelipecordobaart.com\/index.php\/wp-json\/wp\/v2\/pages\/784\/revisions\/1708"}],"wp:attachment":[{"href":"https:\/\/juanfelipecordobaart.com\/index.php\/wp-json\/wp\/v2\/media?parent=784"}],"curies":[{"name":"wp","href":"https:\/\/api.w.org\/{rel}","templated":true}]}}