{"id":558,"date":"2023-02-28T01:16:44","date_gmt":"2023-02-28T01:16:44","guid":{"rendered":"https:\/\/juanfelipecordobaart.com\/?page_id=558"},"modified":"2023-03-03T15:22:44","modified_gmt":"2023-03-03T15:22:44","slug":"sueno-3","status":"publish","type":"page","link":"https:\/\/juanfelipecordobaart.com\/index.php\/sueno-3\/","title":{"rendered":"Sue\u00f1o 3"},"content":{"rendered":"\t\t<div data-elementor-type=\"wp-page\" data-elementor-id=\"558\" class=\"elementor elementor-558\">\n\t\t\t\t\t\t<section class=\"elementor-section elementor-top-section elementor-element elementor-element-168b02d elementor-section-boxed elementor-section-height-default elementor-section-height-default\" data-id=\"168b02d\" data-element_type=\"section\" data-e-type=\"section\">\n\t\t\t\t\t\t<div class=\"elementor-container elementor-column-gap-default\">\n\t\t\t\t\t<div class=\"elementor-column elementor-col-100 elementor-top-column elementor-element elementor-element-8aaaebd\" data-id=\"8aaaebd\" data-element_type=\"column\" data-e-type=\"column\">\n\t\t\t<div class=\"elementor-widget-wrap elementor-element-populated\">\n\t\t\t\t\t\t<div class=\"elementor-element elementor-element-b0b1d7c elementor-widget elementor-widget-spacer\" data-id=\"b0b1d7c\" data-element_type=\"widget\" data-e-type=\"widget\" data-widget_type=\"spacer.default\">\n\t\t\t\t<div class=\"elementor-widget-container\">\n\t\t\t\t\t\t\t<div class=\"elementor-spacer\">\n\t\t\t<div class=\"elementor-spacer-inner\"><\/div>\n\t\t<\/div>\n\t\t\t\t\t\t<\/div>\n\t\t\t\t<\/div>\n\t\t\t\t\t<\/div>\n\t\t<\/div>\n\t\t\t\t\t<\/div>\n\t\t<\/section>\n\t\t\t\t<section class=\"elementor-section elementor-top-section elementor-element elementor-element-101706f elementor-section-boxed elementor-section-height-default elementor-section-height-default\" data-id=\"101706f\" data-element_type=\"section\" data-e-type=\"section\">\n\t\t\t\t\t\t<div class=\"elementor-container elementor-column-gap-default\">\n\t\t\t\t\t<div class=\"elementor-column elementor-col-50 elementor-top-column elementor-element elementor-element-2392890\" data-id=\"2392890\" data-element_type=\"column\" data-e-type=\"column\">\n\t\t\t<div class=\"elementor-widget-wrap elementor-element-populated\">\n\t\t\t\t\t\t<div class=\"elementor-element elementor-element-b6c7236 elementor-widget elementor-widget-image\" data-id=\"b6c7236\" data-element_type=\"widget\" data-e-type=\"widget\" data-widget_type=\"image.default\">\n\t\t\t\t<div class=\"elementor-widget-container\">\n\t\t\t\t\t\t\t\t\t\t\t\t\t\t\t<img fetchpriority=\"high\" decoding=\"async\" width=\"717\" height=\"1024\" src=\"https:\/\/juanfelipecordobaart.com\/wp-content\/uploads\/2023\/02\/Remando-a-solas-4-copia-717x1024.jpg\" class=\"attachment-large size-large wp-image-275\" alt=\"\" srcset=\"https:\/\/juanfelipecordobaart.com\/wp-content\/uploads\/2023\/02\/Remando-a-solas-4-copia-717x1024.jpg 717w, https:\/\/juanfelipecordobaart.com\/wp-content\/uploads\/2023\/02\/Remando-a-solas-4-copia-210x300.jpg 210w, https:\/\/juanfelipecordobaart.com\/wp-content\/uploads\/2023\/02\/Remando-a-solas-4-copia-768x1096.jpg 768w, https:\/\/juanfelipecordobaart.com\/wp-content\/uploads\/2023\/02\/Remando-a-solas-4-copia-1076x1536.jpg 1076w, https:\/\/juanfelipecordobaart.com\/wp-content\/uploads\/2023\/02\/Remando-a-solas-4-copia-1435x2048.jpg 1435w, https:\/\/juanfelipecordobaart.com\/wp-content\/uploads\/2023\/02\/Remando-a-solas-4-copia-600x857.jpg 600w, https:\/\/juanfelipecordobaart.com\/wp-content\/uploads\/2023\/02\/Remando-a-solas-4-copia-scaled.jpg 1793w\" sizes=\"(max-width: 717px) 100vw, 717px\" \/>\t\t\t\t\t\t\t\t\t\t\t\t\t\t\t<\/div>\n\t\t\t\t<\/div>\n\t\t\t\t\t<\/div>\n\t\t<\/div>\n\t\t\t\t<div class=\"elementor-column elementor-col-50 elementor-top-column elementor-element elementor-element-4277d95\" data-id=\"4277d95\" data-element_type=\"column\" data-e-type=\"column\">\n\t\t\t<div class=\"elementor-widget-wrap elementor-element-populated\">\n\t\t\t\t\t\t<div class=\"elementor-element elementor-element-28ad1da elementor-widget elementor-widget-text-editor\" data-id=\"28ad1da\" data-element_type=\"widget\" data-e-type=\"widget\" data-widget_type=\"text-editor.default\">\n\t\t\t\t<div class=\"elementor-widget-container\">\n\t\t\t\t\t\t\t\t\t<p style=\"font-family: Helvetica, sans-serif;\"><span lang=\"ES-MX\">Juan Felipe C\u00f3rdoba Arturo<br><\/span><\/p>\n<p style=\"font-family: Helvetica, sans-serif;\"><span lang=\"ES-MX\"><span style=\"font-weight: bolder;\">Remando a Solas, 3<\/span>&nbsp;<\/span><\/p>\n<p style=\"font-family: Helvetica, sans-serif;\"><span style=\"color: var( --e-global-color-text ); letter-spacing: 0px; font-size: 1rem;\"><i>2021<\/i><\/span><\/p>\n<p style=\"font-family: Helvetica, sans-serif;\"><span lang=\"ES-MX\">Cat. Gr\u00e1fica<\/span><\/p>\n<p style=\"font-family: Helvetica, sans-serif;\"><span lang=\"ES-MX\">Dibujo Scratch en soporte lum\u00ednico<\/span><\/p>\n<p style=\"font-family: Helvetica, sans-serif;\"><span style=\"color: var( --e-global-color-text ); font-weight: var( --e-global-typography-text-font-weight ); font-size: 1rem;\">H:54.5 x W:39.5 Cm \/ H:21.45 x W:15.5 In<\/span><\/p>\n<p style=\"font-family: Helvetica, sans-serif;\"><span style=\"color: var( --e-global-color-text ); font-size: 1rem;\">Contemporary style3<\/span><\/p>\t\t\t\t\t\t\t\t<\/div>\n\t\t\t\t<\/div>\n\t\t\t\t\t<\/div>\n\t\t<\/div>\n\t\t\t\t\t<\/div>\n\t\t<\/section>\n\t\t\t\t<\/div>\n\t\t","protected":false},"excerpt":{"rendered":"<p>Juan Felipe C\u00f3rdoba Arturo Remando a Solas, 3&nbsp; 2021 Cat. Gr\u00e1fica Dibujo Scratch en soporte lum\u00ednico H:54.5 x W:39.5 Cm \/ H:21.45 x W:15.5 In Contemporary style3<\/p>\n","protected":false},"author":1,"featured_media":0,"parent":0,"menu_order":0,"comment_status":"closed","ping_status":"closed","template":"","meta":{"footnotes":""},"class_list":["post-558","page","type-page","status-publish","hentry"],"_links":{"self":[{"href":"https:\/\/juanfelipecordobaart.com\/index.php\/wp-json\/wp\/v2\/pages\/558","targetHints":{"allow":["GET"]}}],"collection":[{"href":"https:\/\/juanfelipecordobaart.com\/index.php\/wp-json\/wp\/v2\/pages"}],"about":[{"href":"https:\/\/juanfelipecordobaart.com\/index.php\/wp-json\/wp\/v2\/types\/page"}],"author":[{"embeddable":true,"href":"https:\/\/juanfelipecordobaart.com\/index.php\/wp-json\/wp\/v2\/users\/1"}],"replies":[{"embeddable":true,"href":"https:\/\/juanfelipecordobaart.com\/index.php\/wp-json\/wp\/v2\/comments?post=558"}],"version-history":[{"count":10,"href":"https:\/\/juanfelipecordobaart.com\/index.php\/wp-json\/wp\/v2\/pages\/558\/revisions"}],"predecessor-version":[{"id":973,"href":"https:\/\/juanfelipecordobaart.com\/index.php\/wp-json\/wp\/v2\/pages\/558\/revisions\/973"}],"wp:attachment":[{"href":"https:\/\/juanfelipecordobaart.com\/index.php\/wp-json\/wp\/v2\/media?parent=558"}],"curies":[{"name":"wp","href":"https:\/\/api.w.org\/{rel}","templated":true}]}}