{"id":549,"date":"2023-02-28T01:14:25","date_gmt":"2023-02-28T01:14:25","guid":{"rendered":"https:\/\/juanfelipecordobaart.com\/?page_id=549"},"modified":"2023-03-03T15:21:51","modified_gmt":"2023-03-03T15:21:51","slug":"sueno-2","status":"publish","type":"page","link":"https:\/\/juanfelipecordobaart.com\/index.php\/sueno-2\/","title":{"rendered":"Sue\u00f1o 2"},"content":{"rendered":"\t\t<div data-elementor-type=\"wp-page\" data-elementor-id=\"549\" class=\"elementor elementor-549\">\n\t\t\t\t\t\t<section class=\"elementor-section elementor-top-section elementor-element elementor-element-9eb9628 elementor-section-boxed elementor-section-height-default elementor-section-height-default\" data-id=\"9eb9628\" data-element_type=\"section\" data-e-type=\"section\">\n\t\t\t\t\t\t<div class=\"elementor-container elementor-column-gap-default\">\n\t\t\t\t\t<div class=\"elementor-column elementor-col-100 elementor-top-column elementor-element elementor-element-5e2cf3d\" data-id=\"5e2cf3d\" data-element_type=\"column\" data-e-type=\"column\">\n\t\t\t<div class=\"elementor-widget-wrap elementor-element-populated\">\n\t\t\t\t\t\t<div class=\"elementor-element elementor-element-3853d21 elementor-widget elementor-widget-spacer\" data-id=\"3853d21\" data-element_type=\"widget\" data-e-type=\"widget\" data-widget_type=\"spacer.default\">\n\t\t\t\t<div class=\"elementor-widget-container\">\n\t\t\t\t\t\t\t<div class=\"elementor-spacer\">\n\t\t\t<div class=\"elementor-spacer-inner\"><\/div>\n\t\t<\/div>\n\t\t\t\t\t\t<\/div>\n\t\t\t\t<\/div>\n\t\t\t\t\t<\/div>\n\t\t<\/div>\n\t\t\t\t\t<\/div>\n\t\t<\/section>\n\t\t\t\t<section class=\"elementor-section elementor-top-section elementor-element elementor-element-4a4fca3 elementor-section-boxed elementor-section-height-default elementor-section-height-default\" data-id=\"4a4fca3\" data-element_type=\"section\" data-e-type=\"section\">\n\t\t\t\t\t\t<div class=\"elementor-container elementor-column-gap-default\">\n\t\t\t\t\t<div class=\"elementor-column elementor-col-50 elementor-top-column elementor-element elementor-element-a4b2dfa\" data-id=\"a4b2dfa\" data-element_type=\"column\" data-e-type=\"column\">\n\t\t\t<div class=\"elementor-widget-wrap elementor-element-populated\">\n\t\t\t\t\t\t<div class=\"elementor-element elementor-element-4f711b3 elementor-widget elementor-widget-image\" data-id=\"4f711b3\" data-element_type=\"widget\" data-e-type=\"widget\" data-widget_type=\"image.default\">\n\t\t\t\t<div class=\"elementor-widget-container\">\n\t\t\t\t\t\t\t\t\t\t\t\t\t\t\t<img fetchpriority=\"high\" decoding=\"async\" width=\"710\" height=\"1024\" src=\"https:\/\/juanfelipecordobaart.com\/wp-content\/uploads\/2023\/02\/Remando-a-solas-5-copia-710x1024.jpg\" class=\"attachment-large size-large wp-image-276\" alt=\"\" srcset=\"https:\/\/juanfelipecordobaart.com\/wp-content\/uploads\/2023\/02\/Remando-a-solas-5-copia-710x1024.jpg 710w, https:\/\/juanfelipecordobaart.com\/wp-content\/uploads\/2023\/02\/Remando-a-solas-5-copia-208x300.jpg 208w, https:\/\/juanfelipecordobaart.com\/wp-content\/uploads\/2023\/02\/Remando-a-solas-5-copia-768x1107.jpg 768w, https:\/\/juanfelipecordobaart.com\/wp-content\/uploads\/2023\/02\/Remando-a-solas-5-copia-1065x1536.jpg 1065w, https:\/\/juanfelipecordobaart.com\/wp-content\/uploads\/2023\/02\/Remando-a-solas-5-copia-1421x2048.jpg 1421w, https:\/\/juanfelipecordobaart.com\/wp-content\/uploads\/2023\/02\/Remando-a-solas-5-copia-600x865.jpg 600w, https:\/\/juanfelipecordobaart.com\/wp-content\/uploads\/2023\/02\/Remando-a-solas-5-copia-scaled.jpg 1776w\" sizes=\"(max-width: 710px) 100vw, 710px\" \/>\t\t\t\t\t\t\t\t\t\t\t\t\t\t\t<\/div>\n\t\t\t\t<\/div>\n\t\t\t\t\t<\/div>\n\t\t<\/div>\n\t\t\t\t<div class=\"elementor-column elementor-col-50 elementor-top-column elementor-element elementor-element-37a2c3b\" data-id=\"37a2c3b\" data-element_type=\"column\" data-e-type=\"column\">\n\t\t\t<div class=\"elementor-widget-wrap elementor-element-populated\">\n\t\t\t\t\t\t<div class=\"elementor-element elementor-element-fdac59f elementor-widget elementor-widget-text-editor\" data-id=\"fdac59f\" data-element_type=\"widget\" data-e-type=\"widget\" data-widget_type=\"text-editor.default\">\n\t\t\t\t<div class=\"elementor-widget-container\">\n\t\t\t\t\t\t\t\t\t<p style=\"font-family: Helvetica, sans-serif;\"><span lang=\"ES-MX\">Juan Felipe C\u00f3rdoba Arturo<br><\/span><\/p>\n<p style=\"font-family: Helvetica, sans-serif;\"><span lang=\"ES-MX\"><span style=\"font-weight: bolder;\">Remando a Solas, 2<\/span>&nbsp;<\/span><\/p>\n<p style=\"font-family: Helvetica, sans-serif;\"><span style=\"color: var( --e-global-color-text ); letter-spacing: 0px; font-size: 1rem;\"><i>2021<\/i><\/span><\/p>\n<p style=\"font-family: Helvetica, sans-serif;\"><span lang=\"ES-MX\">Cat. Gr\u00e1fica<\/span><\/p>\n<p style=\"font-family: Helvetica, sans-serif;\"><span lang=\"ES-MX\">Dibujo Scratch en soporte lum\u00ednico<\/span><\/p>\n<p style=\"font-family: Helvetica, sans-serif;\"><span style=\"color: var( --e-global-color-text ); font-weight: var( --e-global-typography-text-font-weight ); font-size: 1rem;\">H:54.5 x W:39.5 Cm \/ H:21.45 x W:15.5 In<\/span><\/p>\n<p style=\"font-family: Helvetica, sans-serif;\">\n<\/p><p style=\"font-family: Helvetica, sans-serif;\"><span lang=\"ES-MX\">Contemporary style<\/span><\/p>\t\t\t\t\t\t\t\t<\/div>\n\t\t\t\t<\/div>\n\t\t\t\t\t<\/div>\n\t\t<\/div>\n\t\t\t\t\t<\/div>\n\t\t<\/section>\n\t\t\t\t<\/div>\n\t\t","protected":false},"excerpt":{"rendered":"<p>Juan Felipe C\u00f3rdoba Arturo Remando a Solas, 2&nbsp; 2021 Cat. Gr\u00e1fica Dibujo Scratch en soporte lum\u00ednico H:54.5 x W:39.5 Cm \/ H:21.45 x W:15.5 In Contemporary style<\/p>\n","protected":false},"author":1,"featured_media":0,"parent":0,"menu_order":0,"comment_status":"closed","ping_status":"closed","template":"","meta":{"footnotes":""},"class_list":["post-549","page","type-page","status-publish","hentry"],"_links":{"self":[{"href":"https:\/\/juanfelipecordobaart.com\/index.php\/wp-json\/wp\/v2\/pages\/549","targetHints":{"allow":["GET"]}}],"collection":[{"href":"https:\/\/juanfelipecordobaart.com\/index.php\/wp-json\/wp\/v2\/pages"}],"about":[{"href":"https:\/\/juanfelipecordobaart.com\/index.php\/wp-json\/wp\/v2\/types\/page"}],"author":[{"embeddable":true,"href":"https:\/\/juanfelipecordobaart.com\/index.php\/wp-json\/wp\/v2\/users\/1"}],"replies":[{"embeddable":true,"href":"https:\/\/juanfelipecordobaart.com\/index.php\/wp-json\/wp\/v2\/comments?post=549"}],"version-history":[{"count":11,"href":"https:\/\/juanfelipecordobaart.com\/index.php\/wp-json\/wp\/v2\/pages\/549\/revisions"}],"predecessor-version":[{"id":970,"href":"https:\/\/juanfelipecordobaart.com\/index.php\/wp-json\/wp\/v2\/pages\/549\/revisions\/970"}],"wp:attachment":[{"href":"https:\/\/juanfelipecordobaart.com\/index.php\/wp-json\/wp\/v2\/media?parent=549"}],"curies":[{"name":"wp","href":"https:\/\/api.w.org\/{rel}","templated":true}]}}