{"id":526,"date":"2023-02-27T23:55:22","date_gmt":"2023-02-27T23:55:22","guid":{"rendered":"https:\/\/juanfelipecordobaart.com\/?page_id=526"},"modified":"2023-03-01T00:29:13","modified_gmt":"2023-03-01T00:29:13","slug":"cardi-b","status":"publish","type":"page","link":"https:\/\/juanfelipecordobaart.com\/index.php\/cardi-b\/","title":{"rendered":"Cardi B"},"content":{"rendered":"\t\t<div data-elementor-type=\"wp-page\" data-elementor-id=\"526\" class=\"elementor elementor-526\">\n\t\t\t\t\t\t<section class=\"elementor-section elementor-top-section elementor-element elementor-element-6cfba37 elementor-section-boxed elementor-section-height-default elementor-section-height-default\" data-id=\"6cfba37\" data-element_type=\"section\" data-e-type=\"section\">\n\t\t\t\t\t\t<div class=\"elementor-container elementor-column-gap-default\">\n\t\t\t\t\t<div class=\"elementor-column elementor-col-100 elementor-top-column elementor-element elementor-element-61be8b6\" data-id=\"61be8b6\" data-element_type=\"column\" data-e-type=\"column\">\n\t\t\t<div class=\"elementor-widget-wrap elementor-element-populated\">\n\t\t\t\t\t\t<div class=\"elementor-element elementor-element-88ba4a8 elementor-widget elementor-widget-spacer\" data-id=\"88ba4a8\" data-element_type=\"widget\" data-e-type=\"widget\" data-widget_type=\"spacer.default\">\n\t\t\t\t<div class=\"elementor-widget-container\">\n\t\t\t\t\t\t\t<div class=\"elementor-spacer\">\n\t\t\t<div class=\"elementor-spacer-inner\"><\/div>\n\t\t<\/div>\n\t\t\t\t\t\t<\/div>\n\t\t\t\t<\/div>\n\t\t\t\t\t<\/div>\n\t\t<\/div>\n\t\t\t\t\t<\/div>\n\t\t<\/section>\n\t\t\t\t<section class=\"elementor-section elementor-top-section elementor-element elementor-element-bfa5eb3 elementor-section-boxed elementor-section-height-default elementor-section-height-default\" data-id=\"bfa5eb3\" data-element_type=\"section\" data-e-type=\"section\">\n\t\t\t\t\t\t<div class=\"elementor-container elementor-column-gap-default\">\n\t\t\t\t\t<div class=\"elementor-column elementor-col-50 elementor-top-column elementor-element elementor-element-64b214a\" data-id=\"64b214a\" data-element_type=\"column\" data-e-type=\"column\">\n\t\t\t<div class=\"elementor-widget-wrap elementor-element-populated\">\n\t\t\t\t\t\t<div class=\"elementor-element elementor-element-ed1bea8 elementor-widget elementor-widget-image\" data-id=\"ed1bea8\" data-element_type=\"widget\" data-e-type=\"widget\" data-widget_type=\"image.default\">\n\t\t\t\t<div class=\"elementor-widget-container\">\n\t\t\t\t\t\t\t\t\t\t\t\t\t\t\t<img fetchpriority=\"high\" decoding=\"async\" width=\"768\" height=\"1024\" src=\"https:\/\/juanfelipecordobaart.com\/wp-content\/uploads\/2023\/02\/Cardi-copia-768x1024.jpg\" class=\"attachment-large size-large wp-image-294\" alt=\"\" srcset=\"https:\/\/juanfelipecordobaart.com\/wp-content\/uploads\/2023\/02\/Cardi-copia-768x1024.jpg 768w, https:\/\/juanfelipecordobaart.com\/wp-content\/uploads\/2023\/02\/Cardi-copia-225x300.jpg 225w, https:\/\/juanfelipecordobaart.com\/wp-content\/uploads\/2023\/02\/Cardi-copia-1152x1536.jpg 1152w, https:\/\/juanfelipecordobaart.com\/wp-content\/uploads\/2023\/02\/Cardi-copia-1536x2048.jpg 1536w, https:\/\/juanfelipecordobaart.com\/wp-content\/uploads\/2023\/02\/Cardi-copia-600x800.jpg 600w, https:\/\/juanfelipecordobaart.com\/wp-content\/uploads\/2023\/02\/Cardi-copia-scaled.jpg 1920w\" sizes=\"(max-width: 768px) 100vw, 768px\" \/>\t\t\t\t\t\t\t\t\t\t\t\t\t\t\t<\/div>\n\t\t\t\t<\/div>\n\t\t\t\t\t<\/div>\n\t\t<\/div>\n\t\t\t\t<div class=\"elementor-column elementor-col-50 elementor-top-column elementor-element elementor-element-2cc06f6\" data-id=\"2cc06f6\" data-element_type=\"column\" data-e-type=\"column\">\n\t\t\t<div class=\"elementor-widget-wrap elementor-element-populated\">\n\t\t\t\t\t\t<div class=\"elementor-element elementor-element-8ba0d26 elementor-widget elementor-widget-text-editor\" data-id=\"8ba0d26\" data-element_type=\"widget\" data-e-type=\"widget\" data-widget_type=\"text-editor.default\">\n\t\t\t\t<div class=\"elementor-widget-container\">\n\t\t\t\t\t\t\t\t\t<p style=\"font-family: Helvetica, sans-serif;\"><span lang=\"ES-MX\">Juan Felipe C\u00f3rdoba Arturo<\/span><\/p><p style=\"font-family: Helvetica, sans-serif;\"><span lang=\"ES-MX\"><span style=\"font-weight: bold;\">Identidades Postproducidas, Cardi. B.<\/span><\/span><\/p><p style=\"font-family: Helvetica, sans-serif;\"><span lang=\"ES-MX\"><i>2021<\/i><\/span><\/p><p style=\"font-family: Helvetica, sans-serif;\"><span lang=\"ES-MX\">Cat. Gr\u00e1fica<\/span><\/p><p style=\"font-family: Helvetica, sans-serif;\"><span lang=\"ES-MX\">Dibujo Scratch en soporte lum\u00ednico<\/span><\/p><p style=\"font-family: Helvetica, sans-serif;\"><span lang=\"ES-MX\">Pentalog\u00eda<\/span><\/p><p style=\"font-family: Helvetica, sans-serif;\"><span lang=\"ES-MX\">H: 34 x W: 27 Cm \/ H:13.5 x W: 10.5 In<\/span><\/p><p style=\"font-family: Helvetica, sans-serif;\">\u00a0<\/p><p style=\"font-family: Helvetica, sans-serif;\"><span lang=\"ES-MX\">Contemporary style<\/span><\/p>\t\t\t\t\t\t\t\t<\/div>\n\t\t\t\t<\/div>\n\t\t\t\t\t<\/div>\n\t\t<\/div>\n\t\t\t\t\t<\/div>\n\t\t<\/section>\n\t\t\t\t<\/div>\n\t\t","protected":false},"excerpt":{"rendered":"<p>Juan Felipe C\u00f3rdoba Arturo Identidades Postproducidas, Cardi. B. 2021 Cat. Gr\u00e1fica Dibujo Scratch en soporte lum\u00ednico Pentalog\u00eda H: 34 x W: 27 Cm \/ H:13.5 x W: 10.5 In \u00a0 Contemporary style<\/p>\n","protected":false},"author":1,"featured_media":0,"parent":0,"menu_order":0,"comment_status":"closed","ping_status":"closed","template":"","meta":{"footnotes":""},"class_list":["post-526","page","type-page","status-publish","hentry"],"_links":{"self":[{"href":"https:\/\/juanfelipecordobaart.com\/index.php\/wp-json\/wp\/v2\/pages\/526","targetHints":{"allow":["GET"]}}],"collection":[{"href":"https:\/\/juanfelipecordobaart.com\/index.php\/wp-json\/wp\/v2\/pages"}],"about":[{"href":"https:\/\/juanfelipecordobaart.com\/index.php\/wp-json\/wp\/v2\/types\/page"}],"author":[{"embeddable":true,"href":"https:\/\/juanfelipecordobaart.com\/index.php\/wp-json\/wp\/v2\/users\/1"}],"replies":[{"embeddable":true,"href":"https:\/\/juanfelipecordobaart.com\/index.php\/wp-json\/wp\/v2\/comments?post=526"}],"version-history":[{"count":7,"href":"https:\/\/juanfelipecordobaart.com\/index.php\/wp-json\/wp\/v2\/pages\/526\/revisions"}],"predecessor-version":[{"id":888,"href":"https:\/\/juanfelipecordobaart.com\/index.php\/wp-json\/wp\/v2\/pages\/526\/revisions\/888"}],"wp:attachment":[{"href":"https:\/\/juanfelipecordobaart.com\/index.php\/wp-json\/wp\/v2\/media?parent=526"}],"curies":[{"name":"wp","href":"https:\/\/api.w.org\/{rel}","templated":true}]}}