{"id":502,"date":"2023-02-27T23:48:38","date_gmt":"2023-02-27T23:48:38","guid":{"rendered":"https:\/\/juanfelipecordobaart.com\/?page_id=502"},"modified":"2023-03-01T00:22:53","modified_gmt":"2023-03-01T00:22:53","slug":"slick-r","status":"publish","type":"page","link":"https:\/\/juanfelipecordobaart.com\/index.php\/slick-r\/","title":{"rendered":"Slick R"},"content":{"rendered":"\t\t<div data-elementor-type=\"wp-page\" data-elementor-id=\"502\" class=\"elementor elementor-502\">\n\t\t\t\t\t\t<section class=\"elementor-section elementor-top-section elementor-element elementor-element-fd5542e elementor-section-boxed elementor-section-height-default elementor-section-height-default\" data-id=\"fd5542e\" data-element_type=\"section\" data-e-type=\"section\">\n\t\t\t\t\t\t<div class=\"elementor-container elementor-column-gap-default\">\n\t\t\t\t\t<div class=\"elementor-column elementor-col-100 elementor-top-column elementor-element elementor-element-417bf76\" data-id=\"417bf76\" data-element_type=\"column\" data-e-type=\"column\">\n\t\t\t<div class=\"elementor-widget-wrap elementor-element-populated\">\n\t\t\t\t\t\t<div class=\"elementor-element elementor-element-ff311b4 elementor-widget elementor-widget-spacer\" data-id=\"ff311b4\" data-element_type=\"widget\" data-e-type=\"widget\" data-widget_type=\"spacer.default\">\n\t\t\t\t<div class=\"elementor-widget-container\">\n\t\t\t\t\t\t\t<div class=\"elementor-spacer\">\n\t\t\t<div class=\"elementor-spacer-inner\"><\/div>\n\t\t<\/div>\n\t\t\t\t\t\t<\/div>\n\t\t\t\t<\/div>\n\t\t\t\t\t<\/div>\n\t\t<\/div>\n\t\t\t\t\t<\/div>\n\t\t<\/section>\n\t\t\t\t<section class=\"elementor-section elementor-top-section elementor-element elementor-element-428b7d4 elementor-section-boxed elementor-section-height-default elementor-section-height-default\" data-id=\"428b7d4\" data-element_type=\"section\" data-e-type=\"section\">\n\t\t\t\t\t\t<div class=\"elementor-container elementor-column-gap-default\">\n\t\t\t\t\t<div class=\"elementor-column elementor-col-50 elementor-top-column elementor-element elementor-element-dd5470c\" data-id=\"dd5470c\" data-element_type=\"column\" data-e-type=\"column\">\n\t\t\t<div class=\"elementor-widget-wrap elementor-element-populated\">\n\t\t\t\t\t\t<div class=\"elementor-element elementor-element-d608bb4 elementor-widget elementor-widget-image\" data-id=\"d608bb4\" data-element_type=\"widget\" data-e-type=\"widget\" data-widget_type=\"image.default\">\n\t\t\t\t<div class=\"elementor-widget-container\">\n\t\t\t\t\t\t\t\t\t\t\t\t\t\t\t<img fetchpriority=\"high\" decoding=\"async\" width=\"768\" height=\"1024\" src=\"https:\/\/juanfelipecordobaart.com\/wp-content\/uploads\/2023\/02\/IMG_5029-768x1024.jpg\" class=\"attachment-large size-large wp-image-295\" alt=\"\" srcset=\"https:\/\/juanfelipecordobaart.com\/wp-content\/uploads\/2023\/02\/IMG_5029-768x1024.jpg 768w, https:\/\/juanfelipecordobaart.com\/wp-content\/uploads\/2023\/02\/IMG_5029-225x300.jpg 225w, https:\/\/juanfelipecordobaart.com\/wp-content\/uploads\/2023\/02\/IMG_5029-1152x1536.jpg 1152w, https:\/\/juanfelipecordobaart.com\/wp-content\/uploads\/2023\/02\/IMG_5029-1536x2048.jpg 1536w, https:\/\/juanfelipecordobaart.com\/wp-content\/uploads\/2023\/02\/IMG_5029-600x800.jpg 600w, https:\/\/juanfelipecordobaart.com\/wp-content\/uploads\/2023\/02\/IMG_5029-scaled.jpg 1920w\" sizes=\"(max-width: 768px) 100vw, 768px\" \/>\t\t\t\t\t\t\t\t\t\t\t\t\t\t\t<\/div>\n\t\t\t\t<\/div>\n\t\t\t\t\t<\/div>\n\t\t<\/div>\n\t\t\t\t<div class=\"elementor-column elementor-col-50 elementor-top-column elementor-element elementor-element-9343839\" data-id=\"9343839\" data-element_type=\"column\" data-e-type=\"column\">\n\t\t\t<div class=\"elementor-widget-wrap elementor-element-populated\">\n\t\t\t\t\t\t<div class=\"elementor-element elementor-element-06c6fa7 elementor-widget elementor-widget-text-editor\" data-id=\"06c6fa7\" data-element_type=\"widget\" data-e-type=\"widget\" data-widget_type=\"text-editor.default\">\n\t\t\t\t<div class=\"elementor-widget-container\">\n\t\t\t\t\t\t\t\t\t<p class=\"MsoNormal\"><span lang=\"ES-MX\">Juan Felipe C\u00f3rdoba Arturo<\/span><\/p>\n<p class=\"MsoNormal\"><span lang=\"ES-MX\"><b>Identidades Postproducidas,Slick .R.<\/b><\/span><\/p>\n<p class=\"MsoNormal\"><span lang=\"ES-MX\"><i>2021<\/i><\/span><\/p>\n<p class=\"MsoNormal\"><span lang=\"ES-MX\">Cat. Gr\u00e1fica<\/span><\/p>\n<p class=\"MsoNormal\"><span lang=\"ES-MX\">Dibujo Scratch en soporte lum\u00ednico<\/span><\/p>\n<p class=\"MsoNormal\"><span lang=\"ES-MX\">Pentalog\u00eda<\/span><\/p>\n<p class=\"MsoNormal\"><span lang=\"ES-MX\">H: 34 x W: 27 Cm \/ H:13.5 x W: 10.5 In<\/span><\/p>\n<p><\/p>\n<p class=\"MsoNormal\"><span lang=\"ES-MX\">Contemporary style<\/span><\/p>\t\t\t\t\t\t\t\t<\/div>\n\t\t\t\t<\/div>\n\t\t\t\t\t<\/div>\n\t\t<\/div>\n\t\t\t\t\t<\/div>\n\t\t<\/section>\n\t\t\t\t<\/div>\n\t\t","protected":false},"excerpt":{"rendered":"<p>Juan Felipe C\u00f3rdoba Arturo Identidades Postproducidas,Slick .R. 2021 Cat. Gr\u00e1fica Dibujo Scratch en soporte lum\u00ednico Pentalog\u00eda H: 34 x W: 27 Cm \/ H:13.5 x W: 10.5 In Contemporary style<\/p>\n","protected":false},"author":1,"featured_media":0,"parent":0,"menu_order":0,"comment_status":"closed","ping_status":"closed","template":"","meta":{"footnotes":""},"class_list":["post-502","page","type-page","status-publish","hentry"],"_links":{"self":[{"href":"https:\/\/juanfelipecordobaart.com\/index.php\/wp-json\/wp\/v2\/pages\/502","targetHints":{"allow":["GET"]}}],"collection":[{"href":"https:\/\/juanfelipecordobaart.com\/index.php\/wp-json\/wp\/v2\/pages"}],"about":[{"href":"https:\/\/juanfelipecordobaart.com\/index.php\/wp-json\/wp\/v2\/types\/page"}],"author":[{"embeddable":true,"href":"https:\/\/juanfelipecordobaart.com\/index.php\/wp-json\/wp\/v2\/users\/1"}],"replies":[{"embeddable":true,"href":"https:\/\/juanfelipecordobaart.com\/index.php\/wp-json\/wp\/v2\/comments?post=502"}],"version-history":[{"count":10,"href":"https:\/\/juanfelipecordobaart.com\/index.php\/wp-json\/wp\/v2\/pages\/502\/revisions"}],"predecessor-version":[{"id":876,"href":"https:\/\/juanfelipecordobaart.com\/index.php\/wp-json\/wp\/v2\/pages\/502\/revisions\/876"}],"wp:attachment":[{"href":"https:\/\/juanfelipecordobaart.com\/index.php\/wp-json\/wp\/v2\/media?parent=502"}],"curies":[{"name":"wp","href":"https:\/\/api.w.org\/{rel}","templated":true}]}}