{"id":491,"date":"2023-02-27T23:46:06","date_gmt":"2023-02-27T23:46:06","guid":{"rendered":"https:\/\/juanfelipecordobaart.com\/?page_id=491"},"modified":"2023-03-01T00:20:16","modified_gmt":"2023-03-01T00:20:16","slug":"lady-g","status":"publish","type":"page","link":"https:\/\/juanfelipecordobaart.com\/index.php\/lady-g\/","title":{"rendered":"Lady G"},"content":{"rendered":"\t\t<div data-elementor-type=\"wp-page\" data-elementor-id=\"491\" class=\"elementor elementor-491\">\n\t\t\t\t\t\t<section class=\"elementor-section elementor-top-section elementor-element elementor-element-1a5668a elementor-section-boxed elementor-section-height-default elementor-section-height-default\" data-id=\"1a5668a\" data-element_type=\"section\" data-e-type=\"section\">\n\t\t\t\t\t\t<div class=\"elementor-container elementor-column-gap-default\">\n\t\t\t\t\t<div class=\"elementor-column elementor-col-100 elementor-top-column elementor-element elementor-element-69ec5c2\" data-id=\"69ec5c2\" data-element_type=\"column\" data-e-type=\"column\">\n\t\t\t<div class=\"elementor-widget-wrap elementor-element-populated\">\n\t\t\t\t\t\t<div class=\"elementor-element elementor-element-5226c9d elementor-widget elementor-widget-spacer\" data-id=\"5226c9d\" data-element_type=\"widget\" data-e-type=\"widget\" data-widget_type=\"spacer.default\">\n\t\t\t\t<div class=\"elementor-widget-container\">\n\t\t\t\t\t\t\t<div class=\"elementor-spacer\">\n\t\t\t<div class=\"elementor-spacer-inner\"><\/div>\n\t\t<\/div>\n\t\t\t\t\t\t<\/div>\n\t\t\t\t<\/div>\n\t\t\t\t\t<\/div>\n\t\t<\/div>\n\t\t\t\t\t<\/div>\n\t\t<\/section>\n\t\t\t\t<section class=\"elementor-section elementor-top-section elementor-element elementor-element-d3b1fea elementor-section-boxed elementor-section-height-default elementor-section-height-default\" data-id=\"d3b1fea\" data-element_type=\"section\" data-e-type=\"section\">\n\t\t\t\t\t\t<div class=\"elementor-container elementor-column-gap-default\">\n\t\t\t\t\t<div class=\"elementor-column elementor-col-50 elementor-top-column elementor-element elementor-element-779155e\" data-id=\"779155e\" data-element_type=\"column\" data-e-type=\"column\">\n\t\t\t<div class=\"elementor-widget-wrap elementor-element-populated\">\n\t\t\t\t\t\t<div class=\"elementor-element elementor-element-8be3883 elementor-widget elementor-widget-image\" data-id=\"8be3883\" data-element_type=\"widget\" data-e-type=\"widget\" data-widget_type=\"image.default\">\n\t\t\t\t<div class=\"elementor-widget-container\">\n\t\t\t\t\t\t\t\t\t\t\t\t\t\t\t<img fetchpriority=\"high\" decoding=\"async\" width=\"768\" height=\"1024\" src=\"https:\/\/juanfelipecordobaart.com\/wp-content\/uploads\/2023\/02\/Lady-copia-2-768x1024.jpg\" class=\"attachment-large size-large wp-image-297\" alt=\"\" srcset=\"https:\/\/juanfelipecordobaart.com\/wp-content\/uploads\/2023\/02\/Lady-copia-2-768x1024.jpg 768w, https:\/\/juanfelipecordobaart.com\/wp-content\/uploads\/2023\/02\/Lady-copia-2-225x300.jpg 225w, https:\/\/juanfelipecordobaart.com\/wp-content\/uploads\/2023\/02\/Lady-copia-2-1152x1536.jpg 1152w, https:\/\/juanfelipecordobaart.com\/wp-content\/uploads\/2023\/02\/Lady-copia-2-1536x2048.jpg 1536w, https:\/\/juanfelipecordobaart.com\/wp-content\/uploads\/2023\/02\/Lady-copia-2-600x800.jpg 600w, https:\/\/juanfelipecordobaart.com\/wp-content\/uploads\/2023\/02\/Lady-copia-2-scaled.jpg 1920w\" sizes=\"(max-width: 768px) 100vw, 768px\" \/>\t\t\t\t\t\t\t\t\t\t\t\t\t\t\t<\/div>\n\t\t\t\t<\/div>\n\t\t\t\t\t<\/div>\n\t\t<\/div>\n\t\t\t\t<div class=\"elementor-column elementor-col-50 elementor-top-column elementor-element elementor-element-aec8b2f\" data-id=\"aec8b2f\" data-element_type=\"column\" data-e-type=\"column\">\n\t\t\t<div class=\"elementor-widget-wrap elementor-element-populated\">\n\t\t\t\t\t\t<div class=\"elementor-element elementor-element-009c8da elementor-widget elementor-widget-text-editor\" data-id=\"009c8da\" data-element_type=\"widget\" data-e-type=\"widget\" data-widget_type=\"text-editor.default\">\n\t\t\t\t<div class=\"elementor-widget-container\">\n\t\t\t\t\t\t\t\t\t<p><span lang=\"ES-MX\">Juan Felipe C\u00f3rdoba Arturo<br><\/span><\/p><p><span lang=\"ES-MX\"><b>Identidades Postproducidas, Lady G<\/b><\/span><\/p>\n<p><span style=\"color: var( --e-global-color-text ); font-size: 1rem;\"><i>2021<\/i><\/span><br><\/p>\n<p><span lang=\"ES-MX\">Cat. Gr\u00e1fica<\/span><\/p>\n<p><span lang=\"ES-MX\">Dibujo Scratch en soporte lum\u00ednico<\/span><\/p>\n<p><span lang=\"ES-MX\">Pentalog\u00eda<\/span><\/p>\n<p><span lang=\"ES-MX\">H: 34 x W: 27 Cm \/ H:13.5 x W: 10.5 In<\/span><\/p>\n<p><\/p>\n<p><span lang=\"ES-MX\">Contemporary style<\/span><\/p>\t\t\t\t\t\t\t\t<\/div>\n\t\t\t\t<\/div>\n\t\t\t\t\t<\/div>\n\t\t<\/div>\n\t\t\t\t\t<\/div>\n\t\t<\/section>\n\t\t\t\t<\/div>\n\t\t","protected":false},"excerpt":{"rendered":"<p>Juan Felipe C\u00f3rdoba Arturo Identidades Postproducidas, Lady G 2021 Cat. Gr\u00e1fica Dibujo Scratch en soporte lum\u00ednico Pentalog\u00eda H: 34 x W: 27 Cm \/ H:13.5 x W: 10.5 In Contemporary style<\/p>\n","protected":false},"author":1,"featured_media":0,"parent":0,"menu_order":0,"comment_status":"closed","ping_status":"closed","template":"","meta":{"footnotes":""},"class_list":["post-491","page","type-page","status-publish","hentry"],"_links":{"self":[{"href":"https:\/\/juanfelipecordobaart.com\/index.php\/wp-json\/wp\/v2\/pages\/491","targetHints":{"allow":["GET"]}}],"collection":[{"href":"https:\/\/juanfelipecordobaart.com\/index.php\/wp-json\/wp\/v2\/pages"}],"about":[{"href":"https:\/\/juanfelipecordobaart.com\/index.php\/wp-json\/wp\/v2\/types\/page"}],"author":[{"embeddable":true,"href":"https:\/\/juanfelipecordobaart.com\/index.php\/wp-json\/wp\/v2\/users\/1"}],"replies":[{"embeddable":true,"href":"https:\/\/juanfelipecordobaart.com\/index.php\/wp-json\/wp\/v2\/comments?post=491"}],"version-history":[{"count":10,"href":"https:\/\/juanfelipecordobaart.com\/index.php\/wp-json\/wp\/v2\/pages\/491\/revisions"}],"predecessor-version":[{"id":870,"href":"https:\/\/juanfelipecordobaart.com\/index.php\/wp-json\/wp\/v2\/pages\/491\/revisions\/870"}],"wp:attachment":[{"href":"https:\/\/juanfelipecordobaart.com\/index.php\/wp-json\/wp\/v2\/media?parent=491"}],"curies":[{"name":"wp","href":"https:\/\/api.w.org\/{rel}","templated":true}]}}