{"id":472,"date":"2023-02-27T23:28:20","date_gmt":"2023-02-27T23:28:20","guid":{"rendered":"https:\/\/juanfelipecordobaart.com\/?page_id=472"},"modified":"2023-03-03T15:28:01","modified_gmt":"2023-03-03T15:28:01","slug":"espejo","status":"publish","type":"page","link":"https:\/\/juanfelipecordobaart.com\/index.php\/espejo\/","title":{"rendered":"Espejo"},"content":{"rendered":"\t\t<div data-elementor-type=\"wp-page\" data-elementor-id=\"472\" class=\"elementor elementor-472\">\n\t\t\t\t\t\t<section class=\"elementor-section elementor-top-section elementor-element elementor-element-8d53e76 elementor-section-boxed elementor-section-height-default elementor-section-height-default\" data-id=\"8d53e76\" data-element_type=\"section\" data-e-type=\"section\">\n\t\t\t\t\t\t<div class=\"elementor-container elementor-column-gap-default\">\n\t\t\t\t\t<div class=\"elementor-column elementor-col-100 elementor-top-column elementor-element elementor-element-d1312c6\" data-id=\"d1312c6\" data-element_type=\"column\" data-e-type=\"column\">\n\t\t\t<div class=\"elementor-widget-wrap elementor-element-populated\">\n\t\t\t\t\t\t<div class=\"elementor-element elementor-element-8d2a129 elementor-widget elementor-widget-spacer\" data-id=\"8d2a129\" data-element_type=\"widget\" data-e-type=\"widget\" data-widget_type=\"spacer.default\">\n\t\t\t\t<div class=\"elementor-widget-container\">\n\t\t\t\t\t\t\t<div class=\"elementor-spacer\">\n\t\t\t<div class=\"elementor-spacer-inner\"><\/div>\n\t\t<\/div>\n\t\t\t\t\t\t<\/div>\n\t\t\t\t<\/div>\n\t\t\t\t\t<\/div>\n\t\t<\/div>\n\t\t\t\t\t<\/div>\n\t\t<\/section>\n\t\t\t\t<section class=\"elementor-section elementor-top-section elementor-element elementor-element-4ebd77a elementor-section-boxed elementor-section-height-default elementor-section-height-default\" data-id=\"4ebd77a\" data-element_type=\"section\" data-e-type=\"section\">\n\t\t\t\t\t\t<div class=\"elementor-container elementor-column-gap-default\">\n\t\t\t\t\t<div class=\"elementor-column elementor-col-50 elementor-top-column elementor-element elementor-element-dbb0263\" data-id=\"dbb0263\" data-element_type=\"column\" data-e-type=\"column\">\n\t\t\t<div class=\"elementor-widget-wrap elementor-element-populated\">\n\t\t\t\t\t\t<div class=\"elementor-element elementor-element-4bf55fa elementor-widget elementor-widget-image\" data-id=\"4bf55fa\" data-element_type=\"widget\" data-e-type=\"widget\" data-widget_type=\"image.default\">\n\t\t\t\t<div class=\"elementor-widget-container\">\n\t\t\t\t\t\t\t\t\t\t\t\t\t\t\t<img fetchpriority=\"high\" decoding=\"async\" width=\"711\" height=\"1024\" src=\"https:\/\/juanfelipecordobaart.com\/wp-content\/uploads\/2023\/02\/Lo-que-no-nos-pudimos-llevar-3-copia-711x1024.jpg\" class=\"attachment-large size-large wp-image-272\" alt=\"\" srcset=\"https:\/\/juanfelipecordobaart.com\/wp-content\/uploads\/2023\/02\/Lo-que-no-nos-pudimos-llevar-3-copia-711x1024.jpg 711w, https:\/\/juanfelipecordobaart.com\/wp-content\/uploads\/2023\/02\/Lo-que-no-nos-pudimos-llevar-3-copia-208x300.jpg 208w, https:\/\/juanfelipecordobaart.com\/wp-content\/uploads\/2023\/02\/Lo-que-no-nos-pudimos-llevar-3-copia-768x1106.jpg 768w, https:\/\/juanfelipecordobaart.com\/wp-content\/uploads\/2023\/02\/Lo-que-no-nos-pudimos-llevar-3-copia-1066x1536.jpg 1066w, https:\/\/juanfelipecordobaart.com\/wp-content\/uploads\/2023\/02\/Lo-que-no-nos-pudimos-llevar-3-copia-1422x2048.jpg 1422w, https:\/\/juanfelipecordobaart.com\/wp-content\/uploads\/2023\/02\/Lo-que-no-nos-pudimos-llevar-3-copia-600x864.jpg 600w, https:\/\/juanfelipecordobaart.com\/wp-content\/uploads\/2023\/02\/Lo-que-no-nos-pudimos-llevar-3-copia-scaled.jpg 1777w\" sizes=\"(max-width: 711px) 100vw, 711px\" \/>\t\t\t\t\t\t\t\t\t\t\t\t\t\t\t<\/div>\n\t\t\t\t<\/div>\n\t\t\t\t\t<\/div>\n\t\t<\/div>\n\t\t\t\t<div class=\"elementor-column elementor-col-50 elementor-top-column elementor-element elementor-element-01f6617\" data-id=\"01f6617\" data-element_type=\"column\" data-e-type=\"column\">\n\t\t\t<div class=\"elementor-widget-wrap elementor-element-populated\">\n\t\t\t\t\t\t<div class=\"elementor-element elementor-element-6bda48b elementor-widget elementor-widget-text-editor\" data-id=\"6bda48b\" data-element_type=\"widget\" data-e-type=\"widget\" data-widget_type=\"text-editor.default\">\n\t\t\t\t<div class=\"elementor-widget-container\">\n\t\t\t\t\t\t\t\t\t<p><span lang=\"ES-MX\">Juan Felipe C\u00f3rdoba Arturo<br><\/span><\/p>\n<p><span lang=\"ES-MX\">Lo que no nos pudimos llevar, Vanidad<\/span><\/p>\n<p><span style=\"color: var( --e-global-color-text ); letter-spacing: 0px; font-size: 1rem;\"><i>2021<\/i><\/span><br><\/p>\n<p><span lang=\"ES-MX\">Cat. Gr\u00e1fica<\/span><\/p>\n<p><span lang=\"ES-MX\">Dibujo Scratch en soporte lum\u00ednico<\/span><\/p>\n<p><span style=\"color: var( --e-global-color-text ); letter-spacing: 0px; font-size: 1rem;\">H:54.5 x W:39.5 Cm \/ H:21.45 x W:15.5 In<\/span><br><\/p>\n<p><\/p>\n<p><span lang=\"ES-MX\">Contemporary style<\/span><\/p>\t\t\t\t\t\t\t\t<\/div>\n\t\t\t\t<\/div>\n\t\t\t\t\t<\/div>\n\t\t<\/div>\n\t\t\t\t\t<\/div>\n\t\t<\/section>\n\t\t\t\t<\/div>\n\t\t","protected":false},"excerpt":{"rendered":"<p>Juan Felipe C\u00f3rdoba Arturo Lo que no nos pudimos llevar, Vanidad 2021 Cat. Gr\u00e1fica Dibujo Scratch en soporte lum\u00ednico H:54.5 x W:39.5 Cm \/ H:21.45 x W:15.5 In Contemporary style<\/p>\n","protected":false},"author":1,"featured_media":0,"parent":0,"menu_order":0,"comment_status":"closed","ping_status":"closed","template":"","meta":{"footnotes":""},"class_list":["post-472","page","type-page","status-publish","hentry"],"_links":{"self":[{"href":"https:\/\/juanfelipecordobaart.com\/index.php\/wp-json\/wp\/v2\/pages\/472","targetHints":{"allow":["GET"]}}],"collection":[{"href":"https:\/\/juanfelipecordobaart.com\/index.php\/wp-json\/wp\/v2\/pages"}],"about":[{"href":"https:\/\/juanfelipecordobaart.com\/index.php\/wp-json\/wp\/v2\/types\/page"}],"author":[{"embeddable":true,"href":"https:\/\/juanfelipecordobaart.com\/index.php\/wp-json\/wp\/v2\/users\/1"}],"replies":[{"embeddable":true,"href":"https:\/\/juanfelipecordobaart.com\/index.php\/wp-json\/wp\/v2\/comments?post=472"}],"version-history":[{"count":16,"href":"https:\/\/juanfelipecordobaart.com\/index.php\/wp-json\/wp\/v2\/pages\/472\/revisions"}],"predecessor-version":[{"id":985,"href":"https:\/\/juanfelipecordobaart.com\/index.php\/wp-json\/wp\/v2\/pages\/472\/revisions\/985"}],"wp:attachment":[{"href":"https:\/\/juanfelipecordobaart.com\/index.php\/wp-json\/wp\/v2\/media?parent=472"}],"curies":[{"name":"wp","href":"https:\/\/api.w.org\/{rel}","templated":true}]}}