{"id":461,"date":"2023-02-27T23:24:50","date_gmt":"2023-02-27T23:24:50","guid":{"rendered":"https:\/\/juanfelipecordobaart.com\/?page_id=461"},"modified":"2023-03-03T15:27:34","modified_gmt":"2023-03-03T15:27:34","slug":"lqnnpl-taza-de-cafe","status":"publish","type":"page","link":"https:\/\/juanfelipecordobaart.com\/index.php\/lqnnpl-taza-de-cafe\/","title":{"rendered":"Taza de caf\u00e9"},"content":{"rendered":"\t\t<div data-elementor-type=\"wp-page\" data-elementor-id=\"461\" class=\"elementor elementor-461\">\n\t\t\t\t\t\t<section class=\"elementor-section elementor-top-section elementor-element elementor-element-1890592 elementor-section-boxed elementor-section-height-default elementor-section-height-default\" data-id=\"1890592\" data-element_type=\"section\" data-e-type=\"section\">\n\t\t\t\t\t\t<div class=\"elementor-container elementor-column-gap-default\">\n\t\t\t\t\t<div class=\"elementor-column elementor-col-100 elementor-top-column elementor-element elementor-element-4fcd5e5\" data-id=\"4fcd5e5\" data-element_type=\"column\" data-e-type=\"column\">\n\t\t\t<div class=\"elementor-widget-wrap elementor-element-populated\">\n\t\t\t\t\t\t<div class=\"elementor-element elementor-element-6c77698 elementor-widget elementor-widget-spacer\" data-id=\"6c77698\" data-element_type=\"widget\" data-e-type=\"widget\" data-widget_type=\"spacer.default\">\n\t\t\t\t<div class=\"elementor-widget-container\">\n\t\t\t\t\t\t\t<div class=\"elementor-spacer\">\n\t\t\t<div class=\"elementor-spacer-inner\"><\/div>\n\t\t<\/div>\n\t\t\t\t\t\t<\/div>\n\t\t\t\t<\/div>\n\t\t\t\t\t<\/div>\n\t\t<\/div>\n\t\t\t\t\t<\/div>\n\t\t<\/section>\n\t\t\t\t<section class=\"elementor-section elementor-top-section elementor-element elementor-element-9d9cdea elementor-section-boxed elementor-section-height-default elementor-section-height-default\" data-id=\"9d9cdea\" data-element_type=\"section\" data-e-type=\"section\">\n\t\t\t\t\t\t<div class=\"elementor-container elementor-column-gap-default\">\n\t\t\t\t\t<div class=\"elementor-column elementor-col-50 elementor-top-column elementor-element elementor-element-aa2c8d8\" data-id=\"aa2c8d8\" data-element_type=\"column\" data-e-type=\"column\">\n\t\t\t<div class=\"elementor-widget-wrap elementor-element-populated\">\n\t\t\t\t\t\t<div class=\"elementor-element elementor-element-6b57cf8 elementor-widget elementor-widget-image\" data-id=\"6b57cf8\" data-element_type=\"widget\" data-e-type=\"widget\" data-widget_type=\"image.default\">\n\t\t\t\t<div class=\"elementor-widget-container\">\n\t\t\t\t\t\t\t\t\t\t\t\t\t\t\t<img fetchpriority=\"high\" decoding=\"async\" width=\"720\" height=\"1024\" src=\"https:\/\/juanfelipecordobaart.com\/wp-content\/uploads\/2023\/02\/Lo-que-no-nos-pudimos-llevar-4-copia-720x1024.jpg\" class=\"attachment-large size-large wp-image-273\" alt=\"\" srcset=\"https:\/\/juanfelipecordobaart.com\/wp-content\/uploads\/2023\/02\/Lo-que-no-nos-pudimos-llevar-4-copia-720x1024.jpg 720w, https:\/\/juanfelipecordobaart.com\/wp-content\/uploads\/2023\/02\/Lo-que-no-nos-pudimos-llevar-4-copia-211x300.jpg 211w, https:\/\/juanfelipecordobaart.com\/wp-content\/uploads\/2023\/02\/Lo-que-no-nos-pudimos-llevar-4-copia-768x1093.jpg 768w, https:\/\/juanfelipecordobaart.com\/wp-content\/uploads\/2023\/02\/Lo-que-no-nos-pudimos-llevar-4-copia-1080x1536.jpg 1080w, https:\/\/juanfelipecordobaart.com\/wp-content\/uploads\/2023\/02\/Lo-que-no-nos-pudimos-llevar-4-copia-1439x2048.jpg 1439w, https:\/\/juanfelipecordobaart.com\/wp-content\/uploads\/2023\/02\/Lo-que-no-nos-pudimos-llevar-4-copia-600x854.jpg 600w, https:\/\/juanfelipecordobaart.com\/wp-content\/uploads\/2023\/02\/Lo-que-no-nos-pudimos-llevar-4-copia-scaled.jpg 1799w\" sizes=\"(max-width: 720px) 100vw, 720px\" \/>\t\t\t\t\t\t\t\t\t\t\t\t\t\t\t<\/div>\n\t\t\t\t<\/div>\n\t\t\t\t\t<\/div>\n\t\t<\/div>\n\t\t\t\t<div class=\"elementor-column elementor-col-50 elementor-top-column elementor-element elementor-element-7289bf3\" data-id=\"7289bf3\" data-element_type=\"column\" data-e-type=\"column\">\n\t\t\t<div class=\"elementor-widget-wrap elementor-element-populated\">\n\t\t\t\t\t\t<div class=\"elementor-element elementor-element-080a333 elementor-widget elementor-widget-text-editor\" data-id=\"080a333\" data-element_type=\"widget\" data-e-type=\"widget\" data-widget_type=\"text-editor.default\">\n\t\t\t\t<div class=\"elementor-widget-container\">\n\t\t\t\t\t\t\t\t\t<p><span lang=\"ES-MX\">Juan Felipe C\u00f3rdoba Arturo<br><\/span><\/p>\n<p><span lang=\"ES-MX\"><b>Lo que no nos pudimos llevar, Calma<\/b><\/span><\/p>\n<p><span style=\"color: var( --e-global-color-text ); letter-spacing: 0px; font-size: 1rem;\"><i>2021<\/i><\/span><\/p>\n<p><span lang=\"ES-MX\">Cat. Gr\u00e1fica<\/span><\/p>\n<p><span lang=\"ES-MX\">Dibujo Scratch en soporte lum\u00ednico<\/span><\/p>\n<p><span style=\"color: var( --e-global-color-text ); font-size: 1rem;\">H:54.5 x W:39.5 Cm \/ H:21.45 x W:15.5 In<\/span><br><\/p>\n<p><\/p>\n<p><span lang=\"ES-MX\">Contemporary style<\/span><\/p>\t\t\t\t\t\t\t\t<\/div>\n\t\t\t\t<\/div>\n\t\t\t\t\t<\/div>\n\t\t<\/div>\n\t\t\t\t\t<\/div>\n\t\t<\/section>\n\t\t\t\t<\/div>\n\t\t","protected":false},"excerpt":{"rendered":"<p>Juan Felipe C\u00f3rdoba Arturo Lo que no nos pudimos llevar, Calma 2021 Cat. Gr\u00e1fica Dibujo Scratch en soporte lum\u00ednico H:54.5 x W:39.5 Cm \/ H:21.45 x W:15.5 In Contemporary style<\/p>\n","protected":false},"author":1,"featured_media":0,"parent":0,"menu_order":0,"comment_status":"closed","ping_status":"closed","template":"","meta":{"footnotes":""},"class_list":["post-461","page","type-page","status-publish","hentry"],"_links":{"self":[{"href":"https:\/\/juanfelipecordobaart.com\/index.php\/wp-json\/wp\/v2\/pages\/461","targetHints":{"allow":["GET"]}}],"collection":[{"href":"https:\/\/juanfelipecordobaart.com\/index.php\/wp-json\/wp\/v2\/pages"}],"about":[{"href":"https:\/\/juanfelipecordobaart.com\/index.php\/wp-json\/wp\/v2\/types\/page"}],"author":[{"embeddable":true,"href":"https:\/\/juanfelipecordobaart.com\/index.php\/wp-json\/wp\/v2\/users\/1"}],"replies":[{"embeddable":true,"href":"https:\/\/juanfelipecordobaart.com\/index.php\/wp-json\/wp\/v2\/comments?post=461"}],"version-history":[{"count":18,"href":"https:\/\/juanfelipecordobaart.com\/index.php\/wp-json\/wp\/v2\/pages\/461\/revisions"}],"predecessor-version":[{"id":1144,"href":"https:\/\/juanfelipecordobaart.com\/index.php\/wp-json\/wp\/v2\/pages\/461\/revisions\/1144"}],"wp:attachment":[{"href":"https:\/\/juanfelipecordobaart.com\/index.php\/wp-json\/wp\/v2\/media?parent=461"}],"curies":[{"name":"wp","href":"https:\/\/api.w.org\/{rel}","templated":true}]}}