{"id":353,"date":"2023-02-27T21:41:18","date_gmt":"2023-02-27T21:41:18","guid":{"rendered":"https:\/\/juanfelipecordobaart.com\/?page_id=353"},"modified":"2026-01-27T05:02:05","modified_gmt":"2026-01-27T05:02:05","slug":"charlatana-charlatana-charlatana","status":"publish","type":"page","link":"https:\/\/juanfelipecordobaart.com\/index.php\/charlatana-charlatana-charlatana\/","title":{"rendered":"Charlatana, Charlatana, Charlatana"},"content":{"rendered":"\t\t<div data-elementor-type=\"wp-page\" data-elementor-id=\"353\" class=\"elementor elementor-353\">\n\t\t\t\t\t\t<section class=\"elementor-section elementor-top-section elementor-element elementor-element-f6abe84 elementor-section-boxed elementor-section-height-default elementor-section-height-default\" data-id=\"f6abe84\" data-element_type=\"section\" data-e-type=\"section\">\n\t\t\t\t\t\t<div class=\"elementor-container elementor-column-gap-default\">\n\t\t\t\t\t<div class=\"elementor-column elementor-col-100 elementor-top-column elementor-element elementor-element-a9071e3\" data-id=\"a9071e3\" data-element_type=\"column\" data-e-type=\"column\">\n\t\t\t<div class=\"elementor-widget-wrap elementor-element-populated\">\n\t\t\t\t\t\t<div class=\"elementor-element elementor-element-20efaca elementor-widget elementor-widget-spacer\" data-id=\"20efaca\" data-element_type=\"widget\" data-e-type=\"widget\" data-widget_type=\"spacer.default\">\n\t\t\t\t<div class=\"elementor-widget-container\">\n\t\t\t\t\t\t\t<div class=\"elementor-spacer\">\n\t\t\t<div class=\"elementor-spacer-inner\"><\/div>\n\t\t<\/div>\n\t\t\t\t\t\t<\/div>\n\t\t\t\t<\/div>\n\t\t\t\t\t<\/div>\n\t\t<\/div>\n\t\t\t\t\t<\/div>\n\t\t<\/section>\n\t\t\t\t<section class=\"elementor-section elementor-top-section elementor-element elementor-element-9b78c25 elementor-section-boxed elementor-section-height-default elementor-section-height-default\" data-id=\"9b78c25\" data-element_type=\"section\" data-e-type=\"section\">\n\t\t\t\t\t\t<div class=\"elementor-container elementor-column-gap-default\">\n\t\t\t\t\t<div class=\"elementor-column elementor-col-100 elementor-top-column elementor-element elementor-element-134e3a7\" data-id=\"134e3a7\" data-element_type=\"column\" data-e-type=\"column\">\n\t\t\t<div class=\"elementor-widget-wrap elementor-element-populated\">\n\t\t\t\t\t\t<div class=\"elementor-element elementor-element-2dbc062 elementor-widget elementor-widget-heading\" data-id=\"2dbc062\" data-element_type=\"widget\" data-e-type=\"widget\" data-widget_type=\"heading.default\">\n\t\t\t\t<div class=\"elementor-widget-container\">\n\t\t\t\t\t<h2 class=\"elementor-heading-title elementor-size-large\">Charlatana, Charlatana, Charlatana<\/h2>\t\t\t\t<\/div>\n\t\t\t\t<\/div>\n\t\t\t\t\t<\/div>\n\t\t<\/div>\n\t\t\t\t\t<\/div>\n\t\t<\/section>\n\t\t\t\t<section class=\"elementor-section elementor-top-section elementor-element elementor-element-43af76c elementor-section-boxed elementor-section-height-default elementor-section-height-default\" data-id=\"43af76c\" data-element_type=\"section\" data-e-type=\"section\">\n\t\t\t\t\t\t<div class=\"elementor-container elementor-column-gap-default\">\n\t\t\t\t\t<div class=\"elementor-column elementor-col-100 elementor-top-column elementor-element elementor-element-23506ce\" data-id=\"23506ce\" data-element_type=\"column\" data-e-type=\"column\">\n\t\t\t<div class=\"elementor-widget-wrap elementor-element-populated\">\n\t\t\t\t\t\t<div class=\"elementor-element elementor-element-529d7a6 elementor-widget elementor-widget-spacer\" data-id=\"529d7a6\" data-element_type=\"widget\" data-e-type=\"widget\" data-widget_type=\"spacer.default\">\n\t\t\t\t<div class=\"elementor-widget-container\">\n\t\t\t\t\t\t\t<div class=\"elementor-spacer\">\n\t\t\t<div class=\"elementor-spacer-inner\"><\/div>\n\t\t<\/div>\n\t\t\t\t\t\t<\/div>\n\t\t\t\t<\/div>\n\t\t\t\t\t<\/div>\n\t\t<\/div>\n\t\t\t\t\t<\/div>\n\t\t<\/section>\n\t\t\t\t<section class=\"elementor-section elementor-top-section elementor-element elementor-element-ef4a9f7 elementor-section-boxed elementor-section-height-default elementor-section-height-default\" data-id=\"ef4a9f7\" data-element_type=\"section\" data-e-type=\"section\">\n\t\t\t\t\t\t<div class=\"elementor-container elementor-column-gap-default\">\n\t\t\t\t\t<div class=\"elementor-column elementor-col-33 elementor-top-column elementor-element elementor-element-ab91bb8\" data-id=\"ab91bb8\" data-element_type=\"column\" data-e-type=\"column\">\n\t\t\t<div class=\"elementor-widget-wrap elementor-element-populated\">\n\t\t\t\t\t\t<div class=\"elementor-element elementor-element-3e44d82 elementor-widget elementor-widget-image\" data-id=\"3e44d82\" data-element_type=\"widget\" data-e-type=\"widget\" data-widget_type=\"image.default\">\n\t\t\t\t<div class=\"elementor-widget-container\">\n\t\t\t\t\t\t\t\t\t\t\t\t\t\t\t<img fetchpriority=\"high\" decoding=\"async\" width=\"542\" height=\"1024\" src=\"https:\/\/juanfelipecordobaart.com\/wp-content\/uploads\/2023\/02\/CHARLATANA-copia-542x1024.jpg\" class=\"attachment-large size-large wp-image-249\" alt=\"\" srcset=\"https:\/\/juanfelipecordobaart.com\/wp-content\/uploads\/2023\/02\/CHARLATANA-copia-542x1024.jpg 542w, https:\/\/juanfelipecordobaart.com\/wp-content\/uploads\/2023\/02\/CHARLATANA-copia-159x300.jpg 159w, https:\/\/juanfelipecordobaart.com\/wp-content\/uploads\/2023\/02\/CHARLATANA-copia-768x1451.jpg 768w, https:\/\/juanfelipecordobaart.com\/wp-content\/uploads\/2023\/02\/CHARLATANA-copia-813x1536.jpg 813w, https:\/\/juanfelipecordobaart.com\/wp-content\/uploads\/2023\/02\/CHARLATANA-copia-1084x2048.jpg 1084w, https:\/\/juanfelipecordobaart.com\/wp-content\/uploads\/2023\/02\/CHARLATANA-copia-600x1134.jpg 600w, https:\/\/juanfelipecordobaart.com\/wp-content\/uploads\/2023\/02\/CHARLATANA-copia-scaled.jpg 1355w\" sizes=\"(max-width: 542px) 100vw, 542px\" \/>\t\t\t\t\t\t\t\t\t\t\t\t\t\t\t<\/div>\n\t\t\t\t<\/div>\n\t\t\t\t\t<\/div>\n\t\t<\/div>\n\t\t\t\t<div class=\"elementor-column elementor-col-33 elementor-top-column elementor-element elementor-element-775df82\" data-id=\"775df82\" data-element_type=\"column\" data-e-type=\"column\">\n\t\t\t<div class=\"elementor-widget-wrap elementor-element-populated\">\n\t\t\t\t\t\t<div class=\"elementor-element elementor-element-90c0fef elementor-widget elementor-widget-image\" data-id=\"90c0fef\" data-element_type=\"widget\" data-e-type=\"widget\" data-widget_type=\"image.default\">\n\t\t\t\t<div class=\"elementor-widget-container\">\n\t\t\t\t\t\t\t\t\t\t\t\t\t\t\t<img decoding=\"async\" width=\"299\" height=\"919\" src=\"https:\/\/juanfelipecordobaart.com\/wp-content\/uploads\/2023\/02\/CHARLATANA-1-copia.jpg\" class=\"attachment-large size-large wp-image-356\" alt=\"\" srcset=\"https:\/\/juanfelipecordobaart.com\/wp-content\/uploads\/2023\/02\/CHARLATANA-1-copia.jpg 299w, https:\/\/juanfelipecordobaart.com\/wp-content\/uploads\/2023\/02\/CHARLATANA-1-copia-98x300.jpg 98w\" sizes=\"(max-width: 299px) 100vw, 299px\" \/>\t\t\t\t\t\t\t\t\t\t\t\t\t\t\t<\/div>\n\t\t\t\t<\/div>\n\t\t\t\t\t<\/div>\n\t\t<\/div>\n\t\t\t\t<div class=\"elementor-column elementor-col-33 elementor-top-column elementor-element elementor-element-8d6c4ab\" data-id=\"8d6c4ab\" data-element_type=\"column\" data-e-type=\"column\">\n\t\t\t<div class=\"elementor-widget-wrap elementor-element-populated\">\n\t\t\t\t\t\t<div class=\"elementor-element elementor-element-62a150e elementor-widget elementor-widget-image\" data-id=\"62a150e\" data-element_type=\"widget\" data-e-type=\"widget\" data-widget_type=\"image.default\">\n\t\t\t\t<div class=\"elementor-widget-container\">\n\t\t\t\t\t\t\t\t\t\t\t\t\t\t\t<img decoding=\"async\" width=\"302\" height=\"929\" src=\"https:\/\/juanfelipecordobaart.com\/wp-content\/uploads\/2023\/02\/CHARLATANA-2-copia.jpg\" class=\"attachment-large size-large wp-image-357\" alt=\"\" srcset=\"https:\/\/juanfelipecordobaart.com\/wp-content\/uploads\/2023\/02\/CHARLATANA-2-copia.jpg 302w, https:\/\/juanfelipecordobaart.com\/wp-content\/uploads\/2023\/02\/CHARLATANA-2-copia-98x300.jpg 98w\" sizes=\"(max-width: 302px) 100vw, 302px\" \/>\t\t\t\t\t\t\t\t\t\t\t\t\t\t\t<\/div>\n\t\t\t\t<\/div>\n\t\t\t\t\t<\/div>\n\t\t<\/div>\n\t\t\t\t\t<\/div>\n\t\t<\/section>\n\t\t\t\t<section class=\"elementor-section elementor-top-section elementor-element elementor-element-727d858 elementor-section-boxed elementor-section-height-default elementor-section-height-default\" data-id=\"727d858\" data-element_type=\"section\" data-e-type=\"section\">\n\t\t\t\t\t\t<div class=\"elementor-container elementor-column-gap-default\">\n\t\t\t\t\t<div class=\"elementor-column elementor-col-100 elementor-top-column elementor-element elementor-element-bf86314\" data-id=\"bf86314\" data-element_type=\"column\" data-e-type=\"column\">\n\t\t\t<div class=\"elementor-widget-wrap elementor-element-populated\">\n\t\t\t\t\t\t<div class=\"elementor-element elementor-element-bd874a8 elementor-align-center elementor-widget elementor-widget-button\" data-id=\"bd874a8\" data-element_type=\"widget\" data-e-type=\"widget\" data-widget_type=\"button.default\">\n\t\t\t\t<div class=\"elementor-widget-container\">\n\t\t\t\t\t\t\t\t\t<div class=\"elementor-button-wrapper\">\n\t\t\t\t\t<a class=\"elementor-button elementor-button-link elementor-size-sm\" href=\"https:\/\/juanfelipecordobaart.com\/wp-content\/uploads\/2023\/02\/Charlatana-charlatana-charlatana-IMPRESION-PLIEGO.pdf\" target=\"_blank\">\n\t\t\t\t\t\t<span class=\"elementor-button-content-wrapper\">\n\t\t\t\t\t\t\t\t\t<span class=\"elementor-button-text\">DISCURSO COMPLETO AVELINA LESPER VS ANTONIO CARO<\/span>\n\t\t\t\t\t<\/span>\n\t\t\t\t\t<\/a>\n\t\t\t\t<\/div>\n\t\t\t\t\t\t\t\t<\/div>\n\t\t\t\t<\/div>\n\t\t\t\t\t<\/div>\n\t\t<\/div>\n\t\t\t\t\t<\/div>\n\t\t<\/section>\n\t\t\t\t<section class=\"elementor-section elementor-top-section elementor-element elementor-element-1b168ac elementor-section-boxed elementor-section-height-default elementor-section-height-default\" data-id=\"1b168ac\" data-element_type=\"section\" data-e-type=\"section\">\n\t\t\t\t\t\t<div class=\"elementor-container elementor-column-gap-default\">\n\t\t\t\t\t<div class=\"elementor-column elementor-col-100 elementor-top-column elementor-element elementor-element-c7a3e9a\" data-id=\"c7a3e9a\" data-element_type=\"column\" data-e-type=\"column\">\n\t\t\t<div class=\"elementor-widget-wrap elementor-element-populated\">\n\t\t\t\t\t\t<div class=\"elementor-element elementor-element-5944481 elementor-widget elementor-widget-spacer\" data-id=\"5944481\" data-element_type=\"widget\" data-e-type=\"widget\" data-widget_type=\"spacer.default\">\n\t\t\t\t<div class=\"elementor-widget-container\">\n\t\t\t\t\t\t\t<div class=\"elementor-spacer\">\n\t\t\t<div class=\"elementor-spacer-inner\"><\/div>\n\t\t<\/div>\n\t\t\t\t\t\t<\/div>\n\t\t\t\t<\/div>\n\t\t\t\t\t<\/div>\n\t\t<\/div>\n\t\t\t\t\t<\/div>\n\t\t<\/section>\n\t\t\t\t<section class=\"elementor-section elementor-top-section elementor-element elementor-element-69741f0 elementor-section-boxed elementor-section-height-default elementor-section-height-default\" data-id=\"69741f0\" data-element_type=\"section\" data-e-type=\"section\">\n\t\t\t\t\t\t<div class=\"elementor-container elementor-column-gap-default\">\n\t\t\t\t\t<div class=\"elementor-column elementor-col-50 elementor-top-column elementor-element elementor-element-e6063e3\" data-id=\"e6063e3\" data-element_type=\"column\" data-e-type=\"column\">\n\t\t\t<div class=\"elementor-widget-wrap elementor-element-populated\">\n\t\t\t\t\t\t<div class=\"elementor-element elementor-element-73c6d12 elementor-widget elementor-widget-video\" data-id=\"73c6d12\" data-element_type=\"widget\" data-e-type=\"widget\" data-settings=\"{&quot;youtube_url&quot;:&quot;https:\\\/\\\/www.youtube.com\\\/watch?v=89A0ZPu6DZU&amp;t=5s&amp;ab_channel=HIBRIDO&quot;,&quot;video_type&quot;:&quot;youtube&quot;,&quot;controls&quot;:&quot;yes&quot;}\" data-widget_type=\"video.default\">\n\t\t\t\t<div class=\"elementor-widget-container\">\n\t\t\t\t\t\t\t<div class=\"elementor-wrapper elementor-open-inline\">\n\t\t\t<div class=\"elementor-video\"><\/div>\t\t<\/div>\n\t\t\t\t\t\t<\/div>\n\t\t\t\t<\/div>\n\t\t\t\t\t<\/div>\n\t\t<\/div>\n\t\t\t\t<div class=\"elementor-column elementor-col-50 elementor-top-column elementor-element elementor-element-a3a1b0a\" data-id=\"a3a1b0a\" data-element_type=\"column\" data-e-type=\"column\">\n\t\t\t<div class=\"elementor-widget-wrap elementor-element-populated\">\n\t\t\t\t\t\t<div class=\"elementor-element elementor-element-cccc471 elementor-widget elementor-widget-text-editor\" data-id=\"cccc471\" data-element_type=\"widget\" data-e-type=\"widget\" data-widget_type=\"text-editor.default\">\n\t\t\t\t<div class=\"elementor-widget-container\">\n\t\t\t\t\t\t\t\t\t<p><span style=\"font-size: 12pt; line-height: 107%; font-family: arial, helvetica, sans-serif;\">Avelina L\u00e9sper parece estar m\u00e1s interesada en defender una concepci\u00f3n tradicional y conservadora del arte, y en atacar el arte que no se ajusta a sus propias ideas est\u00e9ticas y pol\u00edticas. De hecho, su cr\u00edtica hacia el arte contempor\u00e1neo lo mide desde las posibles l\u00f3gicas del arte moderno incluso cl\u00e1sico; sin poner en evidencia el arte contempor\u00e1neo como una suerte de espejo de nuestra realidad presente, esto ha llevado a controversias y debates en el mundo del arte y ha llevado a algunos a cuestionar su capacidad para ofrecer cr\u00edticas rigurosas y significativas del arte contempor\u00e1neo.\u00a0<\/span><\/p><p><span style=\"font-size: 12pt; line-height: 107%; font-family: arial, helvetica, sans-serif;\">En la FILBO del 2016, Avelina Lesper presenta una ponencia p\u00fablica bajo su tesis \u201cEsto no es arte\u201d en la cual enfrenta los diversos modos de operar del arte contempor\u00e1neo y los contrasta con las ideas ontol\u00f3gicas del siglo XV al XX, d\u00e1ndole la espalda a las diversas capas de significado que representan las obras del arte contempor\u00e1neo para la historia y nuestra humanidad; ante eso y el ofensivo comentario de L\u00e9sper al llamar a Joseph Beuys \u201ccharlatan\u201d, Antonio Caro rompe en ira y p\u00fablicamente le devuelve contundentemente las palabras: \u00bfy usted qu\u00e9 es? \u00a1Otra charlatana! \u00a1Otra charlatana! \u00a1Otra charlatana! Charlatana, charlatana, charlatana.<\/span><\/p>\t\t\t\t\t\t\t\t<\/div>\n\t\t\t\t<\/div>\n\t\t\t\t\t<\/div>\n\t\t<\/div>\n\t\t\t\t\t<\/div>\n\t\t<\/section>\n\t\t\t\t<\/div>\n\t\t","protected":false},"excerpt":{"rendered":"<p>Charlatana, Charlatana, Charlatana DISCURSO COMPLETO AVELINA LESPER VS ANTONIO CARO https:\/\/www.youtube.com\/watch?v=89A0ZPu6DZU&#038;t=5s&#038;ab_channel=HIBRIDO Avelina L\u00e9sper parece estar m\u00e1s interesada en defender una concepci\u00f3n tradicional y conservadora del arte, y en atacar el arte que no se ajusta a sus propias ideas est\u00e9ticas y pol\u00edticas. De hecho, su cr\u00edtica hacia el arte contempor\u00e1neo lo mide desde las posibles [&hellip;]<\/p>\n","protected":false},"author":1,"featured_media":0,"parent":0,"menu_order":0,"comment_status":"closed","ping_status":"closed","template":"","meta":{"footnotes":""},"class_list":["post-353","page","type-page","status-publish","hentry"],"_links":{"self":[{"href":"https:\/\/juanfelipecordobaart.com\/index.php\/wp-json\/wp\/v2\/pages\/353","targetHints":{"allow":["GET"]}}],"collection":[{"href":"https:\/\/juanfelipecordobaart.com\/index.php\/wp-json\/wp\/v2\/pages"}],"about":[{"href":"https:\/\/juanfelipecordobaart.com\/index.php\/wp-json\/wp\/v2\/types\/page"}],"author":[{"embeddable":true,"href":"https:\/\/juanfelipecordobaart.com\/index.php\/wp-json\/wp\/v2\/users\/1"}],"replies":[{"embeddable":true,"href":"https:\/\/juanfelipecordobaart.com\/index.php\/wp-json\/wp\/v2\/comments?post=353"}],"version-history":[{"count":34,"href":"https:\/\/juanfelipecordobaart.com\/index.php\/wp-json\/wp\/v2\/pages\/353\/revisions"}],"predecessor-version":[{"id":1453,"href":"https:\/\/juanfelipecordobaart.com\/index.php\/wp-json\/wp\/v2\/pages\/353\/revisions\/1453"}],"wp:attachment":[{"href":"https:\/\/juanfelipecordobaart.com\/index.php\/wp-json\/wp\/v2\/media?parent=353"}],"curies":[{"name":"wp","href":"https:\/\/api.w.org\/{rel}","templated":true}]}}