{"id":304,"date":"2023-02-27T04:51:47","date_gmt":"2023-02-27T04:51:47","guid":{"rendered":"https:\/\/juanfelipecordobaart.com\/?page_id=304"},"modified":"2026-01-27T04:56:52","modified_gmt":"2026-01-27T04:56:52","slug":"remando-a-solas","status":"publish","type":"page","link":"https:\/\/juanfelipecordobaart.com\/index.php\/remando-a-solas\/","title":{"rendered":"Remando a solas"},"content":{"rendered":"\t\t<div data-elementor-type=\"wp-page\" data-elementor-id=\"304\" class=\"elementor elementor-304\">\n\t\t\t\t\t\t<section class=\"elementor-section elementor-top-section elementor-element elementor-element-2384bd9 elementor-section-boxed elementor-section-height-default elementor-section-height-default\" data-id=\"2384bd9\" data-element_type=\"section\" data-e-type=\"section\">\n\t\t\t\t\t\t<div class=\"elementor-container elementor-column-gap-default\">\n\t\t\t\t\t<div class=\"elementor-column elementor-col-100 elementor-top-column elementor-element elementor-element-df56185\" data-id=\"df56185\" data-element_type=\"column\" data-e-type=\"column\">\n\t\t\t<div class=\"elementor-widget-wrap elementor-element-populated\">\n\t\t\t\t\t\t<div class=\"elementor-element elementor-element-683c316 elementor-widget elementor-widget-spacer\" data-id=\"683c316\" data-element_type=\"widget\" data-e-type=\"widget\" data-widget_type=\"spacer.default\">\n\t\t\t\t<div class=\"elementor-widget-container\">\n\t\t\t\t\t\t\t<div class=\"elementor-spacer\">\n\t\t\t<div class=\"elementor-spacer-inner\"><\/div>\n\t\t<\/div>\n\t\t\t\t\t\t<\/div>\n\t\t\t\t<\/div>\n\t\t\t\t\t<\/div>\n\t\t<\/div>\n\t\t\t\t\t<\/div>\n\t\t<\/section>\n\t\t\t\t<section class=\"elementor-section elementor-top-section elementor-element elementor-element-ce986ce elementor-section-boxed elementor-section-height-default elementor-section-height-default\" data-id=\"ce986ce\" data-element_type=\"section\" data-e-type=\"section\">\n\t\t\t\t\t\t<div class=\"elementor-container elementor-column-gap-default\">\n\t\t\t\t\t<div class=\"elementor-column elementor-col-100 elementor-top-column elementor-element elementor-element-6f8578c\" data-id=\"6f8578c\" data-element_type=\"column\" data-e-type=\"column\">\n\t\t\t<div class=\"elementor-widget-wrap elementor-element-populated\">\n\t\t\t\t\t\t<div class=\"elementor-element elementor-element-baed6d5 elementor-widget elementor-widget-heading\" data-id=\"baed6d5\" data-element_type=\"widget\" data-e-type=\"widget\" data-widget_type=\"heading.default\">\n\t\t\t\t<div class=\"elementor-widget-container\">\n\t\t\t\t\t<h1 class=\"elementor-heading-title elementor-size-large\">Remando a Solas<\/h1>\t\t\t\t<\/div>\n\t\t\t\t<\/div>\n\t\t\t\t\t<\/div>\n\t\t<\/div>\n\t\t\t\t\t<\/div>\n\t\t<\/section>\n\t\t\t\t<section class=\"elementor-section elementor-top-section elementor-element elementor-element-f7b8b85 elementor-section-boxed elementor-section-height-default elementor-section-height-default\" data-id=\"f7b8b85\" data-element_type=\"section\" data-e-type=\"section\">\n\t\t\t\t\t\t<div class=\"elementor-container elementor-column-gap-default\">\n\t\t\t\t\t<div class=\"elementor-column elementor-col-100 elementor-top-column elementor-element elementor-element-de05178\" data-id=\"de05178\" data-element_type=\"column\" data-e-type=\"column\">\n\t\t\t<div class=\"elementor-widget-wrap elementor-element-populated\">\n\t\t\t\t\t\t<div class=\"elementor-element elementor-element-d0c30a7 elementor-widget elementor-widget-spacer\" data-id=\"d0c30a7\" data-element_type=\"widget\" data-e-type=\"widget\" data-widget_type=\"spacer.default\">\n\t\t\t\t<div class=\"elementor-widget-container\">\n\t\t\t\t\t\t\t<div class=\"elementor-spacer\">\n\t\t\t<div class=\"elementor-spacer-inner\"><\/div>\n\t\t<\/div>\n\t\t\t\t\t\t<\/div>\n\t\t\t\t<\/div>\n\t\t\t\t\t<\/div>\n\t\t<\/div>\n\t\t\t\t\t<\/div>\n\t\t<\/section>\n\t\t\t\t<section class=\"elementor-section elementor-top-section elementor-element elementor-element-5cfdcf4 elementor-section-boxed elementor-section-height-default elementor-section-height-default\" data-id=\"5cfdcf4\" data-element_type=\"section\" data-e-type=\"section\">\n\t\t\t\t\t\t<div class=\"elementor-container elementor-column-gap-default\">\n\t\t\t\t\t<div class=\"elementor-column elementor-col-100 elementor-top-column elementor-element elementor-element-8d64255\" data-id=\"8d64255\" data-element_type=\"column\" data-e-type=\"column\">\n\t\t\t<div class=\"elementor-widget-wrap elementor-element-populated\">\n\t\t\t\t\t\t<div class=\"elementor-element elementor-element-64f5ea4 elementor-widget elementor-widget-text-editor\" data-id=\"64f5ea4\" data-element_type=\"widget\" data-e-type=\"widget\" data-widget_type=\"text-editor.default\">\n\t\t\t\t<div class=\"elementor-widget-container\">\n\t\t\t\t\t\t\t\t\t<p><span style=\"font-size: 12pt; line-height: 107%; font-family: arial, helvetica, sans-serif;\">Remando a solas es un proyecto que surge a trav\u00e9s del registro de los sue\u00f1os, los cuales progresivamente se fueron articularon para entender como la experiencia on\u00edrica es un puente hacia un inconsciente colectivo en el cual, hay una suerte de reflejo de autopercepci\u00f3n de identidad por medio de la imagen y la narrativa, en ese sentido (y como un elemento recurrente en mi trabajo), sacar a la luz es atreverse a recordar.<\/span><\/p>\t\t\t\t\t\t\t\t<\/div>\n\t\t\t\t<\/div>\n\t\t\t\t\t<\/div>\n\t\t<\/div>\n\t\t\t\t\t<\/div>\n\t\t<\/section>\n\t\t\t\t<section class=\"elementor-section elementor-top-section elementor-element elementor-element-00c9713 elementor-section-boxed elementor-section-height-default elementor-section-height-default\" data-id=\"00c9713\" data-element_type=\"section\" data-e-type=\"section\">\n\t\t\t\t\t\t<div class=\"elementor-container elementor-column-gap-default\">\n\t\t\t\t\t<div class=\"elementor-column elementor-col-100 elementor-top-column elementor-element elementor-element-8f9aec9\" data-id=\"8f9aec9\" data-element_type=\"column\" data-e-type=\"column\">\n\t\t\t<div class=\"elementor-widget-wrap elementor-element-populated\">\n\t\t\t\t\t\t<div class=\"elementor-element elementor-element-8247b81 elementor-widget elementor-widget-spacer\" data-id=\"8247b81\" data-element_type=\"widget\" data-e-type=\"widget\" data-widget_type=\"spacer.default\">\n\t\t\t\t<div class=\"elementor-widget-container\">\n\t\t\t\t\t\t\t<div class=\"elementor-spacer\">\n\t\t\t<div class=\"elementor-spacer-inner\"><\/div>\n\t\t<\/div>\n\t\t\t\t\t\t<\/div>\n\t\t\t\t<\/div>\n\t\t\t\t\t<\/div>\n\t\t<\/div>\n\t\t\t\t\t<\/div>\n\t\t<\/section>\n\t\t\t\t<section class=\"elementor-section elementor-top-section elementor-element elementor-element-607e2fc elementor-section-boxed elementor-section-height-default elementor-section-height-default\" data-id=\"607e2fc\" data-element_type=\"section\" data-e-type=\"section\">\n\t\t\t\t\t\t<div class=\"elementor-container elementor-column-gap-default\">\n\t\t\t\t\t<div class=\"elementor-column elementor-col-25 elementor-top-column elementor-element elementor-element-b406edc\" data-id=\"b406edc\" data-element_type=\"column\" data-e-type=\"column\">\n\t\t\t<div class=\"elementor-widget-wrap elementor-element-populated\">\n\t\t\t\t\t\t<div class=\"elementor-element elementor-element-e843c9f animated-slow elementor-widget elementor-widget-image\" data-id=\"e843c9f\" data-element_type=\"widget\" data-e-type=\"widget\" data-settings=\"{&quot;_animation&quot;:&quot;none&quot;,&quot;_animation_delay&quot;:0}\" data-widget_type=\"image.default\">\n\t\t\t\t<div class=\"elementor-widget-container\">\n\t\t\t\t\t\t\t\t\t\t\t\t\t\t\t\t<a href=\"https:\/\/juanfelipecordobaart.com\/index.php\/sueno-1\/\">\n\t\t\t\t\t\t\t<img fetchpriority=\"high\" decoding=\"async\" width=\"711\" height=\"1024\" src=\"https:\/\/juanfelipecordobaart.com\/wp-content\/uploads\/2023\/02\/Remando-a-solas-1-copia-711x1024.jpg\" class=\"elementor-animation-grow attachment-large size-large wp-image-247\" alt=\"\" srcset=\"https:\/\/juanfelipecordobaart.com\/wp-content\/uploads\/2023\/02\/Remando-a-solas-1-copia-711x1024.jpg 711w, https:\/\/juanfelipecordobaart.com\/wp-content\/uploads\/2023\/02\/Remando-a-solas-1-copia-208x300.jpg 208w, https:\/\/juanfelipecordobaart.com\/wp-content\/uploads\/2023\/02\/Remando-a-solas-1-copia-768x1107.jpg 768w, https:\/\/juanfelipecordobaart.com\/wp-content\/uploads\/2023\/02\/Remando-a-solas-1-copia-1066x1536.jpg 1066w, https:\/\/juanfelipecordobaart.com\/wp-content\/uploads\/2023\/02\/Remando-a-solas-1-copia-1421x2048.jpg 1421w, https:\/\/juanfelipecordobaart.com\/wp-content\/uploads\/2023\/02\/Remando-a-solas-1-copia-600x865.jpg 600w, https:\/\/juanfelipecordobaart.com\/wp-content\/uploads\/2023\/02\/Remando-a-solas-1-copia-scaled.jpg 1776w\" sizes=\"(max-width: 711px) 100vw, 711px\" \/>\t\t\t\t\t\t\t\t<\/a>\n\t\t\t\t\t\t\t\t\t\t\t\t\t\t\t<\/div>\n\t\t\t\t<\/div>\n\t\t\t\t\t<\/div>\n\t\t<\/div>\n\t\t\t\t<div class=\"elementor-column elementor-col-25 elementor-top-column elementor-element elementor-element-46d2995\" data-id=\"46d2995\" data-element_type=\"column\" data-e-type=\"column\">\n\t\t\t<div class=\"elementor-widget-wrap elementor-element-populated\">\n\t\t\t\t\t\t<div class=\"elementor-element elementor-element-8f66371 elementor-widget elementor-widget-image\" data-id=\"8f66371\" data-element_type=\"widget\" data-e-type=\"widget\" data-widget_type=\"image.default\">\n\t\t\t\t<div class=\"elementor-widget-container\">\n\t\t\t\t\t\t\t\t\t\t\t\t\t\t\t\t<a href=\"https:\/\/juanfelipecordobaart.com\/index.php\/sueno-2\/\">\n\t\t\t\t\t\t\t<img decoding=\"async\" width=\"710\" height=\"1024\" src=\"https:\/\/juanfelipecordobaart.com\/wp-content\/uploads\/2023\/02\/Remando-a-solas-5-copia-710x1024.jpg\" class=\"elementor-animation-grow attachment-large size-large wp-image-276\" alt=\"\" srcset=\"https:\/\/juanfelipecordobaart.com\/wp-content\/uploads\/2023\/02\/Remando-a-solas-5-copia-710x1024.jpg 710w, https:\/\/juanfelipecordobaart.com\/wp-content\/uploads\/2023\/02\/Remando-a-solas-5-copia-208x300.jpg 208w, https:\/\/juanfelipecordobaart.com\/wp-content\/uploads\/2023\/02\/Remando-a-solas-5-copia-768x1107.jpg 768w, https:\/\/juanfelipecordobaart.com\/wp-content\/uploads\/2023\/02\/Remando-a-solas-5-copia-1065x1536.jpg 1065w, https:\/\/juanfelipecordobaart.com\/wp-content\/uploads\/2023\/02\/Remando-a-solas-5-copia-1421x2048.jpg 1421w, https:\/\/juanfelipecordobaart.com\/wp-content\/uploads\/2023\/02\/Remando-a-solas-5-copia-600x865.jpg 600w, https:\/\/juanfelipecordobaart.com\/wp-content\/uploads\/2023\/02\/Remando-a-solas-5-copia-scaled.jpg 1776w\" sizes=\"(max-width: 710px) 100vw, 710px\" \/>\t\t\t\t\t\t\t\t<\/a>\n\t\t\t\t\t\t\t\t\t\t\t\t\t\t\t<\/div>\n\t\t\t\t<\/div>\n\t\t\t\t\t<\/div>\n\t\t<\/div>\n\t\t\t\t<div class=\"elementor-column elementor-col-25 elementor-top-column elementor-element elementor-element-b55140a\" data-id=\"b55140a\" data-element_type=\"column\" data-e-type=\"column\">\n\t\t\t<div class=\"elementor-widget-wrap elementor-element-populated\">\n\t\t\t\t\t\t<div class=\"elementor-element elementor-element-121d319 elementor-widget elementor-widget-image\" data-id=\"121d319\" data-element_type=\"widget\" data-e-type=\"widget\" data-widget_type=\"image.default\">\n\t\t\t\t<div class=\"elementor-widget-container\">\n\t\t\t\t\t\t\t\t\t\t\t\t\t\t\t\t<a href=\"https:\/\/juanfelipecordobaart.com\/index.php\/sueno-3\/\">\n\t\t\t\t\t\t\t<img decoding=\"async\" width=\"717\" height=\"1024\" src=\"https:\/\/juanfelipecordobaart.com\/wp-content\/uploads\/2023\/02\/Remando-a-solas-4-copia-717x1024.jpg\" class=\"elementor-animation-grow attachment-large size-large wp-image-275\" alt=\"\" srcset=\"https:\/\/juanfelipecordobaart.com\/wp-content\/uploads\/2023\/02\/Remando-a-solas-4-copia-717x1024.jpg 717w, https:\/\/juanfelipecordobaart.com\/wp-content\/uploads\/2023\/02\/Remando-a-solas-4-copia-210x300.jpg 210w, https:\/\/juanfelipecordobaart.com\/wp-content\/uploads\/2023\/02\/Remando-a-solas-4-copia-768x1096.jpg 768w, https:\/\/juanfelipecordobaart.com\/wp-content\/uploads\/2023\/02\/Remando-a-solas-4-copia-1076x1536.jpg 1076w, https:\/\/juanfelipecordobaart.com\/wp-content\/uploads\/2023\/02\/Remando-a-solas-4-copia-1435x2048.jpg 1435w, https:\/\/juanfelipecordobaart.com\/wp-content\/uploads\/2023\/02\/Remando-a-solas-4-copia-600x857.jpg 600w, https:\/\/juanfelipecordobaart.com\/wp-content\/uploads\/2023\/02\/Remando-a-solas-4-copia-scaled.jpg 1793w\" sizes=\"(max-width: 717px) 100vw, 717px\" \/>\t\t\t\t\t\t\t\t<\/a>\n\t\t\t\t\t\t\t\t\t\t\t\t\t\t\t<\/div>\n\t\t\t\t<\/div>\n\t\t\t\t\t<\/div>\n\t\t<\/div>\n\t\t\t\t<div class=\"elementor-column elementor-col-25 elementor-top-column elementor-element elementor-element-f2376c2\" data-id=\"f2376c2\" data-element_type=\"column\" data-e-type=\"column\">\n\t\t\t<div class=\"elementor-widget-wrap elementor-element-populated\">\n\t\t\t\t\t\t<div class=\"elementor-element elementor-element-10acfb0 elementor-widget elementor-widget-image\" data-id=\"10acfb0\" data-element_type=\"widget\" data-e-type=\"widget\" data-widget_type=\"image.default\">\n\t\t\t\t<div class=\"elementor-widget-container\">\n\t\t\t\t\t\t\t\t\t\t\t\t\t\t\t\t<a href=\"https:\/\/juanfelipecordobaart.com\/index.php\/sueno-4\/\">\n\t\t\t\t\t\t\t<img loading=\"lazy\" decoding=\"async\" width=\"711\" height=\"1024\" src=\"https:\/\/juanfelipecordobaart.com\/wp-content\/uploads\/2023\/02\/Remando-a-solas-3-copia-711x1024.jpg\" class=\"elementor-animation-grow attachment-large size-large wp-image-274\" alt=\"\" srcset=\"https:\/\/juanfelipecordobaart.com\/wp-content\/uploads\/2023\/02\/Remando-a-solas-3-copia-711x1024.jpg 711w, https:\/\/juanfelipecordobaart.com\/wp-content\/uploads\/2023\/02\/Remando-a-solas-3-copia-208x300.jpg 208w, https:\/\/juanfelipecordobaart.com\/wp-content\/uploads\/2023\/02\/Remando-a-solas-3-copia-768x1106.jpg 768w, https:\/\/juanfelipecordobaart.com\/wp-content\/uploads\/2023\/02\/Remando-a-solas-3-copia-1067x1536.jpg 1067w, https:\/\/juanfelipecordobaart.com\/wp-content\/uploads\/2023\/02\/Remando-a-solas-3-copia-1423x2048.jpg 1423w, https:\/\/juanfelipecordobaart.com\/wp-content\/uploads\/2023\/02\/Remando-a-solas-3-copia-600x864.jpg 600w, https:\/\/juanfelipecordobaart.com\/wp-content\/uploads\/2023\/02\/Remando-a-solas-3-copia-scaled.jpg 1778w\" sizes=\"(max-width: 711px) 100vw, 711px\" \/>\t\t\t\t\t\t\t\t<\/a>\n\t\t\t\t\t\t\t\t\t\t\t\t\t\t\t<\/div>\n\t\t\t\t<\/div>\n\t\t\t\t\t<\/div>\n\t\t<\/div>\n\t\t\t\t\t<\/div>\n\t\t<\/section>\n\t\t\t\t<\/div>\n\t\t","protected":false},"excerpt":{"rendered":"<p>Remando a Solas Remando a solas es un proyecto que surge a trav\u00e9s del registro de los sue\u00f1os, los cuales progresivamente se fueron articularon para entender como la experiencia on\u00edrica es un puente hacia un inconsciente colectivo en el cual, hay una suerte de reflejo de autopercepci\u00f3n de identidad por medio de la imagen y [&hellip;]<\/p>\n","protected":false},"author":1,"featured_media":0,"parent":0,"menu_order":0,"comment_status":"closed","ping_status":"closed","template":"","meta":{"footnotes":""},"class_list":["post-304","page","type-page","status-publish","hentry"],"_links":{"self":[{"href":"https:\/\/juanfelipecordobaart.com\/index.php\/wp-json\/wp\/v2\/pages\/304","targetHints":{"allow":["GET"]}}],"collection":[{"href":"https:\/\/juanfelipecordobaart.com\/index.php\/wp-json\/wp\/v2\/pages"}],"about":[{"href":"https:\/\/juanfelipecordobaart.com\/index.php\/wp-json\/wp\/v2\/types\/page"}],"author":[{"embeddable":true,"href":"https:\/\/juanfelipecordobaart.com\/index.php\/wp-json\/wp\/v2\/users\/1"}],"replies":[{"embeddable":true,"href":"https:\/\/juanfelipecordobaart.com\/index.php\/wp-json\/wp\/v2\/comments?post=304"}],"version-history":[{"count":28,"href":"https:\/\/juanfelipecordobaart.com\/index.php\/wp-json\/wp\/v2\/pages\/304\/revisions"}],"predecessor-version":[{"id":1441,"href":"https:\/\/juanfelipecordobaart.com\/index.php\/wp-json\/wp\/v2\/pages\/304\/revisions\/1441"}],"wp:attachment":[{"href":"https:\/\/juanfelipecordobaart.com\/index.php\/wp-json\/wp\/v2\/media?parent=304"}],"curies":[{"name":"wp","href":"https:\/\/api.w.org\/{rel}","templated":true}]}}