{"id":1683,"date":"2026-01-30T06:42:50","date_gmt":"2026-01-30T06:42:50","guid":{"rendered":"https:\/\/juanfelipecordobaart.com\/?page_id=1683"},"modified":"2026-01-30T06:44:15","modified_gmt":"2026-01-30T06:44:15","slug":"elementor-1683","status":"publish","type":"page","link":"https:\/\/juanfelipecordobaart.com\/index.php\/elementor-1683\/","title":{"rendered":""},"content":{"rendered":"\t\t<div data-elementor-type=\"wp-page\" data-elementor-id=\"1683\" class=\"elementor elementor-1683\">\n\t\t\t\t\t\t<section class=\"elementor-section elementor-top-section elementor-element elementor-element-291b871 elementor-section-boxed elementor-section-height-default elementor-section-height-default\" data-id=\"291b871\" data-element_type=\"section\" data-e-type=\"section\">\n\t\t\t\t\t\t<div class=\"elementor-container elementor-column-gap-default\">\n\t\t\t\t\t<div class=\"elementor-column elementor-col-100 elementor-top-column elementor-element elementor-element-b3b6990\" data-id=\"b3b6990\" data-element_type=\"column\" data-e-type=\"column\">\n\t\t\t<div class=\"elementor-widget-wrap elementor-element-populated\">\n\t\t\t\t\t\t<div class=\"elementor-element elementor-element-d864385 elementor-widget elementor-widget-spacer\" data-id=\"d864385\" data-element_type=\"widget\" data-e-type=\"widget\" data-widget_type=\"spacer.default\">\n\t\t\t\t<div class=\"elementor-widget-container\">\n\t\t\t\t\t\t\t<div class=\"elementor-spacer\">\n\t\t\t<div class=\"elementor-spacer-inner\"><\/div>\n\t\t<\/div>\n\t\t\t\t\t\t<\/div>\n\t\t\t\t<\/div>\n\t\t\t\t\t<\/div>\n\t\t<\/div>\n\t\t\t\t\t<\/div>\n\t\t<\/section>\n\t\t\t\t<section class=\"elementor-section elementor-top-section elementor-element elementor-element-14b2ced elementor-section-boxed elementor-section-height-default elementor-section-height-default\" data-id=\"14b2ced\" data-element_type=\"section\" data-e-type=\"section\">\n\t\t\t\t\t\t<div class=\"elementor-container elementor-column-gap-default\">\n\t\t\t\t\t<div class=\"elementor-column elementor-col-50 elementor-top-column elementor-element elementor-element-991a42a\" data-id=\"991a42a\" data-element_type=\"column\" data-e-type=\"column\">\n\t\t\t<div class=\"elementor-widget-wrap elementor-element-populated\">\n\t\t\t\t\t\t<div class=\"elementor-element elementor-element-e3e6ac8 elementor-widget elementor-widget-image\" data-id=\"e3e6ac8\" data-element_type=\"widget\" data-e-type=\"widget\" data-widget_type=\"image.default\">\n\t\t\t\t<div class=\"elementor-widget-container\">\n\t\t\t\t\t\t\t\t\t\t\t\t\t\t\t<img fetchpriority=\"high\" decoding=\"async\" width=\"683\" height=\"1024\" src=\"https:\/\/juanfelipecordobaart.com\/wp-content\/uploads\/2026\/01\/Pajaro-Carpintero-Real-683x1024.jpg\" class=\"attachment-large size-large wp-image-1502\" alt=\"\" srcset=\"https:\/\/juanfelipecordobaart.com\/wp-content\/uploads\/2026\/01\/Pajaro-Carpintero-Real-683x1024.jpg 683w, https:\/\/juanfelipecordobaart.com\/wp-content\/uploads\/2026\/01\/Pajaro-Carpintero-Real-200x300.jpg 200w, https:\/\/juanfelipecordobaart.com\/wp-content\/uploads\/2026\/01\/Pajaro-Carpintero-Real-768x1152.jpg 768w, https:\/\/juanfelipecordobaart.com\/wp-content\/uploads\/2026\/01\/Pajaro-Carpintero-Real-1024x1536.jpg 1024w, https:\/\/juanfelipecordobaart.com\/wp-content\/uploads\/2026\/01\/Pajaro-Carpintero-Real-1365x2048.jpg 1365w, https:\/\/juanfelipecordobaart.com\/wp-content\/uploads\/2026\/01\/Pajaro-Carpintero-Real-600x900.jpg 600w, https:\/\/juanfelipecordobaart.com\/wp-content\/uploads\/2026\/01\/Pajaro-Carpintero-Real-scaled.jpg 1707w\" sizes=\"(max-width: 683px) 100vw, 683px\" \/>\t\t\t\t\t\t\t\t\t\t\t\t\t\t\t<\/div>\n\t\t\t\t<\/div>\n\t\t\t\t\t<\/div>\n\t\t<\/div>\n\t\t\t\t<div class=\"elementor-column elementor-col-50 elementor-top-column elementor-element elementor-element-447c883\" data-id=\"447c883\" data-element_type=\"column\" data-e-type=\"column\">\n\t\t\t<div class=\"elementor-widget-wrap elementor-element-populated\">\n\t\t\t\t\t\t<div class=\"elementor-element elementor-element-a97dbc0 elementor-widget elementor-widget-text-editor\" data-id=\"a97dbc0\" data-element_type=\"widget\" data-e-type=\"widget\" data-widget_type=\"text-editor.default\">\n\t\t\t\t<div class=\"elementor-widget-container\">\n\t\t\t\t\t\t\t\t\t<p><strong><span style=\"font-family: arial, helvetica, sans-serif;\">Juan Felipe C\u00f3rdoba Arturo<\/span><\/strong><\/p><p><em><span style=\"font-family: arial, helvetica, sans-serif;\">L\u00e1grimas de Midas, P\u00e1jaro carpintero real, 2025<\/span><\/em><\/p><p><span style=\"font-family: arial, helvetica, sans-serif;\">Dibujo scratch<\/span><\/p><p><span style=\"font-family: arial, helvetica, sans-serif;\">Tinta litogr\u00e1fica y laminilla dorada<\/span><\/p><p><span style=\"font-family: arial, helvetica, sans-serif;\">20 \u00d7 30 cm<\/span><\/p>\t\t\t\t\t\t\t\t<\/div>\n\t\t\t\t<\/div>\n\t\t\t\t\t<\/div>\n\t\t<\/div>\n\t\t\t\t\t<\/div>\n\t\t<\/section>\n\t\t\t\t<\/div>\n\t\t","protected":false},"excerpt":{"rendered":"<p>Juan Felipe C\u00f3rdoba Arturo L\u00e1grimas de Midas, P\u00e1jaro carpintero real, 2025 Dibujo scratch Tinta litogr\u00e1fica y laminilla dorada 20 \u00d7 30 cm<\/p>\n","protected":false},"author":1,"featured_media":0,"parent":0,"menu_order":0,"comment_status":"closed","ping_status":"closed","template":"","meta":{"footnotes":""},"class_list":["post-1683","page","type-page","status-publish","hentry"],"_links":{"self":[{"href":"https:\/\/juanfelipecordobaart.com\/index.php\/wp-json\/wp\/v2\/pages\/1683","targetHints":{"allow":["GET"]}}],"collection":[{"href":"https:\/\/juanfelipecordobaart.com\/index.php\/wp-json\/wp\/v2\/pages"}],"about":[{"href":"https:\/\/juanfelipecordobaart.com\/index.php\/wp-json\/wp\/v2\/types\/page"}],"author":[{"embeddable":true,"href":"https:\/\/juanfelipecordobaart.com\/index.php\/wp-json\/wp\/v2\/users\/1"}],"replies":[{"embeddable":true,"href":"https:\/\/juanfelipecordobaart.com\/index.php\/wp-json\/wp\/v2\/comments?post=1683"}],"version-history":[{"count":5,"href":"https:\/\/juanfelipecordobaart.com\/index.php\/wp-json\/wp\/v2\/pages\/1683\/revisions"}],"predecessor-version":[{"id":1688,"href":"https:\/\/juanfelipecordobaart.com\/index.php\/wp-json\/wp\/v2\/pages\/1683\/revisions\/1688"}],"wp:attachment":[{"href":"https:\/\/juanfelipecordobaart.com\/index.php\/wp-json\/wp\/v2\/media?parent=1683"}],"curies":[{"name":"wp","href":"https:\/\/api.w.org\/{rel}","templated":true}]}}