{"id":1656,"date":"2026-01-30T06:36:55","date_gmt":"2026-01-30T06:36:55","guid":{"rendered":"https:\/\/juanfelipecordobaart.com\/?page_id=1656"},"modified":"2026-01-30T06:38:27","modified_gmt":"2026-01-30T06:38:27","slug":"elementor-1656","status":"publish","type":"page","link":"https:\/\/juanfelipecordobaart.com\/index.php\/elementor-1656\/","title":{"rendered":""},"content":{"rendered":"\t\t<div data-elementor-type=\"wp-page\" data-elementor-id=\"1656\" class=\"elementor elementor-1656\">\n\t\t\t\t\t\t<section class=\"elementor-section elementor-top-section elementor-element elementor-element-984506d elementor-section-boxed elementor-section-height-default elementor-section-height-default\" data-id=\"984506d\" data-element_type=\"section\" data-e-type=\"section\">\n\t\t\t\t\t\t<div class=\"elementor-container elementor-column-gap-default\">\n\t\t\t\t\t<div class=\"elementor-column elementor-col-100 elementor-top-column elementor-element elementor-element-d6d1cd3\" data-id=\"d6d1cd3\" data-element_type=\"column\" data-e-type=\"column\">\n\t\t\t<div class=\"elementor-widget-wrap elementor-element-populated\">\n\t\t\t\t\t\t<div class=\"elementor-element elementor-element-c5195d3 elementor-widget elementor-widget-spacer\" data-id=\"c5195d3\" data-element_type=\"widget\" data-e-type=\"widget\" data-widget_type=\"spacer.default\">\n\t\t\t\t<div class=\"elementor-widget-container\">\n\t\t\t\t\t\t\t<div class=\"elementor-spacer\">\n\t\t\t<div class=\"elementor-spacer-inner\"><\/div>\n\t\t<\/div>\n\t\t\t\t\t\t<\/div>\n\t\t\t\t<\/div>\n\t\t\t\t\t<\/div>\n\t\t<\/div>\n\t\t\t\t\t<\/div>\n\t\t<\/section>\n\t\t\t\t<section class=\"elementor-section elementor-top-section elementor-element elementor-element-f6ff897 elementor-section-boxed elementor-section-height-default elementor-section-height-default\" data-id=\"f6ff897\" data-element_type=\"section\" data-e-type=\"section\">\n\t\t\t\t\t\t<div class=\"elementor-container elementor-column-gap-default\">\n\t\t\t\t\t<div class=\"elementor-column elementor-col-50 elementor-top-column elementor-element elementor-element-35d8f00\" data-id=\"35d8f00\" data-element_type=\"column\" data-e-type=\"column\">\n\t\t\t<div class=\"elementor-widget-wrap elementor-element-populated\">\n\t\t\t\t\t\t<div class=\"elementor-element elementor-element-d92a699 elementor-widget elementor-widget-image\" data-id=\"d92a699\" data-element_type=\"widget\" data-e-type=\"widget\" data-widget_type=\"image.default\">\n\t\t\t\t<div class=\"elementor-widget-container\">\n\t\t\t\t\t\t\t\t\t\t\t\t\t\t\t<img fetchpriority=\"high\" decoding=\"async\" width=\"683\" height=\"1024\" src=\"https:\/\/juanfelipecordobaart.com\/wp-content\/uploads\/2026\/01\/Condor-Andino-683x1024.jpg\" class=\"attachment-large size-large wp-image-1499\" alt=\"\" srcset=\"https:\/\/juanfelipecordobaart.com\/wp-content\/uploads\/2026\/01\/Condor-Andino-683x1024.jpg 683w, https:\/\/juanfelipecordobaart.com\/wp-content\/uploads\/2026\/01\/Condor-Andino-200x300.jpg 200w, https:\/\/juanfelipecordobaart.com\/wp-content\/uploads\/2026\/01\/Condor-Andino-768x1152.jpg 768w, https:\/\/juanfelipecordobaart.com\/wp-content\/uploads\/2026\/01\/Condor-Andino-1024x1536.jpg 1024w, https:\/\/juanfelipecordobaart.com\/wp-content\/uploads\/2026\/01\/Condor-Andino-1365x2048.jpg 1365w, https:\/\/juanfelipecordobaart.com\/wp-content\/uploads\/2026\/01\/Condor-Andino-600x900.jpg 600w, https:\/\/juanfelipecordobaart.com\/wp-content\/uploads\/2026\/01\/Condor-Andino-scaled.jpg 1707w\" sizes=\"(max-width: 683px) 100vw, 683px\" \/>\t\t\t\t\t\t\t\t\t\t\t\t\t\t\t<\/div>\n\t\t\t\t<\/div>\n\t\t\t\t\t<\/div>\n\t\t<\/div>\n\t\t\t\t<div class=\"elementor-column elementor-col-50 elementor-top-column elementor-element elementor-element-1f995c2\" data-id=\"1f995c2\" data-element_type=\"column\" data-e-type=\"column\">\n\t\t\t<div class=\"elementor-widget-wrap elementor-element-populated\">\n\t\t\t\t\t\t<div class=\"elementor-element elementor-element-458055f elementor-widget elementor-widget-text-editor\" data-id=\"458055f\" data-element_type=\"widget\" data-e-type=\"widget\" data-widget_type=\"text-editor.default\">\n\t\t\t\t<div class=\"elementor-widget-container\">\n\t\t\t\t\t\t\t\t\t<p><strong><span style=\"font-family: arial, helvetica, sans-serif;\">Juan Felipe C\u00f3rdoba Arturo<\/span><\/strong><\/p><p><em><span style=\"font-family: arial, helvetica, sans-serif;\">L\u00e1grimas de Midas, C\u00f3ndor Andino, 2025<\/span><\/em><\/p><p><span style=\"font-family: arial, helvetica, sans-serif;\">Dibujo scratch<\/span><\/p><p><span style=\"font-family: arial, helvetica, sans-serif;\">Tinta litogr\u00e1fica y laminilla dorada<\/span><\/p><p><span style=\"font-family: arial, helvetica, sans-serif;\">20 \u00d7 30 cm<\/span><\/p>\t\t\t\t\t\t\t\t<\/div>\n\t\t\t\t<\/div>\n\t\t\t\t\t<\/div>\n\t\t<\/div>\n\t\t\t\t\t<\/div>\n\t\t<\/section>\n\t\t\t\t<\/div>\n\t\t","protected":false},"excerpt":{"rendered":"<p>Juan Felipe C\u00f3rdoba Arturo L\u00e1grimas de Midas, C\u00f3ndor Andino, 2025 Dibujo scratch Tinta litogr\u00e1fica y laminilla dorada 20 \u00d7 30 cm<\/p>\n","protected":false},"author":1,"featured_media":0,"parent":0,"menu_order":0,"comment_status":"closed","ping_status":"closed","template":"","meta":{"footnotes":""},"class_list":["post-1656","page","type-page","status-publish","hentry"],"_links":{"self":[{"href":"https:\/\/juanfelipecordobaart.com\/index.php\/wp-json\/wp\/v2\/pages\/1656","targetHints":{"allow":["GET"]}}],"collection":[{"href":"https:\/\/juanfelipecordobaart.com\/index.php\/wp-json\/wp\/v2\/pages"}],"about":[{"href":"https:\/\/juanfelipecordobaart.com\/index.php\/wp-json\/wp\/v2\/types\/page"}],"author":[{"embeddable":true,"href":"https:\/\/juanfelipecordobaart.com\/index.php\/wp-json\/wp\/v2\/users\/1"}],"replies":[{"embeddable":true,"href":"https:\/\/juanfelipecordobaart.com\/index.php\/wp-json\/wp\/v2\/comments?post=1656"}],"version-history":[{"count":5,"href":"https:\/\/juanfelipecordobaart.com\/index.php\/wp-json\/wp\/v2\/pages\/1656\/revisions"}],"predecessor-version":[{"id":1661,"href":"https:\/\/juanfelipecordobaart.com\/index.php\/wp-json\/wp\/v2\/pages\/1656\/revisions\/1661"}],"wp:attachment":[{"href":"https:\/\/juanfelipecordobaart.com\/index.php\/wp-json\/wp\/v2\/media?parent=1656"}],"curies":[{"name":"wp","href":"https:\/\/api.w.org\/{rel}","templated":true}]}}