{"id":1274,"date":"2024-07-30T00:51:38","date_gmt":"2024-07-30T00:51:38","guid":{"rendered":"https:\/\/juanfelipecordobaart.com\/?page_id=1274"},"modified":"2024-07-31T03:21:59","modified_gmt":"2024-07-31T03:21:59","slug":"elementor-1274","status":"publish","type":"page","link":"https:\/\/juanfelipecordobaart.com\/index.php\/elementor-1274\/","title":{"rendered":""},"content":{"rendered":"\t\t<div data-elementor-type=\"wp-page\" data-elementor-id=\"1274\" class=\"elementor elementor-1274\">\n\t\t\t\t\t\t<section class=\"elementor-section elementor-top-section elementor-element elementor-element-5944ec2 elementor-section-boxed elementor-section-height-default elementor-section-height-default\" data-id=\"5944ec2\" data-element_type=\"section\" data-e-type=\"section\">\n\t\t\t\t\t\t<div class=\"elementor-container elementor-column-gap-default\">\n\t\t\t\t\t<div class=\"elementor-column elementor-col-100 elementor-top-column elementor-element elementor-element-7948f34\" data-id=\"7948f34\" data-element_type=\"column\" data-e-type=\"column\">\n\t\t\t<div class=\"elementor-widget-wrap elementor-element-populated\">\n\t\t\t\t\t\t<div class=\"elementor-element elementor-element-7a54e79 elementor-widget elementor-widget-spacer\" data-id=\"7a54e79\" data-element_type=\"widget\" data-e-type=\"widget\" data-widget_type=\"spacer.default\">\n\t\t\t\t<div class=\"elementor-widget-container\">\n\t\t\t\t\t\t\t<div class=\"elementor-spacer\">\n\t\t\t<div class=\"elementor-spacer-inner\"><\/div>\n\t\t<\/div>\n\t\t\t\t\t\t<\/div>\n\t\t\t\t<\/div>\n\t\t\t\t\t<\/div>\n\t\t<\/div>\n\t\t\t\t\t<\/div>\n\t\t<\/section>\n\t\t\t\t<section class=\"elementor-section elementor-top-section elementor-element elementor-element-44cba75 elementor-section-boxed elementor-section-height-default elementor-section-height-default\" data-id=\"44cba75\" data-element_type=\"section\" data-e-type=\"section\">\n\t\t\t\t\t\t<div class=\"elementor-container elementor-column-gap-default\">\n\t\t\t\t\t<div class=\"elementor-column elementor-col-100 elementor-top-column elementor-element elementor-element-c1ff0b2\" data-id=\"c1ff0b2\" data-element_type=\"column\" data-e-type=\"column\">\n\t\t\t<div class=\"elementor-widget-wrap elementor-element-populated\">\n\t\t\t\t\t\t<div class=\"elementor-element elementor-element-f196e9a elementor-widget elementor-widget-heading\" data-id=\"f196e9a\" data-element_type=\"widget\" data-e-type=\"widget\" data-widget_type=\"heading.default\">\n\t\t\t\t<div class=\"elementor-widget-container\">\n\t\t\t\t\t<h3 class=\"elementor-heading-title elementor-size-default\"><font style=\"vertical-align: inherit\"><\/font><font style=\"vertical-align: inherit\"><font style=\"vertical-align: inherit\"><font style=\"vertical-align: inherit\"><font style=\"vertical-align: inherit\"><font style=\"vertical-align: inherit\"><font style=\"vertical-align: inherit\">Logotipo,<\/font><\/font><\/font><\/font><\/font><\/font><font style=\"vertical-align: inherit\"><font style=\"vertical-align: inherit\"> Taller \"Logo Lab\", Colegio Gimnasio Moderno, Bogot\u00e1<\/font><\/font><\/h3>\t\t\t\t<\/div>\n\t\t\t\t<\/div>\n\t\t\t\t\t<\/div>\n\t\t<\/div>\n\t\t\t\t\t<\/div>\n\t\t<\/section>\n\t\t\t\t<section class=\"elementor-section elementor-top-section elementor-element elementor-element-7ff3779 elementor-section-boxed elementor-section-height-default elementor-section-height-default\" data-id=\"7ff3779\" data-element_type=\"section\" data-e-type=\"section\">\n\t\t\t\t\t\t<div class=\"elementor-container elementor-column-gap-default\">\n\t\t\t\t\t<div class=\"elementor-column elementor-col-100 elementor-top-column elementor-element elementor-element-8f49491\" data-id=\"8f49491\" data-element_type=\"column\" data-e-type=\"column\">\n\t\t\t<div class=\"elementor-widget-wrap elementor-element-populated\">\n\t\t\t\t\t\t<div class=\"elementor-element elementor-element-d6b81a2 elementor-widget elementor-widget-image\" data-id=\"d6b81a2\" data-element_type=\"widget\" data-e-type=\"widget\" data-widget_type=\"image.default\">\n\t\t\t\t<div class=\"elementor-widget-container\">\n\t\t\t\t\t\t\t\t\t\t\t\t\t\t\t<img fetchpriority=\"high\" decoding=\"async\" width=\"800\" height=\"798\" src=\"https:\/\/juanfelipecordobaart.com\/wp-content\/uploads\/2024\/07\/LOGO-LogoLab-1024x1021.png\" class=\"attachment-large size-large wp-image-1273\" alt=\"\" srcset=\"https:\/\/juanfelipecordobaart.com\/wp-content\/uploads\/2024\/07\/LOGO-LogoLab-1024x1021.png 1024w, https:\/\/juanfelipecordobaart.com\/wp-content\/uploads\/2024\/07\/LOGO-LogoLab-300x300.png 300w, https:\/\/juanfelipecordobaart.com\/wp-content\/uploads\/2024\/07\/LOGO-LogoLab-150x150.png 150w, https:\/\/juanfelipecordobaart.com\/wp-content\/uploads\/2024\/07\/LOGO-LogoLab-768x766.png 768w, https:\/\/juanfelipecordobaart.com\/wp-content\/uploads\/2024\/07\/LOGO-LogoLab-600x598.png 600w, https:\/\/juanfelipecordobaart.com\/wp-content\/uploads\/2024\/07\/LOGO-LogoLab-100x100.png 100w, https:\/\/juanfelipecordobaart.com\/wp-content\/uploads\/2024\/07\/LOGO-LogoLab.png 1390w\" sizes=\"(max-width: 800px) 100vw, 800px\" \/>\t\t\t\t\t\t\t\t\t\t\t\t\t\t\t<\/div>\n\t\t\t\t<\/div>\n\t\t\t\t\t<\/div>\n\t\t<\/div>\n\t\t\t\t\t<\/div>\n\t\t<\/section>\n\t\t\t\t<section class=\"elementor-section elementor-top-section elementor-element elementor-element-3ad1dea elementor-section-boxed elementor-section-height-default elementor-section-height-default\" data-id=\"3ad1dea\" data-element_type=\"section\" data-e-type=\"section\">\n\t\t\t\t\t\t<div class=\"elementor-container elementor-column-gap-default\">\n\t\t\t\t\t<div class=\"elementor-column elementor-col-100 elementor-top-column elementor-element elementor-element-75fdb1a\" data-id=\"75fdb1a\" data-element_type=\"column\" data-e-type=\"column\">\n\t\t\t<div class=\"elementor-widget-wrap elementor-element-populated\">\n\t\t\t\t\t\t<div class=\"elementor-element elementor-element-a9136dd elementor-widget elementor-widget-spacer\" data-id=\"a9136dd\" data-element_type=\"widget\" data-e-type=\"widget\" data-widget_type=\"spacer.default\">\n\t\t\t\t<div class=\"elementor-widget-container\">\n\t\t\t\t\t\t\t<div class=\"elementor-spacer\">\n\t\t\t<div class=\"elementor-spacer-inner\"><\/div>\n\t\t<\/div>\n\t\t\t\t\t\t<\/div>\n\t\t\t\t<\/div>\n\t\t\t\t\t<\/div>\n\t\t<\/div>\n\t\t\t\t\t<\/div>\n\t\t<\/section>\n\t\t\t\t<section class=\"elementor-section elementor-top-section elementor-element elementor-element-9fcaeea elementor-section-boxed elementor-section-height-default elementor-section-height-default\" data-id=\"9fcaeea\" data-element_type=\"section\" data-e-type=\"section\">\n\t\t\t\t\t\t<div class=\"elementor-container elementor-column-gap-default\">\n\t\t\t\t\t<div class=\"elementor-column elementor-col-100 elementor-top-column elementor-element elementor-element-3734800\" data-id=\"3734800\" data-element_type=\"column\" data-e-type=\"column\">\n\t\t\t<div class=\"elementor-widget-wrap elementor-element-populated\">\n\t\t\t\t\t\t<div class=\"elementor-element elementor-element-06350c8 elementor-widget elementor-widget-heading\" data-id=\"06350c8\" data-element_type=\"widget\" data-e-type=\"widget\" data-widget_type=\"heading.default\">\n\t\t\t\t<div class=\"elementor-widget-container\">\n\t\t\t\t\t<h2 class=\"elementor-heading-title elementor-size-default\"><div style=\"text-align: center\"><span style=\"font-size: 2rem;font-weight: var( --e-global-typography-primary-font-weight )\"><font color=\"#727272\" face=\"Helvetica, sans-serif\">Redise\u00f1o logotipo Acueducto de \u00datica, 2023<\/font><\/span><span style=\"color: var( --e-global-color-primary );font-family: var( --e-global-typography-primary-font-family ), Sans-serif;font-size: 2rem;font-weight: var( --e-global-typography-primary-font-weight )\"><\/span><\/div><\/h2>\t\t\t\t<\/div>\n\t\t\t\t<\/div>\n\t\t\t\t\t<\/div>\n\t\t<\/div>\n\t\t\t\t\t<\/div>\n\t\t<\/section>\n\t\t\t\t<section class=\"elementor-section elementor-top-section elementor-element elementor-element-55be8e1 elementor-section-boxed elementor-section-height-default elementor-section-height-default\" data-id=\"55be8e1\" data-element_type=\"section\" data-e-type=\"section\">\n\t\t\t\t\t\t<div class=\"elementor-container elementor-column-gap-default\">\n\t\t\t\t\t<div class=\"elementor-column elementor-col-100 elementor-top-column elementor-element elementor-element-a0b0c66\" data-id=\"a0b0c66\" data-element_type=\"column\" data-e-type=\"column\">\n\t\t\t<div class=\"elementor-widget-wrap elementor-element-populated\">\n\t\t\t\t\t\t<div class=\"elementor-element elementor-element-4084e62 elementor-widget elementor-widget-image\" data-id=\"4084e62\" data-element_type=\"widget\" data-e-type=\"widget\" data-widget_type=\"image.default\">\n\t\t\t\t<div class=\"elementor-widget-container\">\n\t\t\t\t\t\t\t\t\t\t\t\t\t\t\t\t<a href=\"https:\/\/juanfelipecordobaart.com\/wp-content\/uploads\/2024\/07\/Logo-Acueducto-de-Utica-2.pdf\" target=\"_blank\">\n\t\t\t\t\t\t\t<img decoding=\"async\" width=\"768\" height=\"349\" src=\"https:\/\/juanfelipecordobaart.com\/wp-content\/uploads\/2024\/07\/dfdfdfd-768x349.jpg\" class=\"elementor-animation-grow attachment-medium_large size-medium_large wp-image-1277\" alt=\"\" srcset=\"https:\/\/juanfelipecordobaart.com\/wp-content\/uploads\/2024\/07\/dfdfdfd-768x349.jpg 768w, https:\/\/juanfelipecordobaart.com\/wp-content\/uploads\/2024\/07\/dfdfdfd-300x137.jpg 300w, https:\/\/juanfelipecordobaart.com\/wp-content\/uploads\/2024\/07\/dfdfdfd-1024x466.jpg 1024w, https:\/\/juanfelipecordobaart.com\/wp-content\/uploads\/2024\/07\/dfdfdfd-600x273.jpg 600w, https:\/\/juanfelipecordobaart.com\/wp-content\/uploads\/2024\/07\/dfdfdfd.jpg 1490w\" sizes=\"(max-width: 768px) 100vw, 768px\" \/>\t\t\t\t\t\t\t\t<\/a>\n\t\t\t\t\t\t\t\t\t\t\t\t\t\t\t<\/div>\n\t\t\t\t<\/div>\n\t\t\t\t\t<\/div>\n\t\t<\/div>\n\t\t\t\t\t<\/div>\n\t\t<\/section>\n\t\t\t\t<section class=\"elementor-section elementor-top-section elementor-element elementor-element-1b4347c elementor-section-boxed elementor-section-height-default elementor-section-height-default\" data-id=\"1b4347c\" data-element_type=\"section\" data-e-type=\"section\">\n\t\t\t\t\t\t<div class=\"elementor-container elementor-column-gap-default\">\n\t\t\t\t\t<div class=\"elementor-column elementor-col-100 elementor-top-column elementor-element elementor-element-8a346c2\" data-id=\"8a346c2\" data-element_type=\"column\" data-e-type=\"column\">\n\t\t\t<div class=\"elementor-widget-wrap elementor-element-populated\">\n\t\t\t\t\t\t<div class=\"elementor-element elementor-element-d2eb765 elementor-widget elementor-widget-spacer\" data-id=\"d2eb765\" data-element_type=\"widget\" data-e-type=\"widget\" data-widget_type=\"spacer.default\">\n\t\t\t\t<div class=\"elementor-widget-container\">\n\t\t\t\t\t\t\t<div class=\"elementor-spacer\">\n\t\t\t<div class=\"elementor-spacer-inner\"><\/div>\n\t\t<\/div>\n\t\t\t\t\t\t<\/div>\n\t\t\t\t<\/div>\n\t\t\t\t\t<\/div>\n\t\t<\/div>\n\t\t\t\t\t<\/div>\n\t\t<\/section>\n\t\t\t\t<section class=\"elementor-section elementor-top-section elementor-element elementor-element-8ea13b2 elementor-section-boxed elementor-section-height-default elementor-section-height-default\" data-id=\"8ea13b2\" data-element_type=\"section\" data-e-type=\"section\">\n\t\t\t\t\t\t<div class=\"elementor-container elementor-column-gap-default\">\n\t\t\t\t\t<div class=\"elementor-column elementor-col-100 elementor-top-column elementor-element elementor-element-19f3168\" data-id=\"19f3168\" data-element_type=\"column\" data-e-type=\"column\">\n\t\t\t<div class=\"elementor-widget-wrap elementor-element-populated\">\n\t\t\t\t\t\t<div class=\"elementor-element elementor-element-cf518e2 elementor-widget elementor-widget-heading\" data-id=\"cf518e2\" data-element_type=\"widget\" data-e-type=\"widget\" data-widget_type=\"heading.default\">\n\t\t\t\t<div class=\"elementor-widget-container\">\n\t\t\t\t\t<h2 class=\"elementor-heading-title elementor-size-default\"><h2 data-elementor-setting-key=\"title\" data-pen-placeholder=\"Type Here...\" style=\"font-family: var( --e-global-typography-primary-font-family ), Sans-serif;font-weight: var( --e-global-typography-primary-font-weight )\"><div style=\"text-align: center\"><span style=\"font-size: 2rem;font-weight: var( --e-global-typography-primary-font-weight )\"><font color=\"#727272\" face=\"Helvetica, sans-serif\">Logotipo Rems, ingenier\u00eda, 2024<\/font><\/span><\/div><\/h2><\/h2>\t\t\t\t<\/div>\n\t\t\t\t<\/div>\n\t\t\t\t\t<\/div>\n\t\t<\/div>\n\t\t\t\t\t<\/div>\n\t\t<\/section>\n\t\t\t\t<section class=\"elementor-section elementor-top-section elementor-element elementor-element-0c6e67a elementor-section-boxed elementor-section-height-default elementor-section-height-default\" data-id=\"0c6e67a\" data-element_type=\"section\" data-e-type=\"section\">\n\t\t\t\t\t\t<div class=\"elementor-container elementor-column-gap-default\">\n\t\t\t\t\t<div class=\"elementor-column elementor-col-100 elementor-top-column elementor-element elementor-element-bd57b4f\" data-id=\"bd57b4f\" data-element_type=\"column\" data-e-type=\"column\">\n\t\t\t<div class=\"elementor-widget-wrap elementor-element-populated\">\n\t\t\t\t\t\t<div class=\"elementor-element elementor-element-e1a4484 elementor-widget elementor-widget-image\" data-id=\"e1a4484\" data-element_type=\"widget\" data-e-type=\"widget\" data-widget_type=\"image.default\">\n\t\t\t\t<div class=\"elementor-widget-container\">\n\t\t\t\t\t\t\t\t\t\t\t\t\t\t\t<img decoding=\"async\" width=\"800\" height=\"344\" src=\"https:\/\/juanfelipecordobaart.com\/wp-content\/uploads\/2024\/07\/Imagotipo-Color-1024x440.png\" class=\"attachment-large size-large wp-image-1279\" alt=\"\" srcset=\"https:\/\/juanfelipecordobaart.com\/wp-content\/uploads\/2024\/07\/Imagotipo-Color-1024x440.png 1024w, https:\/\/juanfelipecordobaart.com\/wp-content\/uploads\/2024\/07\/Imagotipo-Color-300x129.png 300w, https:\/\/juanfelipecordobaart.com\/wp-content\/uploads\/2024\/07\/Imagotipo-Color-768x330.png 768w, https:\/\/juanfelipecordobaart.com\/wp-content\/uploads\/2024\/07\/Imagotipo-Color-1536x659.png 1536w, https:\/\/juanfelipecordobaart.com\/wp-content\/uploads\/2024\/07\/Imagotipo-Color-2048x879.png 2048w, https:\/\/juanfelipecordobaart.com\/wp-content\/uploads\/2024\/07\/Imagotipo-Color-600x258.png 600w\" sizes=\"(max-width: 800px) 100vw, 800px\" \/>\t\t\t\t\t\t\t\t\t\t\t\t\t\t\t<\/div>\n\t\t\t\t<\/div>\n\t\t\t\t\t<\/div>\n\t\t<\/div>\n\t\t\t\t\t<\/div>\n\t\t<\/section>\n\t\t\t\t<\/div>\n\t\t","protected":false},"excerpt":{"rendered":"<p>Logotipo, Taller &#8220;Logo Lab&#8221;, Colegio Gimnasio Moderno, Bogot\u00e1 Redise\u00f1o logotipo Acueducto de \u00datica, 2023 Logotipo Rems, ingenier\u00eda, 2024<\/p>\n","protected":false},"author":1,"featured_media":0,"parent":0,"menu_order":0,"comment_status":"closed","ping_status":"closed","template":"","meta":{"footnotes":""},"class_list":["post-1274","page","type-page","status-publish","hentry"],"_links":{"self":[{"href":"https:\/\/juanfelipecordobaart.com\/index.php\/wp-json\/wp\/v2\/pages\/1274","targetHints":{"allow":["GET"]}}],"collection":[{"href":"https:\/\/juanfelipecordobaart.com\/index.php\/wp-json\/wp\/v2\/pages"}],"about":[{"href":"https:\/\/juanfelipecordobaart.com\/index.php\/wp-json\/wp\/v2\/types\/page"}],"author":[{"embeddable":true,"href":"https:\/\/juanfelipecordobaart.com\/index.php\/wp-json\/wp\/v2\/users\/1"}],"replies":[{"embeddable":true,"href":"https:\/\/juanfelipecordobaart.com\/index.php\/wp-json\/wp\/v2\/comments?post=1274"}],"version-history":[{"count":8,"href":"https:\/\/juanfelipecordobaart.com\/index.php\/wp-json\/wp\/v2\/pages\/1274\/revisions"}],"predecessor-version":[{"id":1314,"href":"https:\/\/juanfelipecordobaart.com\/index.php\/wp-json\/wp\/v2\/pages\/1274\/revisions\/1314"}],"wp:attachment":[{"href":"https:\/\/juanfelipecordobaart.com\/index.php\/wp-json\/wp\/v2\/media?parent=1274"}],"curies":[{"name":"wp","href":"https:\/\/api.w.org\/{rel}","templated":true}]}}