{"id":1200,"date":"2024-06-15T03:28:41","date_gmt":"2024-06-15T03:28:41","guid":{"rendered":"https:\/\/juanfelipecordobaart.com\/?page_id=1200"},"modified":"2026-01-30T06:16:06","modified_gmt":"2026-01-30T06:16:06","slug":"orquideas-lagrimas-de-midas","status":"publish","type":"page","link":"https:\/\/juanfelipecordobaart.com\/index.php\/orquideas-lagrimas-de-midas\/","title":{"rendered":""},"content":{"rendered":"\t\t<div data-elementor-type=\"wp-page\" data-elementor-id=\"1200\" class=\"elementor elementor-1200\">\n\t\t\t\t\t\t<section class=\"elementor-section elementor-top-section elementor-element elementor-element-9e330a3 elementor-section-boxed elementor-section-height-default elementor-section-height-default\" data-id=\"9e330a3\" data-element_type=\"section\" data-e-type=\"section\">\n\t\t\t\t\t\t<div class=\"elementor-container elementor-column-gap-default\">\n\t\t\t\t\t<div class=\"elementor-column elementor-col-100 elementor-top-column elementor-element elementor-element-8d1585f\" data-id=\"8d1585f\" data-element_type=\"column\" data-e-type=\"column\">\n\t\t\t<div class=\"elementor-widget-wrap elementor-element-populated\">\n\t\t\t\t\t\t<div class=\"elementor-element elementor-element-0865b28 elementor-widget elementor-widget-spacer\" data-id=\"0865b28\" data-element_type=\"widget\" data-e-type=\"widget\" data-widget_type=\"spacer.default\">\n\t\t\t\t<div class=\"elementor-widget-container\">\n\t\t\t\t\t\t\t<div class=\"elementor-spacer\">\n\t\t\t<div class=\"elementor-spacer-inner\"><\/div>\n\t\t<\/div>\n\t\t\t\t\t\t<\/div>\n\t\t\t\t<\/div>\n\t\t\t\t\t<\/div>\n\t\t<\/div>\n\t\t\t\t\t<\/div>\n\t\t<\/section>\n\t\t\t\t<section class=\"elementor-section elementor-top-section elementor-element elementor-element-14d0d7b elementor-section-boxed elementor-section-height-default elementor-section-height-default\" data-id=\"14d0d7b\" data-element_type=\"section\" data-e-type=\"section\">\n\t\t\t\t\t\t<div class=\"elementor-container elementor-column-gap-default\">\n\t\t\t\t\t<div class=\"elementor-column elementor-col-50 elementor-top-column elementor-element elementor-element-33863a5\" data-id=\"33863a5\" data-element_type=\"column\" data-e-type=\"column\">\n\t\t\t<div class=\"elementor-widget-wrap elementor-element-populated\">\n\t\t\t\t\t\t<div class=\"elementor-element elementor-element-badba00 elementor-widget elementor-widget-image\" data-id=\"badba00\" data-element_type=\"widget\" data-e-type=\"widget\" data-widget_type=\"image.default\">\n\t\t\t\t<div class=\"elementor-widget-container\">\n\t\t\t\t\t\t\t\t\t\t\t\t\t\t\t<img fetchpriority=\"high\" decoding=\"async\" width=\"800\" height=\"1000\" src=\"https:\/\/juanfelipecordobaart.com\/wp-content\/uploads\/2024\/06\/Orquideas-2-819x1024.jpg\" class=\"attachment-large size-large wp-image-1174\" alt=\"\" srcset=\"https:\/\/juanfelipecordobaart.com\/wp-content\/uploads\/2024\/06\/Orquideas-2-819x1024.jpg 819w, https:\/\/juanfelipecordobaart.com\/wp-content\/uploads\/2024\/06\/Orquideas-2-240x300.jpg 240w, https:\/\/juanfelipecordobaart.com\/wp-content\/uploads\/2024\/06\/Orquideas-2-768x960.jpg 768w, https:\/\/juanfelipecordobaart.com\/wp-content\/uploads\/2024\/06\/Orquideas-2-1229x1536.jpg 1229w, https:\/\/juanfelipecordobaart.com\/wp-content\/uploads\/2024\/06\/Orquideas-2-1638x2048.jpg 1638w, https:\/\/juanfelipecordobaart.com\/wp-content\/uploads\/2024\/06\/Orquideas-2-600x750.jpg 600w, https:\/\/juanfelipecordobaart.com\/wp-content\/uploads\/2024\/06\/Orquideas-2-scaled.jpg 2048w\" sizes=\"(max-width: 800px) 100vw, 800px\" \/>\t\t\t\t\t\t\t\t\t\t\t\t\t\t\t<\/div>\n\t\t\t\t<\/div>\n\t\t\t\t\t<\/div>\n\t\t<\/div>\n\t\t\t\t<div class=\"elementor-column elementor-col-50 elementor-top-column elementor-element elementor-element-960449b\" data-id=\"960449b\" data-element_type=\"column\" data-e-type=\"column\">\n\t\t\t<div class=\"elementor-widget-wrap elementor-element-populated\">\n\t\t\t\t\t\t<div class=\"elementor-element elementor-element-f0c9d22 elementor-widget elementor-widget-text-editor\" data-id=\"f0c9d22\" data-element_type=\"widget\" data-e-type=\"widget\" data-widget_type=\"text-editor.default\">\n\t\t\t\t<div class=\"elementor-widget-container\">\n\t\t\t\t\t\t\t\t\t<p><strong><span style=\"font-family: arial, helvetica, sans-serif;\">Juan Felipe C\u00f3rdoba Arturo<\/span><\/strong><\/p><p><em><span style=\"font-family: arial, helvetica, sans-serif;\">L\u00e1grimas de Midas, Orqu\u00eddeas Condor, 2024<\/span><\/em><\/p><p><span style=\"font-family: arial, helvetica, sans-serif;\">Dibujo scratch<\/span><\/p><p><span style=\"font-family: arial, helvetica, sans-serif;\">Tinta litogr\u00e1fica y laminilla dorada<\/span><\/p><p><span style=\"font-family: arial, helvetica, sans-serif;\">44 \u00d7 37 cm<\/span><\/p>\t\t\t\t\t\t\t\t<\/div>\n\t\t\t\t<\/div>\n\t\t\t\t\t<\/div>\n\t\t<\/div>\n\t\t\t\t\t<\/div>\n\t\t<\/section>\n\t\t\t\t<\/div>\n\t\t","protected":false},"excerpt":{"rendered":"<p>Juan Felipe C\u00f3rdoba Arturo L\u00e1grimas de Midas, Orqu\u00eddeas Condor, 2024 Dibujo scratch Tinta litogr\u00e1fica y laminilla dorada 44 \u00d7 37 cm<\/p>\n","protected":false},"author":1,"featured_media":0,"parent":0,"menu_order":0,"comment_status":"closed","ping_status":"closed","template":"","meta":{"footnotes":""},"class_list":["post-1200","page","type-page","status-publish","hentry"],"_links":{"self":[{"href":"https:\/\/juanfelipecordobaart.com\/index.php\/wp-json\/wp\/v2\/pages\/1200","targetHints":{"allow":["GET"]}}],"collection":[{"href":"https:\/\/juanfelipecordobaart.com\/index.php\/wp-json\/wp\/v2\/pages"}],"about":[{"href":"https:\/\/juanfelipecordobaart.com\/index.php\/wp-json\/wp\/v2\/types\/page"}],"author":[{"embeddable":true,"href":"https:\/\/juanfelipecordobaart.com\/index.php\/wp-json\/wp\/v2\/users\/1"}],"replies":[{"embeddable":true,"href":"https:\/\/juanfelipecordobaart.com\/index.php\/wp-json\/wp\/v2\/comments?post=1200"}],"version-history":[{"count":8,"href":"https:\/\/juanfelipecordobaart.com\/index.php\/wp-json\/wp\/v2\/pages\/1200\/revisions"}],"predecessor-version":[{"id":1582,"href":"https:\/\/juanfelipecordobaart.com\/index.php\/wp-json\/wp\/v2\/pages\/1200\/revisions\/1582"}],"wp:attachment":[{"href":"https:\/\/juanfelipecordobaart.com\/index.php\/wp-json\/wp\/v2\/media?parent=1200"}],"curies":[{"name":"wp","href":"https:\/\/api.w.org\/{rel}","templated":true}]}}