{"id":1191,"date":"2024-06-15T03:24:35","date_gmt":"2024-06-15T03:24:35","guid":{"rendered":"https:\/\/juanfelipecordobaart.com\/?page_id=1191"},"modified":"2026-01-30T06:12:59","modified_gmt":"2026-01-30T06:12:59","slug":"ranas-doradas-lagrimas-de-midas","status":"publish","type":"page","link":"https:\/\/juanfelipecordobaart.com\/index.php\/ranas-doradas-lagrimas-de-midas\/","title":{"rendered":""},"content":{"rendered":"\t\t<div data-elementor-type=\"wp-page\" data-elementor-id=\"1191\" class=\"elementor elementor-1191\">\n\t\t\t\t\t\t<section class=\"elementor-section elementor-top-section elementor-element elementor-element-456774b elementor-section-boxed elementor-section-height-default elementor-section-height-default\" data-id=\"456774b\" data-element_type=\"section\" data-e-type=\"section\">\n\t\t\t\t\t\t<div class=\"elementor-container elementor-column-gap-default\">\n\t\t\t\t\t<div class=\"elementor-column elementor-col-100 elementor-top-column elementor-element elementor-element-24ef5c1\" data-id=\"24ef5c1\" data-element_type=\"column\" data-e-type=\"column\">\n\t\t\t<div class=\"elementor-widget-wrap elementor-element-populated\">\n\t\t\t\t\t\t<div class=\"elementor-element elementor-element-1243a2b elementor-widget elementor-widget-spacer\" data-id=\"1243a2b\" data-element_type=\"widget\" data-e-type=\"widget\" data-widget_type=\"spacer.default\">\n\t\t\t\t<div class=\"elementor-widget-container\">\n\t\t\t\t\t\t\t<div class=\"elementor-spacer\">\n\t\t\t<div class=\"elementor-spacer-inner\"><\/div>\n\t\t<\/div>\n\t\t\t\t\t\t<\/div>\n\t\t\t\t<\/div>\n\t\t\t\t\t<\/div>\n\t\t<\/div>\n\t\t\t\t\t<\/div>\n\t\t<\/section>\n\t\t\t\t<section class=\"elementor-section elementor-top-section elementor-element elementor-element-7fba2e0 elementor-section-boxed elementor-section-height-default elementor-section-height-default\" data-id=\"7fba2e0\" data-element_type=\"section\" data-e-type=\"section\">\n\t\t\t\t\t\t<div class=\"elementor-container elementor-column-gap-default\">\n\t\t\t\t\t<div class=\"elementor-column elementor-col-50 elementor-top-column elementor-element elementor-element-bd40c3a\" data-id=\"bd40c3a\" data-element_type=\"column\" data-e-type=\"column\">\n\t\t\t<div class=\"elementor-widget-wrap elementor-element-populated\">\n\t\t\t\t\t\t<div class=\"elementor-element elementor-element-458fcba elementor-widget elementor-widget-image\" data-id=\"458fcba\" data-element_type=\"widget\" data-e-type=\"widget\" data-widget_type=\"image.default\">\n\t\t\t\t<div class=\"elementor-widget-container\">\n\t\t\t\t\t\t\t\t\t\t\t\t\t\t\t<img fetchpriority=\"high\" decoding=\"async\" width=\"800\" height=\"1000\" src=\"https:\/\/juanfelipecordobaart.com\/wp-content\/uploads\/2024\/06\/Ranas-Doradas-819x1024.jpg\" class=\"attachment-large size-large wp-image-1175\" alt=\"\" srcset=\"https:\/\/juanfelipecordobaart.com\/wp-content\/uploads\/2024\/06\/Ranas-Doradas-819x1024.jpg 819w, https:\/\/juanfelipecordobaart.com\/wp-content\/uploads\/2024\/06\/Ranas-Doradas-240x300.jpg 240w, https:\/\/juanfelipecordobaart.com\/wp-content\/uploads\/2024\/06\/Ranas-Doradas-768x960.jpg 768w, https:\/\/juanfelipecordobaart.com\/wp-content\/uploads\/2024\/06\/Ranas-Doradas-1229x1536.jpg 1229w, https:\/\/juanfelipecordobaart.com\/wp-content\/uploads\/2024\/06\/Ranas-Doradas-1638x2048.jpg 1638w, https:\/\/juanfelipecordobaart.com\/wp-content\/uploads\/2024\/06\/Ranas-Doradas-600x750.jpg 600w, https:\/\/juanfelipecordobaart.com\/wp-content\/uploads\/2024\/06\/Ranas-Doradas-scaled.jpg 2048w\" sizes=\"(max-width: 800px) 100vw, 800px\" \/>\t\t\t\t\t\t\t\t\t\t\t\t\t\t\t<\/div>\n\t\t\t\t<\/div>\n\t\t\t\t\t<\/div>\n\t\t<\/div>\n\t\t\t\t<div class=\"elementor-column elementor-col-50 elementor-top-column elementor-element elementor-element-956c8f0\" data-id=\"956c8f0\" data-element_type=\"column\" data-e-type=\"column\">\n\t\t\t<div class=\"elementor-widget-wrap elementor-element-populated\">\n\t\t\t\t\t\t<div class=\"elementor-element elementor-element-0496236 elementor-widget elementor-widget-text-editor\" data-id=\"0496236\" data-element_type=\"widget\" data-e-type=\"widget\" data-widget_type=\"text-editor.default\">\n\t\t\t\t<div class=\"elementor-widget-container\">\n\t\t\t\t\t\t\t\t\t<p><strong><span style=\"font-family: arial, helvetica, sans-serif;\">Juan Felipe C\u00f3rdoba Arturo<\/span><\/strong><\/p><p><span style=\"font-family: arial, helvetica, sans-serif;\"><em>L\u00e1grimas de Midas, Ranas Doradas, 202<\/em>4<\/span><\/p><p><span style=\"font-family: arial, helvetica, sans-serif;\">Dibujo scratch<\/span><\/p><p><span style=\"font-family: arial, helvetica, sans-serif;\">Tinta litogr\u00e1fica y laminilla dorada<\/span><\/p><p><span style=\"font-family: arial, helvetica, sans-serif;\">44 \u00d7 37 cm<\/span><\/p>\t\t\t\t\t\t\t\t<\/div>\n\t\t\t\t<\/div>\n\t\t\t\t\t<\/div>\n\t\t<\/div>\n\t\t\t\t\t<\/div>\n\t\t<\/section>\n\t\t\t\t<\/div>\n\t\t","protected":false},"excerpt":{"rendered":"<p>Juan Felipe C\u00f3rdoba Arturo L\u00e1grimas de Midas, Ranas Doradas, 2024 Dibujo scratch Tinta litogr\u00e1fica y laminilla dorada 44 \u00d7 37 cm<\/p>\n","protected":false},"author":1,"featured_media":0,"parent":0,"menu_order":0,"comment_status":"closed","ping_status":"closed","template":"","meta":{"footnotes":""},"class_list":["post-1191","page","type-page","status-publish","hentry"],"_links":{"self":[{"href":"https:\/\/juanfelipecordobaart.com\/index.php\/wp-json\/wp\/v2\/pages\/1191","targetHints":{"allow":["GET"]}}],"collection":[{"href":"https:\/\/juanfelipecordobaart.com\/index.php\/wp-json\/wp\/v2\/pages"}],"about":[{"href":"https:\/\/juanfelipecordobaart.com\/index.php\/wp-json\/wp\/v2\/types\/page"}],"author":[{"embeddable":true,"href":"https:\/\/juanfelipecordobaart.com\/index.php\/wp-json\/wp\/v2\/users\/1"}],"replies":[{"embeddable":true,"href":"https:\/\/juanfelipecordobaart.com\/index.php\/wp-json\/wp\/v2\/comments?post=1191"}],"version-history":[{"count":14,"href":"https:\/\/juanfelipecordobaart.com\/index.php\/wp-json\/wp\/v2\/pages\/1191\/revisions"}],"predecessor-version":[{"id":1576,"href":"https:\/\/juanfelipecordobaart.com\/index.php\/wp-json\/wp\/v2\/pages\/1191\/revisions\/1576"}],"wp:attachment":[{"href":"https:\/\/juanfelipecordobaart.com\/index.php\/wp-json\/wp\/v2\/media?parent=1191"}],"curies":[{"name":"wp","href":"https:\/\/api.w.org\/{rel}","templated":true}]}}