{"id":1182,"date":"2024-06-15T03:14:28","date_gmt":"2024-06-15T03:14:28","guid":{"rendered":"https:\/\/juanfelipecordobaart.com\/?page_id=1182"},"modified":"2026-01-30T06:07:21","modified_gmt":"2026-01-30T06:07:21","slug":"tingua-lagrimas-de-midas","status":"publish","type":"page","link":"https:\/\/juanfelipecordobaart.com\/index.php\/tingua-lagrimas-de-midas\/","title":{"rendered":""},"content":{"rendered":"\t\t<div data-elementor-type=\"wp-page\" data-elementor-id=\"1182\" class=\"elementor elementor-1182\">\n\t\t\t\t\t\t<section class=\"elementor-section elementor-top-section elementor-element elementor-element-f3c4b8f elementor-section-boxed elementor-section-height-default elementor-section-height-default\" data-id=\"f3c4b8f\" data-element_type=\"section\" data-e-type=\"section\">\n\t\t\t\t\t\t<div class=\"elementor-container elementor-column-gap-default\">\n\t\t\t\t\t<div class=\"elementor-column elementor-col-100 elementor-top-column elementor-element elementor-element-cf3780a\" data-id=\"cf3780a\" data-element_type=\"column\" data-e-type=\"column\">\n\t\t\t<div class=\"elementor-widget-wrap elementor-element-populated\">\n\t\t\t\t\t\t<div class=\"elementor-element elementor-element-4e122f1 elementor-widget elementor-widget-spacer\" data-id=\"4e122f1\" data-element_type=\"widget\" data-e-type=\"widget\" data-widget_type=\"spacer.default\">\n\t\t\t\t<div class=\"elementor-widget-container\">\n\t\t\t\t\t\t\t<div class=\"elementor-spacer\">\n\t\t\t<div class=\"elementor-spacer-inner\"><\/div>\n\t\t<\/div>\n\t\t\t\t\t\t<\/div>\n\t\t\t\t<\/div>\n\t\t\t\t\t<\/div>\n\t\t<\/div>\n\t\t\t\t\t<\/div>\n\t\t<\/section>\n\t\t\t\t<section class=\"elementor-section elementor-top-section elementor-element elementor-element-af23cdd elementor-section-boxed elementor-section-height-default elementor-section-height-default\" data-id=\"af23cdd\" data-element_type=\"section\" data-e-type=\"section\">\n\t\t\t\t\t\t<div class=\"elementor-container elementor-column-gap-default\">\n\t\t\t\t\t<div class=\"elementor-column elementor-col-50 elementor-top-column elementor-element elementor-element-99297af\" data-id=\"99297af\" data-element_type=\"column\" data-e-type=\"column\">\n\t\t\t<div class=\"elementor-widget-wrap elementor-element-populated\">\n\t\t\t\t\t\t<div class=\"elementor-element elementor-element-e03b9ff elementor-widget elementor-widget-image\" data-id=\"e03b9ff\" data-element_type=\"widget\" data-e-type=\"widget\" data-widget_type=\"image.default\">\n\t\t\t\t<div class=\"elementor-widget-container\">\n\t\t\t\t\t\t\t\t\t\t\t\t\t\t\t<img fetchpriority=\"high\" decoding=\"async\" width=\"800\" height=\"1000\" src=\"https:\/\/juanfelipecordobaart.com\/wp-content\/uploads\/2024\/06\/Tingua-819x1024.jpg\" class=\"attachment-large size-large wp-image-1176\" alt=\"\" srcset=\"https:\/\/juanfelipecordobaart.com\/wp-content\/uploads\/2024\/06\/Tingua-819x1024.jpg 819w, https:\/\/juanfelipecordobaart.com\/wp-content\/uploads\/2024\/06\/Tingua-240x300.jpg 240w, https:\/\/juanfelipecordobaart.com\/wp-content\/uploads\/2024\/06\/Tingua-768x960.jpg 768w, https:\/\/juanfelipecordobaart.com\/wp-content\/uploads\/2024\/06\/Tingua-1229x1536.jpg 1229w, https:\/\/juanfelipecordobaart.com\/wp-content\/uploads\/2024\/06\/Tingua-1638x2048.jpg 1638w, https:\/\/juanfelipecordobaart.com\/wp-content\/uploads\/2024\/06\/Tingua-600x750.jpg 600w, https:\/\/juanfelipecordobaart.com\/wp-content\/uploads\/2024\/06\/Tingua-scaled.jpg 2048w\" sizes=\"(max-width: 800px) 100vw, 800px\" \/>\t\t\t\t\t\t\t\t\t\t\t\t\t\t\t<\/div>\n\t\t\t\t<\/div>\n\t\t\t\t\t<\/div>\n\t\t<\/div>\n\t\t\t\t<div class=\"elementor-column elementor-col-50 elementor-top-column elementor-element elementor-element-4d6ccff\" data-id=\"4d6ccff\" data-element_type=\"column\" data-e-type=\"column\">\n\t\t\t<div class=\"elementor-widget-wrap elementor-element-populated\">\n\t\t\t\t\t\t<div class=\"elementor-element elementor-element-af9a4e7 elementor-widget elementor-widget-text-editor\" data-id=\"af9a4e7\" data-element_type=\"widget\" data-e-type=\"widget\" data-widget_type=\"text-editor.default\">\n\t\t\t\t<div class=\"elementor-widget-container\">\n\t\t\t\t\t\t\t\t\t<p><strong>Juan Felipe C\u00f3rdoba Arturo<\/strong><br \/><em>L\u00e1grimas de Midas, Tingua, 2023<\/em><br \/>Dibujo scratch<br \/>Tinta litogr\u00e1fica y laminilla dorada<br \/>244 x 37 cm<\/p>\t\t\t\t\t\t\t\t<\/div>\n\t\t\t\t<\/div>\n\t\t\t\t\t<\/div>\n\t\t<\/div>\n\t\t\t\t\t<\/div>\n\t\t<\/section>\n\t\t\t\t<section class=\"elementor-section elementor-top-section elementor-element elementor-element-ca59ef4 elementor-section-boxed elementor-section-height-default elementor-section-height-default\" data-id=\"ca59ef4\" data-element_type=\"section\" data-e-type=\"section\">\n\t\t\t\t\t\t<div class=\"elementor-container elementor-column-gap-default\">\n\t\t\t\t\t<div class=\"elementor-column elementor-col-100 elementor-top-column elementor-element elementor-element-b1dfc75\" data-id=\"b1dfc75\" data-element_type=\"column\" data-e-type=\"column\">\n\t\t\t<div class=\"elementor-widget-wrap elementor-element-populated\">\n\t\t\t\t\t\t\t<\/div>\n\t\t<\/div>\n\t\t\t\t\t<\/div>\n\t\t<\/section>\n\t\t\t\t<\/div>\n\t\t","protected":false},"excerpt":{"rendered":"<p>Juan Felipe C\u00f3rdoba ArturoL\u00e1grimas de Midas, Tingua, 2023Dibujo scratchTinta litogr\u00e1fica y laminilla dorada244 x 37 cm<\/p>\n","protected":false},"author":1,"featured_media":0,"parent":0,"menu_order":0,"comment_status":"closed","ping_status":"closed","template":"","meta":{"footnotes":""},"class_list":["post-1182","page","type-page","status-publish","hentry"],"_links":{"self":[{"href":"https:\/\/juanfelipecordobaart.com\/index.php\/wp-json\/wp\/v2\/pages\/1182","targetHints":{"allow":["GET"]}}],"collection":[{"href":"https:\/\/juanfelipecordobaart.com\/index.php\/wp-json\/wp\/v2\/pages"}],"about":[{"href":"https:\/\/juanfelipecordobaart.com\/index.php\/wp-json\/wp\/v2\/types\/page"}],"author":[{"embeddable":true,"href":"https:\/\/juanfelipecordobaart.com\/index.php\/wp-json\/wp\/v2\/users\/1"}],"replies":[{"embeddable":true,"href":"https:\/\/juanfelipecordobaart.com\/index.php\/wp-json\/wp\/v2\/comments?post=1182"}],"version-history":[{"count":11,"href":"https:\/\/juanfelipecordobaart.com\/index.php\/wp-json\/wp\/v2\/pages\/1182\/revisions"}],"predecessor-version":[{"id":1567,"href":"https:\/\/juanfelipecordobaart.com\/index.php\/wp-json\/wp\/v2\/pages\/1182\/revisions\/1567"}],"wp:attachment":[{"href":"https:\/\/juanfelipecordobaart.com\/index.php\/wp-json\/wp\/v2\/media?parent=1182"}],"curies":[{"name":"wp","href":"https:\/\/api.w.org\/{rel}","templated":true}]}}