{"id":1122,"date":"2024-01-22T20:46:01","date_gmt":"2024-01-22T20:46:01","guid":{"rendered":"https:\/\/juanfelipecordobaart.com\/?page_id=1122"},"modified":"2026-01-30T05:46:57","modified_gmt":"2026-01-30T05:46:57","slug":"elementor-1122","status":"publish","type":"page","link":"https:\/\/juanfelipecordobaart.com\/index.php\/elementor-1122\/","title":{"rendered":""},"content":{"rendered":"\t\t<div data-elementor-type=\"wp-page\" data-elementor-id=\"1122\" class=\"elementor elementor-1122\">\n\t\t\t\t\t\t<section class=\"elementor-section elementor-top-section elementor-element elementor-element-3118786 elementor-section-boxed elementor-section-height-default elementor-section-height-default\" data-id=\"3118786\" data-element_type=\"section\" data-e-type=\"section\">\n\t\t\t\t\t\t<div class=\"elementor-container elementor-column-gap-default\">\n\t\t\t\t\t<div class=\"elementor-column elementor-col-100 elementor-top-column elementor-element elementor-element-2a5c4a7\" data-id=\"2a5c4a7\" data-element_type=\"column\" data-e-type=\"column\">\n\t\t\t<div class=\"elementor-widget-wrap elementor-element-populated\">\n\t\t\t\t\t\t<div class=\"elementor-element elementor-element-5af22fe elementor-widget elementor-widget-spacer\" data-id=\"5af22fe\" data-element_type=\"widget\" data-e-type=\"widget\" data-widget_type=\"spacer.default\">\n\t\t\t\t<div class=\"elementor-widget-container\">\n\t\t\t\t\t\t\t<div class=\"elementor-spacer\">\n\t\t\t<div class=\"elementor-spacer-inner\"><\/div>\n\t\t<\/div>\n\t\t\t\t\t\t<\/div>\n\t\t\t\t<\/div>\n\t\t\t\t\t<\/div>\n\t\t<\/div>\n\t\t\t\t\t<\/div>\n\t\t<\/section>\n\t\t\t\t<section class=\"elementor-section elementor-top-section elementor-element elementor-element-eb43ac6 elementor-section-boxed elementor-section-height-default elementor-section-height-default\" data-id=\"eb43ac6\" data-element_type=\"section\" data-e-type=\"section\">\n\t\t\t\t\t\t<div class=\"elementor-container elementor-column-gap-default\">\n\t\t\t\t\t<div class=\"elementor-column elementor-col-50 elementor-top-column elementor-element elementor-element-fc1d289\" data-id=\"fc1d289\" data-element_type=\"column\" data-e-type=\"column\">\n\t\t\t<div class=\"elementor-widget-wrap elementor-element-populated\">\n\t\t\t\t\t\t<div class=\"elementor-element elementor-element-4f7e31b elementor-widget elementor-widget-image\" data-id=\"4f7e31b\" data-element_type=\"widget\" data-e-type=\"widget\" data-widget_type=\"image.default\">\n\t\t\t\t<div class=\"elementor-widget-container\">\n\t\t\t\t\t\t\t\t\t\t\t\t\t\t\t<img fetchpriority=\"high\" decoding=\"async\" width=\"721\" height=\"1024\" src=\"https:\/\/juanfelipecordobaart.com\/wp-content\/uploads\/2026\/01\/adulacion-721x1024.jpg\" class=\"attachment-large size-large wp-image-1507\" alt=\"\" srcset=\"https:\/\/juanfelipecordobaart.com\/wp-content\/uploads\/2026\/01\/adulacion-721x1024.jpg 721w, https:\/\/juanfelipecordobaart.com\/wp-content\/uploads\/2026\/01\/adulacion-211x300.jpg 211w, https:\/\/juanfelipecordobaart.com\/wp-content\/uploads\/2026\/01\/adulacion-768x1090.jpg 768w, https:\/\/juanfelipecordobaart.com\/wp-content\/uploads\/2026\/01\/adulacion-1082x1536.jpg 1082w, https:\/\/juanfelipecordobaart.com\/wp-content\/uploads\/2026\/01\/adulacion-1443x2048.jpg 1443w, https:\/\/juanfelipecordobaart.com\/wp-content\/uploads\/2026\/01\/adulacion-600x852.jpg 600w, https:\/\/juanfelipecordobaart.com\/wp-content\/uploads\/2026\/01\/adulacion-scaled.jpg 1803w\" sizes=\"(max-width: 721px) 100vw, 721px\" \/>\t\t\t\t\t\t\t\t\t\t\t\t\t\t\t<\/div>\n\t\t\t\t<\/div>\n\t\t\t\t\t<\/div>\n\t\t<\/div>\n\t\t\t\t<div class=\"elementor-column elementor-col-50 elementor-top-column elementor-element elementor-element-a75facd\" data-id=\"a75facd\" data-element_type=\"column\" data-e-type=\"column\">\n\t\t\t<div class=\"elementor-widget-wrap elementor-element-populated\">\n\t\t\t\t\t\t<div class=\"elementor-element elementor-element-85ee10d elementor-widget elementor-widget-text-editor\" data-id=\"85ee10d\" data-element_type=\"widget\" data-e-type=\"widget\" data-widget_type=\"text-editor.default\">\n\t\t\t\t<div class=\"elementor-widget-container\">\n\t\t\t\t\t\t\t\t\t<p><strong><span style=\"font-family: arial, helvetica, sans-serif;\">Juan Felipe C\u00f3rdoba Arturo<\/span><\/strong><br \/><em><span style=\"font-family: arial, helvetica, sans-serif;\">Antropozoom\u00f3rficos, adulaci\u00f3n, 2025<\/span><\/em><br \/><span style=\"font-family: arial, helvetica, sans-serif;\">\u201cLagarto pa \u0301 lamb\u00f3n\u201d<\/span><br \/><span style=\"font-family: arial, helvetica, sans-serif;\">Dibujo scratch<\/span><br \/><span style=\"font-family: arial, helvetica, sans-serif;\">Tinta litogr\u00e1fica y acr\u00edlico<\/span><br \/><span style=\"font-family: arial, helvetica, sans-serif;\">60 \u00d7 40 cm<\/span><br \/><span style=\"font-family: arial, helvetica, sans-serif;\">USD 1250<\/span><\/p>\t\t\t\t\t\t\t\t<\/div>\n\t\t\t\t<\/div>\n\t\t\t\t\t<\/div>\n\t\t<\/div>\n\t\t\t\t\t<\/div>\n\t\t<\/section>\n\t\t\t\t<\/div>\n\t\t","protected":false},"excerpt":{"rendered":"<p>Juan Felipe C\u00f3rdoba ArturoAntropozoom\u00f3rficos, adulaci\u00f3n, 2025\u201cLagarto pa \u0301 lamb\u00f3n\u201dDibujo scratchTinta litogr\u00e1fica y acr\u00edlico60 \u00d7 40 cmUSD 1250<\/p>\n","protected":false},"author":1,"featured_media":0,"parent":0,"menu_order":0,"comment_status":"closed","ping_status":"closed","template":"","meta":{"footnotes":""},"class_list":["post-1122","page","type-page","status-publish","hentry"],"_links":{"self":[{"href":"https:\/\/juanfelipecordobaart.com\/index.php\/wp-json\/wp\/v2\/pages\/1122","targetHints":{"allow":["GET"]}}],"collection":[{"href":"https:\/\/juanfelipecordobaart.com\/index.php\/wp-json\/wp\/v2\/pages"}],"about":[{"href":"https:\/\/juanfelipecordobaart.com\/index.php\/wp-json\/wp\/v2\/types\/page"}],"author":[{"embeddable":true,"href":"https:\/\/juanfelipecordobaart.com\/index.php\/wp-json\/wp\/v2\/users\/1"}],"replies":[{"embeddable":true,"href":"https:\/\/juanfelipecordobaart.com\/index.php\/wp-json\/wp\/v2\/comments?post=1122"}],"version-history":[{"count":13,"href":"https:\/\/juanfelipecordobaart.com\/index.php\/wp-json\/wp\/v2\/pages\/1122\/revisions"}],"predecessor-version":[{"id":1534,"href":"https:\/\/juanfelipecordobaart.com\/index.php\/wp-json\/wp\/v2\/pages\/1122\/revisions\/1534"}],"wp:attachment":[{"href":"https:\/\/juanfelipecordobaart.com\/index.php\/wp-json\/wp\/v2\/media?parent=1122"}],"curies":[{"name":"wp","href":"https:\/\/api.w.org\/{rel}","templated":true}]}}