{"id":1069,"date":"2024-01-22T19:58:52","date_gmt":"2024-01-22T19:58:52","guid":{"rendered":"https:\/\/juanfelipecordobaart.com\/?page_id=1069"},"modified":"2026-01-30T05:44:11","modified_gmt":"2026-01-30T05:44:11","slug":"elementor-1069","status":"publish","type":"page","link":"https:\/\/juanfelipecordobaart.com\/index.php\/elementor-1069\/","title":{"rendered":""},"content":{"rendered":"\t\t<div data-elementor-type=\"wp-page\" data-elementor-id=\"1069\" class=\"elementor elementor-1069\">\n\t\t\t\t\t\t<section class=\"elementor-section elementor-top-section elementor-element elementor-element-0bd66d2 elementor-section-boxed elementor-section-height-default elementor-section-height-default\" data-id=\"0bd66d2\" data-element_type=\"section\" data-e-type=\"section\">\n\t\t\t\t\t\t<div class=\"elementor-container elementor-column-gap-default\">\n\t\t\t\t\t<div class=\"elementor-column elementor-col-100 elementor-top-column elementor-element elementor-element-7def513\" data-id=\"7def513\" data-element_type=\"column\" data-e-type=\"column\">\n\t\t\t<div class=\"elementor-widget-wrap elementor-element-populated\">\n\t\t\t\t\t\t<div class=\"elementor-element elementor-element-2760105 elementor-widget elementor-widget-spacer\" data-id=\"2760105\" data-element_type=\"widget\" data-e-type=\"widget\" data-widget_type=\"spacer.default\">\n\t\t\t\t<div class=\"elementor-widget-container\">\n\t\t\t\t\t\t\t<div class=\"elementor-spacer\">\n\t\t\t<div class=\"elementor-spacer-inner\"><\/div>\n\t\t<\/div>\n\t\t\t\t\t\t<\/div>\n\t\t\t\t<\/div>\n\t\t\t\t\t<\/div>\n\t\t<\/div>\n\t\t\t\t\t<\/div>\n\t\t<\/section>\n\t\t\t\t<section class=\"elementor-section elementor-top-section elementor-element elementor-element-2f08706 elementor-section-boxed elementor-section-height-default elementor-section-height-default\" data-id=\"2f08706\" data-element_type=\"section\" data-e-type=\"section\">\n\t\t\t\t\t\t<div class=\"elementor-container elementor-column-gap-default\">\n\t\t\t\t\t<div class=\"elementor-column elementor-col-50 elementor-top-column elementor-element elementor-element-edd4a0e\" data-id=\"edd4a0e\" data-element_type=\"column\" data-e-type=\"column\">\n\t\t\t<div class=\"elementor-widget-wrap elementor-element-populated\">\n\t\t\t\t\t\t<div class=\"elementor-element elementor-element-4871ed5 elementor-widget elementor-widget-image\" data-id=\"4871ed5\" data-element_type=\"widget\" data-e-type=\"widget\" data-widget_type=\"image.default\">\n\t\t\t\t<div class=\"elementor-widget-container\">\n\t\t\t\t\t\t\t\t\t\t\t\t\t\t\t<img fetchpriority=\"high\" decoding=\"async\" width=\"721\" height=\"1024\" src=\"https:\/\/juanfelipecordobaart.com\/wp-content\/uploads\/2026\/01\/intromision-721x1024.jpg\" class=\"attachment-large size-large wp-image-1510\" alt=\"\" srcset=\"https:\/\/juanfelipecordobaart.com\/wp-content\/uploads\/2026\/01\/intromision-721x1024.jpg 721w, https:\/\/juanfelipecordobaart.com\/wp-content\/uploads\/2026\/01\/intromision-211x300.jpg 211w, https:\/\/juanfelipecordobaart.com\/wp-content\/uploads\/2026\/01\/intromision-768x1090.jpg 768w, https:\/\/juanfelipecordobaart.com\/wp-content\/uploads\/2026\/01\/intromision-1082x1536.jpg 1082w, https:\/\/juanfelipecordobaart.com\/wp-content\/uploads\/2026\/01\/intromision-1443x2048.jpg 1443w, https:\/\/juanfelipecordobaart.com\/wp-content\/uploads\/2026\/01\/intromision-600x852.jpg 600w, https:\/\/juanfelipecordobaart.com\/wp-content\/uploads\/2026\/01\/intromision-scaled.jpg 1803w\" sizes=\"(max-width: 721px) 100vw, 721px\" \/>\t\t\t\t\t\t\t\t\t\t\t\t\t\t\t<\/div>\n\t\t\t\t<\/div>\n\t\t\t\t\t<\/div>\n\t\t<\/div>\n\t\t\t\t<div class=\"elementor-column elementor-col-50 elementor-top-column elementor-element elementor-element-620fdfa\" data-id=\"620fdfa\" data-element_type=\"column\" data-e-type=\"column\">\n\t\t\t<div class=\"elementor-widget-wrap elementor-element-populated\">\n\t\t\t\t\t\t<div class=\"elementor-element elementor-element-b6676d2 elementor-widget elementor-widget-text-editor\" data-id=\"b6676d2\" data-element_type=\"widget\" data-e-type=\"widget\" data-widget_type=\"text-editor.default\">\n\t\t\t\t<div class=\"elementor-widget-container\">\n\t\t\t\t\t\t\t\t\t<p><span style=\"font-family: arial, helvetica, sans-serif;\"><strong>Juan Felipe C\u00f3rdoba Arturo<\/strong><\/span><\/p><p><span style=\"font-family: arial, helvetica, sans-serif;\"><em>Antropozoom\u00f3rficos, Intromisi\u00f3n, 2025<\/em><\/span><\/p><p><span style=\"font-family: arial, helvetica, sans-serif;\">\u201cSalte aqu\u00ed y reclame dos moscas \u00a1no sea sapo!\u201d<\/span><\/p><p><span style=\"font-family: arial, helvetica, sans-serif;\">Dibujo scratch<\/span><\/p><p><span style=\"font-family: arial, helvetica, sans-serif;\">Tinta litogr\u00e1fica y acr\u00edlico<\/span><\/p><p><span style=\"font-family: arial, helvetica, sans-serif;\">60 \u00d7 40 cm<\/span><\/p>\t\t\t\t\t\t\t\t<\/div>\n\t\t\t\t<\/div>\n\t\t\t\t\t<\/div>\n\t\t<\/div>\n\t\t\t\t\t<\/div>\n\t\t<\/section>\n\t\t\t\t<\/div>\n\t\t","protected":false},"excerpt":{"rendered":"<p>Juan Felipe C\u00f3rdoba Arturo Antropozoom\u00f3rficos, Intromisi\u00f3n, 2025 \u201cSalte aqu\u00ed y reclame dos moscas \u00a1no sea sapo!\u201d Dibujo scratch Tinta litogr\u00e1fica y acr\u00edlico 60 \u00d7 40 cm<\/p>\n","protected":false},"author":1,"featured_media":0,"parent":0,"menu_order":0,"comment_status":"closed","ping_status":"closed","template":"","meta":{"footnotes":""},"class_list":["post-1069","page","type-page","status-publish","hentry"],"_links":{"self":[{"href":"https:\/\/juanfelipecordobaart.com\/index.php\/wp-json\/wp\/v2\/pages\/1069","targetHints":{"allow":["GET"]}}],"collection":[{"href":"https:\/\/juanfelipecordobaart.com\/index.php\/wp-json\/wp\/v2\/pages"}],"about":[{"href":"https:\/\/juanfelipecordobaart.com\/index.php\/wp-json\/wp\/v2\/types\/page"}],"author":[{"embeddable":true,"href":"https:\/\/juanfelipecordobaart.com\/index.php\/wp-json\/wp\/v2\/users\/1"}],"replies":[{"embeddable":true,"href":"https:\/\/juanfelipecordobaart.com\/index.php\/wp-json\/wp\/v2\/comments?post=1069"}],"version-history":[{"count":17,"href":"https:\/\/juanfelipecordobaart.com\/index.php\/wp-json\/wp\/v2\/pages\/1069\/revisions"}],"predecessor-version":[{"id":1531,"href":"https:\/\/juanfelipecordobaart.com\/index.php\/wp-json\/wp\/v2\/pages\/1069\/revisions\/1531"}],"wp:attachment":[{"href":"https:\/\/juanfelipecordobaart.com\/index.php\/wp-json\/wp\/v2\/media?parent=1069"}],"curies":[{"name":"wp","href":"https:\/\/api.w.org\/{rel}","templated":true}]}}