{"id":1040,"date":"2024-01-22T19:32:36","date_gmt":"2024-01-22T19:32:36","guid":{"rendered":"https:\/\/juanfelipecordobaart.com\/?page_id=1040"},"modified":"2026-01-30T07:26:23","modified_gmt":"2026-01-30T07:26:23","slug":"elementor-1040","status":"publish","type":"page","link":"https:\/\/juanfelipecordobaart.com\/index.php\/elementor-1040\/","title":{"rendered":""},"content":{"rendered":"\t\t<div data-elementor-type=\"wp-page\" data-elementor-id=\"1040\" class=\"elementor elementor-1040\">\n\t\t\t\t\t\t<section class=\"elementor-section elementor-top-section elementor-element elementor-element-7d41e41 elementor-section-boxed elementor-section-height-default elementor-section-height-default\" data-id=\"7d41e41\" data-element_type=\"section\" data-e-type=\"section\">\n\t\t\t\t\t\t<div class=\"elementor-container elementor-column-gap-default\">\n\t\t\t\t\t<div class=\"elementor-column elementor-col-100 elementor-top-column elementor-element elementor-element-7e9145e\" data-id=\"7e9145e\" data-element_type=\"column\" data-e-type=\"column\">\n\t\t\t<div class=\"elementor-widget-wrap elementor-element-populated\">\n\t\t\t\t\t\t<div class=\"elementor-element elementor-element-7a86626 elementor-widget elementor-widget-spacer\" data-id=\"7a86626\" data-element_type=\"widget\" data-e-type=\"widget\" data-widget_type=\"spacer.default\">\n\t\t\t\t<div class=\"elementor-widget-container\">\n\t\t\t\t\t\t\t<div class=\"elementor-spacer\">\n\t\t\t<div class=\"elementor-spacer-inner\"><\/div>\n\t\t<\/div>\n\t\t\t\t\t\t<\/div>\n\t\t\t\t<\/div>\n\t\t\t\t\t<\/div>\n\t\t<\/div>\n\t\t\t\t\t<\/div>\n\t\t<\/section>\n\t\t\t\t<section class=\"elementor-section elementor-top-section elementor-element elementor-element-7731601 elementor-section-boxed elementor-section-height-default elementor-section-height-default\" data-id=\"7731601\" data-element_type=\"section\" data-e-type=\"section\">\n\t\t\t\t\t\t<div class=\"elementor-container elementor-column-gap-default\">\n\t\t\t\t\t<div class=\"elementor-column elementor-col-100 elementor-top-column elementor-element elementor-element-1c78731\" data-id=\"1c78731\" data-element_type=\"column\" data-e-type=\"column\">\n\t\t\t<div class=\"elementor-widget-wrap elementor-element-populated\">\n\t\t\t\t\t\t<div class=\"elementor-element elementor-element-a8fee7b elementor-widget elementor-widget-heading\" data-id=\"a8fee7b\" data-element_type=\"widget\" data-e-type=\"widget\" data-widget_type=\"heading.default\">\n\t\t\t\t<div class=\"elementor-widget-container\">\n\t\t\t\t\t<h2 class=\"elementor-heading-title elementor-size-default\"><span style=\"font-family: Helvetica, sans-serif;font-size: 30px\">Antropozoom\u00f3rficos<\/span><\/h2>\t\t\t\t<\/div>\n\t\t\t\t<\/div>\n\t\t\t\t\t<\/div>\n\t\t<\/div>\n\t\t\t\t\t<\/div>\n\t\t<\/section>\n\t\t\t\t<section class=\"elementor-section elementor-top-section elementor-element elementor-element-ad4d4fa elementor-section-boxed elementor-section-height-default elementor-section-height-default\" data-id=\"ad4d4fa\" data-element_type=\"section\" data-e-type=\"section\">\n\t\t\t\t\t\t<div class=\"elementor-container elementor-column-gap-default\">\n\t\t\t\t\t<div class=\"elementor-column elementor-col-100 elementor-top-column elementor-element elementor-element-0e3cf32\" data-id=\"0e3cf32\" data-element_type=\"column\" data-e-type=\"column\">\n\t\t\t<div class=\"elementor-widget-wrap elementor-element-populated\">\n\t\t\t\t\t\t<div class=\"elementor-element elementor-element-3f8431c elementor-widget elementor-widget-spacer\" data-id=\"3f8431c\" data-element_type=\"widget\" data-e-type=\"widget\" data-widget_type=\"spacer.default\">\n\t\t\t\t<div class=\"elementor-widget-container\">\n\t\t\t\t\t\t\t<div class=\"elementor-spacer\">\n\t\t\t<div class=\"elementor-spacer-inner\"><\/div>\n\t\t<\/div>\n\t\t\t\t\t\t<\/div>\n\t\t\t\t<\/div>\n\t\t\t\t\t<\/div>\n\t\t<\/div>\n\t\t\t\t\t<\/div>\n\t\t<\/section>\n\t\t\t\t<section class=\"elementor-section elementor-top-section elementor-element elementor-element-04a5919 elementor-section-boxed elementor-section-height-default elementor-section-height-default\" data-id=\"04a5919\" data-element_type=\"section\" data-e-type=\"section\">\n\t\t\t\t\t\t<div class=\"elementor-container elementor-column-gap-default\">\n\t\t\t\t\t<div class=\"elementor-column elementor-col-100 elementor-top-column elementor-element elementor-element-0f86efc\" data-id=\"0f86efc\" data-element_type=\"column\" data-e-type=\"column\">\n\t\t\t<div class=\"elementor-widget-wrap elementor-element-populated\">\n\t\t\t\t\t\t<div class=\"elementor-element elementor-element-3710965 elementor-widget elementor-widget-text-editor\" data-id=\"3710965\" data-element_type=\"widget\" data-e-type=\"widget\" data-widget_type=\"text-editor.default\">\n\t\t\t\t<div class=\"elementor-widget-container\">\n\t\t\t\t\t\t\t\t\t<p><span style=\"font-family: arial, helvetica, sans-serif;\">El concepto de lo antropozoom\u00f3rfico atraviesa m\u00faltiples\u00a0<\/span><span style=\"font-family: arial, helvetica, sans-serif; font-size: 1rem;\">manifestaciones del arte precolombino, especialmente en culturas\u00a0<\/span><span style=\"font-family: arial, helvetica, sans-serif; font-size: 1rem;\">como la Tumaco, donde la figura humana se fusionaba con cualidades\u00a0<\/span><span style=\"font-family: arial, helvetica, sans-serif; font-size: 1rem;\">espirituales de los animales para expresar creencias, mitos y formas de\u00a0<\/span><span style=\"font-family: arial, helvetica, sans-serif; font-size: 1rem;\">comprender la relaci\u00f3n con la naturaleza. Estas im\u00e1genes expresadas\u00a0<\/span><span style=\"font-family: arial, helvetica, sans-serif; font-size: 1rem;\">por medio de artefactos escult\u00f3ricos no solo registraban un presente\u00a0<\/span><span style=\"font-family: arial, helvetica, sans-serif; font-size: 1rem;\">simb\u00f3lico, sino que configuraban una manera de habitar el mundo.<\/span><\/p><p><span style=\"font-family: arial, helvetica, sans-serif; font-size: 1rem;\">En la actualidad, estas formas de hibridaci\u00f3n persisten bajo otros\u00a0<\/span><span style=\"font-family: arial, helvetica, sans-serif; font-size: 1rem;\">c\u00f3digos. La serie Antropozoom\u00f3rficos retoma esta tradici\u00f3n para\u00a0<\/span><span style=\"font-family: arial, helvetica, sans-serif; font-size: 1rem;\">desplazarla hacia la s\u00e1tira, la comedia y el humor negro, evidenciando\u00a0<\/span><span style=\"font-family: arial, helvetica, sans-serif; font-size: 1rem;\">c\u00f3mo el lenguaje cotidiano contin\u00faa animalizando conductas humanas.<\/span><\/p><p><span style=\"font-family: arial, helvetica, sans-serif;\">Expresiones populares como \u201cno sea sapo\u201d, \u201ccayeron como ratas\u201d\u00a0<\/span><span style=\"font-family: arial, helvetica, sans-serif; font-size: 1rem;\">o \u201cqu\u00e9 lagarto\u201d revelan una forma colectiva de construir identidad a\u00a0<\/span><span style=\"font-family: arial, helvetica, sans-serif; font-size: 1rem;\">partir de la met\u00e1fora animal. En este cruce entre herencia ancestral\u00a0<\/span><span style=\"font-family: arial, helvetica, sans-serif; font-size: 1rem;\">y jerga underground, la serie propone una reflexi\u00f3n sensible sobre el\u00a0<\/span><span style=\"font-family: arial, helvetica, sans-serif; font-size: 1rem;\">otro y sobre las maneras en que construimos identidad colectiva por\u00a0<\/span><span style=\"font-family: arial, helvetica, sans-serif; font-size: 1rem;\">medio del lenguaje.<\/span><\/p><p>\u00a0<\/p>\t\t\t\t\t\t\t\t<\/div>\n\t\t\t\t<\/div>\n\t\t\t\t\t<\/div>\n\t\t<\/div>\n\t\t\t\t\t<\/div>\n\t\t<\/section>\n\t\t\t\t<section class=\"elementor-section elementor-top-section elementor-element elementor-element-093d258 elementor-section-boxed elementor-section-height-default elementor-section-height-default\" data-id=\"093d258\" data-element_type=\"section\" data-e-type=\"section\">\n\t\t\t\t\t\t<div class=\"elementor-container elementor-column-gap-default\">\n\t\t\t\t\t<div class=\"elementor-column elementor-col-100 elementor-top-column elementor-element elementor-element-91a57bb\" data-id=\"91a57bb\" data-element_type=\"column\" data-e-type=\"column\">\n\t\t\t<div class=\"elementor-widget-wrap elementor-element-populated\">\n\t\t\t\t\t\t<div class=\"elementor-element elementor-element-c72fd29 elementor-widget elementor-widget-spacer\" data-id=\"c72fd29\" data-element_type=\"widget\" data-e-type=\"widget\" data-widget_type=\"spacer.default\">\n\t\t\t\t<div class=\"elementor-widget-container\">\n\t\t\t\t\t\t\t<div class=\"elementor-spacer\">\n\t\t\t<div class=\"elementor-spacer-inner\"><\/div>\n\t\t<\/div>\n\t\t\t\t\t\t<\/div>\n\t\t\t\t<\/div>\n\t\t\t\t\t<\/div>\n\t\t<\/div>\n\t\t\t\t\t<\/div>\n\t\t<\/section>\n\t\t\t\t<section class=\"elementor-section elementor-top-section elementor-element elementor-element-e0ec36e elementor-section-boxed elementor-section-height-default elementor-section-height-default\" data-id=\"e0ec36e\" data-element_type=\"section\" data-e-type=\"section\">\n\t\t\t\t\t\t<div class=\"elementor-container elementor-column-gap-default\">\n\t\t\t\t\t<div class=\"elementor-column elementor-col-50 elementor-top-column elementor-element elementor-element-0d4773c\" data-id=\"0d4773c\" data-element_type=\"column\" data-e-type=\"column\">\n\t\t\t<div class=\"elementor-widget-wrap elementor-element-populated\">\n\t\t\t\t\t\t<div class=\"elementor-element elementor-element-16ddd44 elementor-widget elementor-widget-image\" data-id=\"16ddd44\" data-element_type=\"widget\" data-e-type=\"widget\" data-widget_type=\"image.default\">\n\t\t\t\t<div class=\"elementor-widget-container\">\n\t\t\t\t\t\t\t\t\t\t\t\t\t\t\t\t<a href=\"https:\/\/juanfelipecordobaart.com\/index.php\/elementor-1538\/\">\n\t\t\t\t\t\t\t<img fetchpriority=\"high\" decoding=\"async\" width=\"721\" height=\"1024\" src=\"https:\/\/juanfelipecordobaart.com\/wp-content\/uploads\/2026\/01\/escarmiento-721x1024.jpg\" class=\"attachment-large size-large wp-image-1509\" alt=\"\" srcset=\"https:\/\/juanfelipecordobaart.com\/wp-content\/uploads\/2026\/01\/escarmiento-721x1024.jpg 721w, https:\/\/juanfelipecordobaart.com\/wp-content\/uploads\/2026\/01\/escarmiento-211x300.jpg 211w, https:\/\/juanfelipecordobaart.com\/wp-content\/uploads\/2026\/01\/escarmiento-768x1090.jpg 768w, https:\/\/juanfelipecordobaart.com\/wp-content\/uploads\/2026\/01\/escarmiento-1082x1536.jpg 1082w, https:\/\/juanfelipecordobaart.com\/wp-content\/uploads\/2026\/01\/escarmiento-1443x2048.jpg 1443w, https:\/\/juanfelipecordobaart.com\/wp-content\/uploads\/2026\/01\/escarmiento-600x852.jpg 600w, https:\/\/juanfelipecordobaart.com\/wp-content\/uploads\/2026\/01\/escarmiento-scaled.jpg 1803w\" sizes=\"(max-width: 721px) 100vw, 721px\" \/>\t\t\t\t\t\t\t\t<\/a>\n\t\t\t\t\t\t\t\t\t\t\t\t\t\t\t<\/div>\n\t\t\t\t<\/div>\n\t\t\t\t\t<\/div>\n\t\t<\/div>\n\t\t\t\t<div class=\"elementor-column elementor-col-50 elementor-top-column elementor-element elementor-element-6b53b16\" data-id=\"6b53b16\" data-element_type=\"column\" data-e-type=\"column\">\n\t\t\t<div class=\"elementor-widget-wrap elementor-element-populated\">\n\t\t\t\t\t\t<div class=\"elementor-element elementor-element-50666d6 elementor-widget elementor-widget-image\" data-id=\"50666d6\" data-element_type=\"widget\" data-e-type=\"widget\" data-widget_type=\"image.default\">\n\t\t\t\t<div class=\"elementor-widget-container\">\n\t\t\t\t\t\t\t\t\t\t\t\t\t\t\t\t<a href=\"http:\/\/juanfelipecordobaart.com\/index.php\/elementor-1069\/\">\n\t\t\t\t\t\t\t<img decoding=\"async\" width=\"721\" height=\"1024\" src=\"https:\/\/juanfelipecordobaart.com\/wp-content\/uploads\/2026\/01\/intromision-721x1024.jpg\" class=\"attachment-large size-large wp-image-1510\" alt=\"\" srcset=\"https:\/\/juanfelipecordobaart.com\/wp-content\/uploads\/2026\/01\/intromision-721x1024.jpg 721w, https:\/\/juanfelipecordobaart.com\/wp-content\/uploads\/2026\/01\/intromision-211x300.jpg 211w, https:\/\/juanfelipecordobaart.com\/wp-content\/uploads\/2026\/01\/intromision-768x1090.jpg 768w, https:\/\/juanfelipecordobaart.com\/wp-content\/uploads\/2026\/01\/intromision-1082x1536.jpg 1082w, https:\/\/juanfelipecordobaart.com\/wp-content\/uploads\/2026\/01\/intromision-1443x2048.jpg 1443w, https:\/\/juanfelipecordobaart.com\/wp-content\/uploads\/2026\/01\/intromision-600x852.jpg 600w, https:\/\/juanfelipecordobaart.com\/wp-content\/uploads\/2026\/01\/intromision-scaled.jpg 1803w\" sizes=\"(max-width: 721px) 100vw, 721px\" \/>\t\t\t\t\t\t\t\t<\/a>\n\t\t\t\t\t\t\t\t\t\t\t\t\t\t\t<\/div>\n\t\t\t\t<\/div>\n\t\t\t\t\t<\/div>\n\t\t<\/div>\n\t\t\t\t\t<\/div>\n\t\t<\/section>\n\t\t\t\t<section class=\"elementor-section elementor-top-section elementor-element elementor-element-12873ca elementor-section-boxed elementor-section-height-default elementor-section-height-default\" data-id=\"12873ca\" data-element_type=\"section\" data-e-type=\"section\">\n\t\t\t\t\t\t<div class=\"elementor-container elementor-column-gap-default\">\n\t\t\t\t\t<div class=\"elementor-column elementor-col-50 elementor-top-column elementor-element elementor-element-45a76c0\" data-id=\"45a76c0\" data-element_type=\"column\" data-e-type=\"column\">\n\t\t\t<div class=\"elementor-widget-wrap elementor-element-populated\">\n\t\t\t\t\t\t<div class=\"elementor-element elementor-element-620380c elementor-widget elementor-widget-image\" data-id=\"620380c\" data-element_type=\"widget\" data-e-type=\"widget\" data-widget_type=\"image.default\">\n\t\t\t\t<div class=\"elementor-widget-container\">\n\t\t\t\t\t\t\t\t\t\t\t\t\t\t\t\t<a href=\"https:\/\/juanfelipecordobaart.com\/index.php\/elementor-1547\/\">\n\t\t\t\t\t\t\t<img decoding=\"async\" width=\"721\" height=\"1024\" src=\"https:\/\/juanfelipecordobaart.com\/wp-content\/uploads\/2026\/01\/ANTROPOZOOMORFICOS-REGISTRO-copia-721x1024.jpg\" class=\"attachment-large size-large wp-image-1508\" alt=\"\" srcset=\"https:\/\/juanfelipecordobaart.com\/wp-content\/uploads\/2026\/01\/ANTROPOZOOMORFICOS-REGISTRO-copia-721x1024.jpg 721w, https:\/\/juanfelipecordobaart.com\/wp-content\/uploads\/2026\/01\/ANTROPOZOOMORFICOS-REGISTRO-copia-211x300.jpg 211w, https:\/\/juanfelipecordobaart.com\/wp-content\/uploads\/2026\/01\/ANTROPOZOOMORFICOS-REGISTRO-copia-768x1090.jpg 768w, https:\/\/juanfelipecordobaart.com\/wp-content\/uploads\/2026\/01\/ANTROPOZOOMORFICOS-REGISTRO-copia-1082x1536.jpg 1082w, https:\/\/juanfelipecordobaart.com\/wp-content\/uploads\/2026\/01\/ANTROPOZOOMORFICOS-REGISTRO-copia-1443x2048.jpg 1443w, https:\/\/juanfelipecordobaart.com\/wp-content\/uploads\/2026\/01\/ANTROPOZOOMORFICOS-REGISTRO-copia-600x852.jpg 600w, https:\/\/juanfelipecordobaart.com\/wp-content\/uploads\/2026\/01\/ANTROPOZOOMORFICOS-REGISTRO-copia-scaled.jpg 1803w\" sizes=\"(max-width: 721px) 100vw, 721px\" \/>\t\t\t\t\t\t\t\t<\/a>\n\t\t\t\t\t\t\t\t\t\t\t\t\t\t\t<\/div>\n\t\t\t\t<\/div>\n\t\t\t\t\t<\/div>\n\t\t<\/div>\n\t\t\t\t<div class=\"elementor-column elementor-col-50 elementor-top-column elementor-element elementor-element-1b271a0\" data-id=\"1b271a0\" data-element_type=\"column\" data-e-type=\"column\">\n\t\t\t<div class=\"elementor-widget-wrap elementor-element-populated\">\n\t\t\t\t\t\t<div class=\"elementor-element elementor-element-bd48bdb elementor-widget elementor-widget-image\" data-id=\"bd48bdb\" data-element_type=\"widget\" data-e-type=\"widget\" data-widget_type=\"image.default\">\n\t\t\t\t<div class=\"elementor-widget-container\">\n\t\t\t\t\t\t\t\t\t\t\t\t\t\t\t\t<a href=\"https:\/\/juanfelipecordobaart.com\/index.php\/elementor-1122\/\">\n\t\t\t\t\t\t\t<img loading=\"lazy\" decoding=\"async\" width=\"721\" height=\"1024\" src=\"https:\/\/juanfelipecordobaart.com\/wp-content\/uploads\/2026\/01\/adulacion-721x1024.jpg\" class=\"attachment-large size-large wp-image-1507\" alt=\"\" srcset=\"https:\/\/juanfelipecordobaart.com\/wp-content\/uploads\/2026\/01\/adulacion-721x1024.jpg 721w, https:\/\/juanfelipecordobaart.com\/wp-content\/uploads\/2026\/01\/adulacion-211x300.jpg 211w, https:\/\/juanfelipecordobaart.com\/wp-content\/uploads\/2026\/01\/adulacion-768x1090.jpg 768w, https:\/\/juanfelipecordobaart.com\/wp-content\/uploads\/2026\/01\/adulacion-1082x1536.jpg 1082w, https:\/\/juanfelipecordobaart.com\/wp-content\/uploads\/2026\/01\/adulacion-1443x2048.jpg 1443w, https:\/\/juanfelipecordobaart.com\/wp-content\/uploads\/2026\/01\/adulacion-600x852.jpg 600w, https:\/\/juanfelipecordobaart.com\/wp-content\/uploads\/2026\/01\/adulacion-scaled.jpg 1803w\" sizes=\"(max-width: 721px) 100vw, 721px\" \/>\t\t\t\t\t\t\t\t<\/a>\n\t\t\t\t\t\t\t\t\t\t\t\t\t\t\t<\/div>\n\t\t\t\t<\/div>\n\t\t\t\t\t<\/div>\n\t\t<\/div>\n\t\t\t\t\t<\/div>\n\t\t<\/section>\n\t\t\t\t<\/div>\n\t\t","protected":false},"excerpt":{"rendered":"<p>Antropozoom\u00f3rficos El concepto de lo antropozoom\u00f3rfico atraviesa m\u00faltiples\u00a0manifestaciones del arte precolombino, especialmente en culturas\u00a0como la Tumaco, donde la figura humana se fusionaba con cualidades\u00a0espirituales de los animales para expresar creencias, mitos y formas de\u00a0comprender la relaci\u00f3n con la naturaleza. Estas im\u00e1genes expresadas\u00a0por medio de artefactos escult\u00f3ricos no solo registraban un presente\u00a0simb\u00f3lico, sino que configuraban una [&hellip;]<\/p>\n","protected":false},"author":1,"featured_media":0,"parent":0,"menu_order":0,"comment_status":"closed","ping_status":"closed","template":"","meta":{"footnotes":""},"class_list":["post-1040","page","type-page","status-publish","hentry"],"_links":{"self":[{"href":"https:\/\/juanfelipecordobaart.com\/index.php\/wp-json\/wp\/v2\/pages\/1040","targetHints":{"allow":["GET"]}}],"collection":[{"href":"https:\/\/juanfelipecordobaart.com\/index.php\/wp-json\/wp\/v2\/pages"}],"about":[{"href":"https:\/\/juanfelipecordobaart.com\/index.php\/wp-json\/wp\/v2\/types\/page"}],"author":[{"embeddable":true,"href":"https:\/\/juanfelipecordobaart.com\/index.php\/wp-json\/wp\/v2\/users\/1"}],"replies":[{"embeddable":true,"href":"https:\/\/juanfelipecordobaart.com\/index.php\/wp-json\/wp\/v2\/comments?post=1040"}],"version-history":[{"count":84,"href":"https:\/\/juanfelipecordobaart.com\/index.php\/wp-json\/wp\/v2\/pages\/1040\/revisions"}],"predecessor-version":[{"id":1723,"href":"https:\/\/juanfelipecordobaart.com\/index.php\/wp-json\/wp\/v2\/pages\/1040\/revisions\/1723"}],"wp:attachment":[{"href":"https:\/\/juanfelipecordobaart.com\/index.php\/wp-json\/wp\/v2\/media?parent=1040"}],"curies":[{"name":"wp","href":"https:\/\/api.w.org\/{rel}","templated":true}]}}